{"id":15965,"date":"2021-02-21T14:25:46","date_gmt":"2021-02-21T14:25:46","guid":{"rendered":"https:\/\/www.autonvaraosahaku.fi\/?product=hiflofiltro-hf303-oljynsuodatin"},"modified":"2021-02-21T14:25:47","modified_gmt":"2021-02-21T14:25:47","slug":"hiflofiltro-hf303-oljynsuodatin","status":"publish","type":"product","link":"https:\/\/www.autonvaraosahaku.fi\/?product=hiflofiltro-hf303-oljynsuodatin","title":{"rendered":"HifloFiltro HF303 \u00d6ljynsuodatin"},"content":{"rendered":"<p>Suodatintyyppi: Ruuvattava suodatin; Kopan l\u00e4pimitta (mm): 65; Avauspaine ohitusventtiili [bar]: 1,0; Korkeus (mm): 73; V\u00e4ri: Musta; Valmistusvuosi alkaen: 01\/1991; 15410MCJ000, 15410MCJ003, 15410MCJ505, 15410MFJD01, 160971072<\/p>\n","protected":false},"excerpt":{"rendered":"<p>HifloFiltro \u00d6ljynsuodatin HF303<\/p>\n","protected":false},"featured_media":0,"template":"","meta":{"site-sidebar-layout":"default","site-content-layout":"default","ast-global-header-display":"","ast-main-header-display":"","ast-hfb-above-header-display":"","ast-hfb-below-header-display":"","ast-hfb-mobile-header-display":"","site-post-title":"","ast-breadcrumbs-content":"","ast-featured-img":"","footer-sml-layout":"","theme-transparent-header-meta":"","adv-header-id-meta":"","stick-header-meta":"","header-above-stick-meta":"","header-main-stick-meta":"","header-below-stick-meta":""},"pwb-brand":[389],"product_cat":[30],"product_tag":[],"class_list":{"0":"post-15965","1":"product","2":"type-product","3":"status-publish","5":"pwb-brand-hiflofiltro","6":"product_cat-oljynsuodatin","7":"desktop-align-left","8":"tablet-align-left","9":"mobile-align-left","11":"first","12":"instock","13":"product-type-external"},"brands":[{"id":389,"name":"HifloFiltro","slug":"hiflofiltro"}],"_links":{"self":[{"href":"https:\/\/www.autonvaraosahaku.fi\/index.php?rest_route=\/wp\/v2\/product\/15965","targetHints":{"allow":["GET"]}}],"collection":[{"href":"https:\/\/www.autonvaraosahaku.fi\/index.php?rest_route=\/wp\/v2\/product"}],"about":[{"href":"https:\/\/www.autonvaraosahaku.fi\/index.php?rest_route=\/wp\/v2\/types\/product"}],"wp:attachment":[{"href":"https:\/\/www.autonvaraosahaku.fi\/index.php?rest_route=%2Fwp%2Fv2%2Fmedia&parent=15965"}],"wp:term":[{"taxonomy":"pwb-brand","embeddable":true,"href":"https:\/\/www.autonvaraosahaku.fi\/index.php?rest_route=%2Fwp%2Fv2%2Fpwb-brand&post=15965"},{"taxonomy":"product_cat","embeddable":true,"href":"https:\/\/www.autonvaraosahaku.fi\/index.php?rest_route=%2Fwp%2Fv2%2Fproduct_cat&post=15965"},{"taxonomy":"product_tag","embeddable":true,"href":"https:\/\/www.autonvaraosahaku.fi\/index.php?rest_route=%2Fwp%2Fv2%2Fproduct_tag&post=15965"}],"curies":[{"name":"wp","href":"https:\/\/api.w.org\/{rel}","templated":true}]}}