{"id":15974,"date":"2021-02-21T14:25:46","date_gmt":"2021-02-21T14:25:46","guid":{"rendered":"https:\/\/www.autonvaraosahaku.fi\/?product=as-pl-a3037pr-laturi"},"modified":"2021-02-21T14:25:49","modified_gmt":"2021-02-21T14:25:49","slug":"as-pl-a3037pr-laturi","status":"publish","type":"product","link":"https:\/\/www.autonvaraosahaku.fi\/?product=as-pl-a3037pr-laturi","title":{"rendered":"AS-PL A3037PR Laturi"},"content":{"rendered":"<p>Pituus 1 (mm): 32,50; Pituus 2 (mm): 14,00; Pituus 3 [mm]: 61,00; J\u00e4nnite (V): 12; Laturi varausvirta (A): 125; Hihnapy\u00f6r\u00e4t: V\u00e4lihihnapy\u00f6r\u00e4ll\u00e4; Valmistusvuosi alkaen: 07\/1996; NISSAN: PRIMASTAR Bus X83,PRIMASTAR Kasten X83,INTERSTAR Kasten X70,KUBISTAR Kasten X80,INTERSTAR Bus X70,INTERSTAR Pritsche\/Fahrgestell,PRIMASTAR Pritsche\/Fahrgestell; OPEL: VIVARO Kasten F7,VIVARO Combi J7,MOVANO Kasten F9,MOVANO Combi J9,VIVARO Pritsche\/Fahrgestell E7,MOVANO Pritsche\/Fahrgestell U9, E9,MOVANO Kipper H9; VOLVO: V40 Kombi VW,S40 I VS; RENAULT: CLIO II BB0\/1\/2_, CB0\/1\/2_,LAGUNA II Grandtour KG0\/1_,MEGANE II Coup\u00e9-Cabriolet EM0\/1_,ESPACE III JE0_,LAGUNA II BG0\/1_,TRAFIC II Bus JL,MASTER II Kasten FD,TRAFIC II Kasten FL,KANGOO Express FC0\/1_,LAGUNA I B56_, 556_,LAGUNA I Grandtour K56_,MASTER II Pritsche\/Fahrgestell ED\/HD\/UD,VEL SATIS BJ0_,MASTER II Bus JD,AVANTIME DE0_,THALIA I LB0\/1\/2_,TRAFIC II Pritsche\/Fahrgestell EL; MITSUBISHI: SPACE STAR DG_A,CARISMA DA_,CARISMA Stufenheck DA_; VAUXHALL: VIVARO Kasten F7,MOVANO Mk I A Van FD,MOVANO Mk I A Combi JD,VIVARO Combi J7,VIVARO Pritsche\/Fahrgestell E7; DMX142083, M883626, M883627, M883627C, MW30620870, MW30620877, MW30638577, 2310000QA8, 2310000QAC, 2310000QAE, 2310000QAM, 2310000QBG, 4411314, 4419076, 93160664, 93161425, 93169265, 7700426849, 7711134313, 7711134316, 8200062583, 8200120417, 8200162474, 8200495302, 8200538407, 8200690199; Generaattori<\/p>\n","protected":false},"excerpt":{"rendered":"<p>AS-PL Laturi Brand new AS-PL Starter motor 97VB11000AA A3037PR Generaattori NISSAN,OPEL,VOLVO,PRIMASTAR Bus X83,PRIMASTAR Kasten X83<\/p>\n","protected":false},"featured_media":0,"template":"","meta":{"site-sidebar-layout":"default","site-content-layout":"default","ast-global-header-display":"","ast-main-header-display":"","ast-hfb-above-header-display":"","ast-hfb-below-header-display":"","ast-hfb-mobile-header-display":"","site-post-title":"","ast-breadcrumbs-content":"","ast-featured-img":"","footer-sml-layout":"","theme-transparent-header-meta":"","adv-header-id-meta":"","stick-header-meta":"","header-above-stick-meta":"","header-main-stick-meta":"","header-below-stick-meta":""},"pwb-brand":[347],"product_cat":[357],"product_tag":[],"class_list":{"0":"post-15974","1":"product","2":"type-product","3":"status-publish","5":"pwb-brand-as-pl","6":"product_cat-laturi","7":"desktop-align-left","8":"tablet-align-left","9":"mobile-align-left","11":"first","12":"instock","13":"product-type-external"},"brands":[{"id":347,"name":"AS-PL","slug":"as-pl"}],"_links":{"self":[{"href":"https:\/\/www.autonvaraosahaku.fi\/index.php?rest_route=\/wp\/v2\/product\/15974","targetHints":{"allow":["GET"]}}],"collection":[{"href":"https:\/\/www.autonvaraosahaku.fi\/index.php?rest_route=\/wp\/v2\/product"}],"about":[{"href":"https:\/\/www.autonvaraosahaku.fi\/index.php?rest_route=\/wp\/v2\/types\/product"}],"wp:attachment":[{"href":"https:\/\/www.autonvaraosahaku.fi\/index.php?rest_route=%2Fwp%2Fv2%2Fmedia&parent=15974"}],"wp:term":[{"taxonomy":"pwb-brand","embeddable":true,"href":"https:\/\/www.autonvaraosahaku.fi\/index.php?rest_route=%2Fwp%2Fv2%2Fpwb-brand&post=15974"},{"taxonomy":"product_cat","embeddable":true,"href":"https:\/\/www.autonvaraosahaku.fi\/index.php?rest_route=%2Fwp%2Fv2%2Fproduct_cat&post=15974"},{"taxonomy":"product_tag","embeddable":true,"href":"https:\/\/www.autonvaraosahaku.fi\/index.php?rest_route=%2Fwp%2Fv2%2Fproduct_tag&post=15974"}],"curies":[{"name":"wp","href":"https:\/\/api.w.org\/{rel}","templated":true}]}}