{"id":15977,"date":"2021-02-21T14:25:46","date_gmt":"2021-02-21T14:25:46","guid":{"rendered":"https:\/\/www.autonvaraosahaku.fi\/?product=ackoja-a53-0068-kierretulppa"},"modified":"2021-02-21T14:25:49","modified_gmt":"2021-02-21T14:25:49","slug":"ackoja-a53-0068-kierretulppa","status":"publish","type":"product","link":"https:\/\/www.autonvaraosahaku.fi\/?product=ackoja-a53-0068-kierretulppa","title":{"rendered":"ACKOJA A53-0068 Kierretulppa"},"content":{"rendered":"<p>Sis\u00e4l\u00e4pimitta [mm]: 14; Paksuus [mm]: 2; Materiaali: Alumiini; Ulkol\u00e4pimitta [mm]: 22; Pakkausleveys [cm]: 2,2; Pakkauskorkeus [mm]: 0,2; Pakkaussyvyys [cm]: 2,2, 2,2; Moottorinumero: D14Z1; HONDA: CIVIC VIII Hatchback FN, FK,JAZZ II GD,CR-V III RE,CIVIC VII Hatchback EU, EP, EV,JAZZ III GE,CR-V II RD_,ACCORD VII CL,CIVIC VI Hatchback EJ, EK,FR-V BE,CR-V IV RE,ACCORD VIII CU,ACCORD VII Tourer CM,ACCORD VI CG, CK,CIVIC IX FK,ACCORD VIII Kombi,CIVIC VI Fastback MA, MB,CRX III EH, EG,LOGO GA3,CIVIC VI Aerodeck MB, MC,STREAM RN,CR-V I RD,HR-V GH,CRX II ED, EE,CIVIC V Hatchback EG,PRELUDE V BB,CIVIC VII Coupe EM2,ACCORD VI Hatchback CH,CIVIC VIII Stufenheck FD, FA,ACCORD VI Coupe CG,JAZZ Stufenheck,INSIGHT ZE_,CIVIC IV Hatchback EC, ED, EE,ACCORD V CE, CF,CIVIC VI Stufenheck EJ, EK,CR-Z ZF1,PRELUDE IV BB,CIVIC VI Coupe EJ, EM1,SHUTTLE RA,INTEGRA Coupe DC2, DC4,CIVIC V Coupe EJ,CIVIC VII Stufenheck ES,PRELUDE III BA,ACCORD IV CB,CIVIC V Stufenheck EG, EH,ACCORD V Aerodeck CE,ACCORD V CC, CD,LEGEND III KA9,ACCORD V Coupe CD,ODYSSEY RL3, RL4 US,CONCERTO HW,LEGEND IV KB_,CIVIC IV Stufenheck ED,CRX I AF, AS,PRELUDE II AB,ACCORD III CA,LEGEND II Coupe KA8,STR; LAND ROVER: FREELANDER LN,FREELANDER Soft Top,DISCOVERY I LJ, LG; ROVER: 75 RJ,75 Tourer RJ,25 RF,200 RF,45 Stufenheck RT,600 RH,45 RT,400 RT,CABRIOLET XW,400 Hatchback RT,STREETWISE,800 XS,200 Hatchback XW,200 Coupe XW,800 Hatchback XS,400 Tourer XW,200 XH,800 Coupe,CITYROVER,100 \/ METRO XP,400 XW,100 Cabriolet XP,MONTEGO Estate XE,COUPE,MONTEGO; MG: MGF RD,MG TF,MG ZR,MG ZT- T,MG ZS,MG ZT,MG ZS Hatchback,MAESTRO,MG 6 Schr\u00e4gheck,EXPRESS Kasten; ACURA: MDX YD2,TSX CL_,RL,NSX,MDX YD3,RSX Coupe DC_; CATERHAM: SEVEN CF,21; MORGAN: PLUS FOUR; LOTUS: ELISE; 3600377, 90402P5TG00, 90476512000, 9410914000, 2151321000, 2151323000, 2151323001, 4528236000, 2151321000, 2151323000, 2151323001, 995641400, K995641400, M995641400, ALU1403L, 0916814012, 0916814012A00, 0916814015, 0916814015000, 09168M14015, 09168M14015000, 11519M60M00, 11519M60M00000, M916814000, M916814000000; Tiiviste, \u00d6ljynlaskutulppa<\/p>\n","protected":false},"excerpt":{"rendered":"<p>ACKOJA \u00d6ljytulpan Tiiviste Original ACKOJA Quality A53-0068 Tiiviste, \u00d6ljynlaskutulppa HONDA,LAND ROVER,ROVER,CIVIC VIII Hatchback FN, FK,JAZZ II GD<\/p>\n","protected":false},"featured_media":0,"template":"","meta":{"site-sidebar-layout":"default","site-content-layout":"default","ast-global-header-display":"","ast-main-header-display":"","ast-hfb-above-header-display":"","ast-hfb-below-header-display":"","ast-hfb-mobile-header-display":"","site-post-title":"","ast-breadcrumbs-content":"","ast-featured-img":"","footer-sml-layout":"","theme-transparent-header-meta":"","adv-header-id-meta":"","stick-header-meta":"","header-above-stick-meta":"","header-main-stick-meta":"","header-below-stick-meta":""},"pwb-brand":[386],"product_cat":[40],"product_tag":[],"class_list":{"0":"post-15977","1":"product","2":"type-product","3":"status-publish","5":"pwb-brand-ackoja","6":"product_cat-kierretulppa","7":"desktop-align-left","8":"tablet-align-left","9":"mobile-align-left","11":"first","12":"instock","13":"product-type-external"},"brands":[{"id":386,"name":"ACKOJA","slug":"ackoja"}],"_links":{"self":[{"href":"https:\/\/www.autonvaraosahaku.fi\/index.php?rest_route=\/wp\/v2\/product\/15977","targetHints":{"allow":["GET"]}}],"collection":[{"href":"https:\/\/www.autonvaraosahaku.fi\/index.php?rest_route=\/wp\/v2\/product"}],"about":[{"href":"https:\/\/www.autonvaraosahaku.fi\/index.php?rest_route=\/wp\/v2\/types\/product"}],"wp:attachment":[{"href":"https:\/\/www.autonvaraosahaku.fi\/index.php?rest_route=%2Fwp%2Fv2%2Fmedia&parent=15977"}],"wp:term":[{"taxonomy":"pwb-brand","embeddable":true,"href":"https:\/\/www.autonvaraosahaku.fi\/index.php?rest_route=%2Fwp%2Fv2%2Fpwb-brand&post=15977"},{"taxonomy":"product_cat","embeddable":true,"href":"https:\/\/www.autonvaraosahaku.fi\/index.php?rest_route=%2Fwp%2Fv2%2Fproduct_cat&post=15977"},{"taxonomy":"product_tag","embeddable":true,"href":"https:\/\/www.autonvaraosahaku.fi\/index.php?rest_route=%2Fwp%2Fv2%2Fproduct_tag&post=15977"}],"curies":[{"name":"wp","href":"https:\/\/api.w.org\/{rel}","templated":true}]}}