{"id":15978,"date":"2021-02-21T14:25:46","date_gmt":"2021-02-21T14:25:46","guid":{"rendered":"https:\/\/www.autonvaraosahaku.fi\/?product=ackoja-a38-9593-pyoranpultit"},"modified":"2021-02-21T14:25:49","modified_gmt":"2021-02-21T14:25:49","slug":"ackoja-a38-9593-pyoranpultit","status":"publish","type":"product","link":"https:\/\/www.autonvaraosahaku.fi\/?product=ackoja-a38-9593-pyoranpultit","title":{"rendered":"ACKOJA A38-9593 Py\u00f6r\u00e4npultit"},"content":{"rendered":"<p>Pituus (mm): 51; Kierremitta: M12 x 1,5 mm; Py\u00f6r\u00e4n kiinnitys: Kartiolaippa F; Pakkausleveys [cm]: 2,3; Pakkauskorkeus [mm]: 5,28; Pakkaussyvyys [cm]: 2,3, 2,3; Moottorinumero: C1E756; NISSAN: MICRA III K12,NOTE E11,MICRA C+C K12; RENAULT: TWINGO I C06_,CLIO II BB0\/1\/2_, CB0\/1\/2_,CLIO III BR0\/1, CR0\/1,KANGOO KC0\/1_,SC\u00c9NIC I JA0\/1_,MEGANE Scenic JA0\/1_,MEGANE I BA0\/1_,KANGOO Express FC0\/1_,LAGUNA I B56_, 556_,CLIO I B\/C57_, 5\/357_,LAGUNA I Grandtour K56_,TWINGO I Kasten S06_,MEGANE I Classic LA0\/1_,MEGANE I Coach DA0\/1_,CLIO II Kasten SB0\/1\/2_,19 II B\/C53_,19 II Cabriolet D53_, 853_,SUPER 5 B\/C40_,RAPID Kasten F40_, G40_,19 I B\/C53_,SAFRANE I B54_,19 II Chamade L53_,ESPACE I J11_,21 Stufenheck L48_,19 I Chamade L53_,THALIA I LB0\/1\/2_,19 I Cabriolet D53_,21 Kombi K48_,21 B48_,19 II Kasten S53_,LOGAN I LS_,19 I Kasten S53_,THALIA II LU1\/2_,21 Kasten S48_,EXPRESS Pick-up,RAPID; 40222BC40A, 4025400QAB, 7700437514, 7700668275, 8200030701; Py\u00f6r\u00e4nruuvi<\/p>\n","protected":false},"excerpt":{"rendered":"<p>ACKOJA Py\u00f6r\u00e4npultit Original ACKOJA Quality A38-9593 Py\u00f6r\u00e4nruuvi NISSAN,RENAULT,MICRA III K12,NOTE E11,MICRA C+C K12,TWINGO I C06_<\/p>\n","protected":false},"featured_media":0,"template":"","meta":{"site-sidebar-layout":"default","site-content-layout":"default","ast-global-header-display":"","ast-main-header-display":"","ast-hfb-above-header-display":"","ast-hfb-below-header-display":"","ast-hfb-mobile-header-display":"","site-post-title":"","ast-breadcrumbs-content":"","ast-featured-img":"","footer-sml-layout":"","theme-transparent-header-meta":"","adv-header-id-meta":"","stick-header-meta":"","header-above-stick-meta":"","header-main-stick-meta":"","header-below-stick-meta":""},"pwb-brand":[386],"product_cat":[51],"product_tag":[],"class_list":{"0":"post-15978","1":"product","2":"type-product","3":"status-publish","5":"pwb-brand-ackoja","6":"product_cat-pyoranpultit","7":"desktop-align-left","8":"tablet-align-left","9":"mobile-align-left","11":"first","12":"instock","13":"product-type-external"},"brands":[{"id":386,"name":"ACKOJA","slug":"ackoja"}],"_links":{"self":[{"href":"https:\/\/www.autonvaraosahaku.fi\/index.php?rest_route=\/wp\/v2\/product\/15978","targetHints":{"allow":["GET"]}}],"collection":[{"href":"https:\/\/www.autonvaraosahaku.fi\/index.php?rest_route=\/wp\/v2\/product"}],"about":[{"href":"https:\/\/www.autonvaraosahaku.fi\/index.php?rest_route=\/wp\/v2\/types\/product"}],"wp:attachment":[{"href":"https:\/\/www.autonvaraosahaku.fi\/index.php?rest_route=%2Fwp%2Fv2%2Fmedia&parent=15978"}],"wp:term":[{"taxonomy":"pwb-brand","embeddable":true,"href":"https:\/\/www.autonvaraosahaku.fi\/index.php?rest_route=%2Fwp%2Fv2%2Fpwb-brand&post=15978"},{"taxonomy":"product_cat","embeddable":true,"href":"https:\/\/www.autonvaraosahaku.fi\/index.php?rest_route=%2Fwp%2Fv2%2Fproduct_cat&post=15978"},{"taxonomy":"product_tag","embeddable":true,"href":"https:\/\/www.autonvaraosahaku.fi\/index.php?rest_route=%2Fwp%2Fv2%2Fproduct_tag&post=15978"}],"curies":[{"name":"wp","href":"https:\/\/api.w.org\/{rel}","templated":true}]}}