{"id":15979,"date":"2021-02-21T14:25:50","date_gmt":"2021-02-21T14:25:50","guid":{"rendered":"https:\/\/www.autonvaraosahaku.fi\/?product=ackoja-a38-0181-pyoranpultit"},"modified":"2021-02-21T14:25:51","modified_gmt":"2021-02-21T14:25:51","slug":"ackoja-a38-0181-pyoranpultit","status":"publish","type":"product","link":"https:\/\/www.autonvaraosahaku.fi\/?product=ackoja-a38-0181-pyoranpultit","title":{"rendered":"ACKOJA A38-0181 Py\u00f6r\u00e4npultit"},"content":{"rendered":"<p>Avainv\u00e4li: 21; Asennuspuoli: Taka-akseli, Etuakseli; Sis\u00e4kierre (mm): M12 x 1,25; Ruuvikanta\/mutteriprofiili: Kuusioruuvi \/-mutteri; Pakkausleveys [cm]: 2,327; Pakkauskorkeus [mm]: 1,619; Pakkaussyvyys [cm]: 2,327, 2,327; Tarvittava kappalem\u00e4\u00e4r\u00e4: 24; NISSAN: QASHQAI \/ QASHQAI +2 J10, JJ10,X-TRAIL T30,MICRA II K11,ALMERA TINO V10,ALMERA II Hatchback N16,NAVARA D40,JUKE F15,PATHFINDER R51,X-TRAIL T31,PRIMERA P11,PRIMERA Kombi WP12,PRIMERA P12,TERRANO II R20,PRIMERA Traveller WP11,350 Z Z33,PRIMERA Hatchback P11,MURANO Z50,NAVARA Pritsche\/Fahrgestell D40,PRIMERA Hatchback P12,PATROL GR II Wagon Y61,TIIDA Schr\u00e4gheck,ALMERA I Hatchback N15,MURANO Z51,PICK UP D22,NAVARA D22,PATHFINDER R50,ALMERA Mk II N16,MICRA I K10,ALMERA I N15,PICK UP D21,100 NX B13,SERENA C23M,200 SX S14,PATROL GR I Y60, GR,PRIMERA P10,350 Z Roadster Z33,MAXIMA QX A33,280 ZX,ZXT HGS130,PATROL Hardtop K160,MAXIMA QX A32,300 ZX Z31,TIIDA Stufenheck SC11X,SUNNY II Coupe B12,SUNNY III N14,PULSAR V Schr\u00e4gheck N14,SUNNY III Liftback N14,PRIMERA Hatchback P10,PRIMERA Traveller W10,NAVARA Pritsche\/Fahrgestell D22,PATROL Station Wagon W160,SUNNY II Hatchback N13,NAVARA Pick-up D21,BLUEBIRD T72 , T12,LAUREL JC32,SUNNY III Traveller Y10,BLUEBIRD Hatchba; SMART: FORFOUR 454; 4022421000, 4022421001, 4022499501, 40224EJ20A, 40224G9501, 40224G9551, 40224P05G0, 40224ZE73A, 4022521001, D0224G9551, 4544020072, A4544020072; Py\u00f6r\u00e4n Mutteri<\/p>\n","protected":false},"excerpt":{"rendered":"<p>ACKOJA Py\u00f6r\u00e4nmutterit Original ACKOJA Quality A38-0181 Py\u00f6r\u00e4n Mutteri NISSAN,SMART,QASHQAI \/ QASHQAI +2 J10, JJ10,X-TRAIL T30,MICRA II K11<\/p>\n","protected":false},"featured_media":0,"template":"","meta":{"site-sidebar-layout":"default","site-content-layout":"default","ast-global-header-display":"","ast-main-header-display":"","ast-hfb-above-header-display":"","ast-hfb-below-header-display":"","ast-hfb-mobile-header-display":"","site-post-title":"","ast-breadcrumbs-content":"","ast-featured-img":"","footer-sml-layout":"","theme-transparent-header-meta":"","adv-header-id-meta":"","stick-header-meta":"","header-above-stick-meta":"","header-main-stick-meta":"","header-below-stick-meta":""},"pwb-brand":[386],"product_cat":[51],"product_tag":[],"class_list":{"0":"post-15979","1":"product","2":"type-product","3":"status-publish","5":"pwb-brand-ackoja","6":"product_cat-pyoranpultit","7":"desktop-align-left","8":"tablet-align-left","9":"mobile-align-left","11":"first","12":"instock","13":"product-type-external"},"brands":[{"id":386,"name":"ACKOJA","slug":"ackoja"}],"_links":{"self":[{"href":"https:\/\/www.autonvaraosahaku.fi\/index.php?rest_route=\/wp\/v2\/product\/15979","targetHints":{"allow":["GET"]}}],"collection":[{"href":"https:\/\/www.autonvaraosahaku.fi\/index.php?rest_route=\/wp\/v2\/product"}],"about":[{"href":"https:\/\/www.autonvaraosahaku.fi\/index.php?rest_route=\/wp\/v2\/types\/product"}],"wp:attachment":[{"href":"https:\/\/www.autonvaraosahaku.fi\/index.php?rest_route=%2Fwp%2Fv2%2Fmedia&parent=15979"}],"wp:term":[{"taxonomy":"pwb-brand","embeddable":true,"href":"https:\/\/www.autonvaraosahaku.fi\/index.php?rest_route=%2Fwp%2Fv2%2Fpwb-brand&post=15979"},{"taxonomy":"product_cat","embeddable":true,"href":"https:\/\/www.autonvaraosahaku.fi\/index.php?rest_route=%2Fwp%2Fv2%2Fproduct_cat&post=15979"},{"taxonomy":"product_tag","embeddable":true,"href":"https:\/\/www.autonvaraosahaku.fi\/index.php?rest_route=%2Fwp%2Fv2%2Fproduct_tag&post=15979"}],"curies":[{"name":"wp","href":"https:\/\/api.w.org\/{rel}","templated":true}]}}