{"id":15983,"date":"2021-02-21T14:25:50","date_gmt":"2021-02-21T14:25:50","guid":{"rendered":"https:\/\/www.autonvaraosahaku.fi\/?product=mahle-original-ox-813-2d-oljynsuodatin"},"modified":"2021-02-21T14:25:51","modified_gmt":"2021-02-21T14:25:51","slug":"mahle-original-ox-813-2d-oljynsuodatin","status":"publish","type":"product","link":"https:\/\/www.autonvaraosahaku.fi\/?product=mahle-original-ox-813-2d-oljynsuodatin","title":{"rendered":"MAHLE ORIGINAL OX 813\/2D \u00d6ljynsuodatin"},"content":{"rendered":"<p>Suodatintyyppi: Suodatinpanos; Korkeus (mm): 133,6; Korkeus 1 (mm): 116,1; L\u00e4pimitta [mm]: 53,0; Sis\u00e4l\u00e4pimitta 1 [mm]: 20,0; L\u00e4pimitta 3 [mm]: 16,0; L\u00e4pimitta 4 [mm]: 10,8; Tiivisteen l\u00e4pimitta [mm]: 20,0; Uusittuun malliin (facelift): ; BMW: 5 Touring F11,5 F10, F18,1 F20,X3 F25,3 Touring F31,3 F30, F35, F80,1 F21,3 Gran Turismo F34,4 Coupe F32, F82,X5 F15, F85,2 Coupe F22,4 Cabriolet F33, F83,4 Gran Coupe F36,X4 F26,5 G30,2 Cabriolet F23,7 G11, G12,5 Touring G31,X3 G01,6 Gran Turismo G32; 11428575211, 8575211, 04152WAA01<\/p>\n","protected":false},"excerpt":{"rendered":"<p>MAHLE ORIGINAL \u00d6ljynsuodatin OX 813\/2D  BMW,5 Touring F11,5 F10, F18,1 F20,X3 F25,3 Touring F31,3 F30, F35, F80,1 F21,3 Gran Turismo F34<\/p>\n","protected":false},"featured_media":0,"template":"","meta":{"site-sidebar-layout":"default","site-content-layout":"default","ast-global-header-display":"","ast-main-header-display":"","ast-hfb-above-header-display":"","ast-hfb-below-header-display":"","ast-hfb-mobile-header-display":"","site-post-title":"","ast-breadcrumbs-content":"","ast-featured-img":"","footer-sml-layout":"","theme-transparent-header-meta":"","adv-header-id-meta":"","stick-header-meta":"","header-above-stick-meta":"","header-main-stick-meta":"","header-below-stick-meta":""},"pwb-brand":[153],"product_cat":[30],"product_tag":[],"class_list":{"0":"post-15983","1":"product","2":"type-product","3":"status-publish","5":"pwb-brand-mahle-original","6":"product_cat-oljynsuodatin","7":"desktop-align-left","8":"tablet-align-left","9":"mobile-align-left","11":"first","12":"instock","13":"product-type-external"},"brands":[{"id":153,"name":"MAHLE ORIGINAL","slug":"mahle-original"}],"_links":{"self":[{"href":"https:\/\/www.autonvaraosahaku.fi\/index.php?rest_route=\/wp\/v2\/product\/15983","targetHints":{"allow":["GET"]}}],"collection":[{"href":"https:\/\/www.autonvaraosahaku.fi\/index.php?rest_route=\/wp\/v2\/product"}],"about":[{"href":"https:\/\/www.autonvaraosahaku.fi\/index.php?rest_route=\/wp\/v2\/types\/product"}],"wp:attachment":[{"href":"https:\/\/www.autonvaraosahaku.fi\/index.php?rest_route=%2Fwp%2Fv2%2Fmedia&parent=15983"}],"wp:term":[{"taxonomy":"pwb-brand","embeddable":true,"href":"https:\/\/www.autonvaraosahaku.fi\/index.php?rest_route=%2Fwp%2Fv2%2Fpwb-brand&post=15983"},{"taxonomy":"product_cat","embeddable":true,"href":"https:\/\/www.autonvaraosahaku.fi\/index.php?rest_route=%2Fwp%2Fv2%2Fproduct_cat&post=15983"},{"taxonomy":"product_tag","embeddable":true,"href":"https:\/\/www.autonvaraosahaku.fi\/index.php?rest_route=%2Fwp%2Fv2%2Fproduct_tag&post=15983"}],"curies":[{"name":"wp","href":"https:\/\/api.w.org\/{rel}","templated":true}]}}