{"id":16004,"date":"2021-02-21T14:25:54","date_gmt":"2021-02-21T14:25:54","guid":{"rendered":"https:\/\/www.autonvaraosahaku.fi\/?product=ridex-3922l0253-lambda-anturi"},"modified":"2021-02-21T14:25:55","modified_gmt":"2021-02-21T14:25:55","slug":"ridex-3922l0253-lambda-anturi","status":"publish","type":"product","link":"https:\/\/www.autonvaraosahaku.fi\/?product=ridex-3922l0253-lambda-anturi","title":{"rendered":"RIDEX 3922L0253 Lambda anturi"},"content":{"rendered":"<p>Johtimien m\u00e4\u00e4r\u00e4: 4; Kokonaispituus (mm): 340; Lambdatunnistin: Diagnosesonde; OPEL: CORSA C F08, F68,ZAFIRA B A05,ASTRA H Caravan L35,MERIVA,ZAFIRA A F75_,ASTRA G CC F48_, F08_,ASTRA H L48,ASTRA G Caravan F35_,VECTRA C Caravan,ASTRA H GTC L08,SIGNUM,VECTRA C,VECTRA B 36_,VECTRA C GTS,TIGRA TwinTop,VECTRA B Caravan 31_,ASTRA H TwinTop L67,ASTRA G Cabriolet F67,ASTRA G Coupe F07_,ASTRA G Stufenheck F69_,ZAFIRA B Van,VECTRA B CC 38_,ASTRA H Stufenheck L69,ASTRA CLASSIC Caravan,ASTRA CLASSIC L48,ASTRA CLASSIC Stufenheck; SAAB: 9-3 YS3F,9-3 Kombi YS3F; FIAT: CROMA 194; VAUXHALL: ZAFIRA Mk II B M75,ASTRA Mk V H CC,VECTRA Mk II C CC,ZAFIRA Mk I A F75,CORSA Mk II C W5L, F08,ASTRA Mk V H Estate,VECTRA Mk II C Estate,ASTRA Mk V H Convertible,ASTRA Mk IV G CC,VECTRA Mk II C,SIGNUM,MERIVA Mk I A,ASTRA Mk IV G Sedan,TIGRA Convertible,VECTRA B CC,VECTRA B Estate,VECTRA B,ASTRA Mk IV G Coupe F67,ASTRA Mk IV G Convertible,ASTRA Mk IV G Estate; 8718, 9158718, 93185493, 55353812, 55353812, 93185493, 9158718, 93185493, 55353812, 855389, 9158718, 93185493, 9158718, 55353812, 9158718, 93185493; Lambdatunnistin,Happianturi<\/p>\n","protected":false},"excerpt":{"rendered":"<p>RIDEX Lambda Anturi 3922L0253 Lambdatunnistin,Happianturi OPEL,SAAB,FIAT,CORSA C F08, F68,ZAFIRA B A05,ASTRA H Caravan L35,MERIVA,ZAFIRA A F75_<\/p>\n","protected":false},"featured_media":0,"template":"","meta":{"site-sidebar-layout":"default","site-content-layout":"default","ast-global-header-display":"","ast-main-header-display":"","ast-hfb-above-header-display":"","ast-hfb-below-header-display":"","ast-hfb-mobile-header-display":"","site-post-title":"","ast-breadcrumbs-content":"","ast-featured-img":"","footer-sml-layout":"","theme-transparent-header-meta":"","adv-header-id-meta":"","stick-header-meta":"","header-above-stick-meta":"","header-main-stick-meta":"","header-below-stick-meta":""},"pwb-brand":[157],"product_cat":[264],"product_tag":[],"class_list":{"0":"post-16004","1":"product","2":"type-product","3":"status-publish","5":"pwb-brand-ridex","6":"product_cat-lambda-anturi","7":"desktop-align-left","8":"tablet-align-left","9":"mobile-align-left","11":"first","12":"instock","13":"product-type-external"},"brands":[{"id":157,"name":"RIDEX","slug":"ridex"}],"_links":{"self":[{"href":"https:\/\/www.autonvaraosahaku.fi\/index.php?rest_route=\/wp\/v2\/product\/16004","targetHints":{"allow":["GET"]}}],"collection":[{"href":"https:\/\/www.autonvaraosahaku.fi\/index.php?rest_route=\/wp\/v2\/product"}],"about":[{"href":"https:\/\/www.autonvaraosahaku.fi\/index.php?rest_route=\/wp\/v2\/types\/product"}],"wp:attachment":[{"href":"https:\/\/www.autonvaraosahaku.fi\/index.php?rest_route=%2Fwp%2Fv2%2Fmedia&parent=16004"}],"wp:term":[{"taxonomy":"pwb-brand","embeddable":true,"href":"https:\/\/www.autonvaraosahaku.fi\/index.php?rest_route=%2Fwp%2Fv2%2Fpwb-brand&post=16004"},{"taxonomy":"product_cat","embeddable":true,"href":"https:\/\/www.autonvaraosahaku.fi\/index.php?rest_route=%2Fwp%2Fv2%2Fproduct_cat&post=16004"},{"taxonomy":"product_tag","embeddable":true,"href":"https:\/\/www.autonvaraosahaku.fi\/index.php?rest_route=%2Fwp%2Fv2%2Fproduct_tag&post=16004"}],"curies":[{"name":"wp","href":"https:\/\/api.w.org\/{rel}","templated":true}]}}