{"id":16009,"date":"2021-02-21T14:25:54","date_gmt":"2021-02-21T14:25:54","guid":{"rendered":"https:\/\/www.autonvaraosahaku.fi\/?product=skf-vkdy-313009-raidetangon-paa"},"modified":"2021-02-21T14:25:56","modified_gmt":"2021-02-21T14:25:56","slug":"skf-vkdy-313009-raidetangon-paa","status":"publish","type":"product","link":"https:\/\/www.autonvaraosahaku.fi\/?product=skf-vkdy-313009-raidetangon-paa","title":{"rendered":"SKF VKDY 313009 Raidetangon p\u00e4\u00e4"},"content":{"rendered":"<p>Parilliset tuotenumerot: VKDY 313009; Asennuspuoli: Vorderachse beidseitig; CITRO\u00cbN: BERLINGO MF,XSARA PICASSO N68,C4 I LC_,BERLINGO Kasten M_,XSARA N1,C4 Coupe LA_,XSARA Break N2,XSARA Coupe N0,ZX N2,ZX Break N2,C15 VD-_; PEUGEOT: 307 SW 3H,307 CC 3B,307 3A\/C,307 Break 3E,306 Schr\u00e4gheck 7A, 7C, N3, N5,306 Cabriolet 7D, N3, N5,PARTNER Combispace 5F,205 II 20A\/C,PARTNER Kasten 5,306 Break 7E, N3, N5,306 7B, N3, N5,205 I Cabriolet 741B, 20D,309 II 3C, 3A,205 I 741A\/C,309 I 10C, 10A,306 Van N_, 7_,205 Kasten,306 Kasten\/Schr\u00e4gheck; 381750, 381752, 381750, 381752<\/p>\n","protected":false},"excerpt":{"rendered":"<p>SKF Raidetangon P\u00e4\u00e4 VKDY 313009  CITRO\u00cbN,PEUGEOT,BERLINGO MF,XSARA PICASSO N68,C4 I LC_,BERLINGO Kasten M_,XSARA N1,C4 Coupe LA_,XSARA Break N2<\/p>\n","protected":false},"featured_media":0,"template":"","meta":{"site-sidebar-layout":"default","site-content-layout":"default","ast-global-header-display":"","ast-main-header-display":"","ast-hfb-above-header-display":"","ast-hfb-below-header-display":"","ast-hfb-mobile-header-display":"","site-post-title":"","ast-breadcrumbs-content":"","ast-featured-img":"","footer-sml-layout":"","theme-transparent-header-meta":"","adv-header-id-meta":"","stick-header-meta":"","header-above-stick-meta":"","header-main-stick-meta":"","header-below-stick-meta":""},"pwb-brand":[237],"product_cat":[96],"product_tag":[],"class_list":{"0":"post-16009","1":"product","2":"type-product","3":"status-publish","5":"pwb-brand-skf","6":"product_cat-raidetangon-paa","7":"desktop-align-left","8":"tablet-align-left","9":"mobile-align-left","11":"first","12":"instock","13":"product-type-external"},"brands":[{"id":237,"name":"SKF","slug":"skf"}],"_links":{"self":[{"href":"https:\/\/www.autonvaraosahaku.fi\/index.php?rest_route=\/wp\/v2\/product\/16009","targetHints":{"allow":["GET"]}}],"collection":[{"href":"https:\/\/www.autonvaraosahaku.fi\/index.php?rest_route=\/wp\/v2\/product"}],"about":[{"href":"https:\/\/www.autonvaraosahaku.fi\/index.php?rest_route=\/wp\/v2\/types\/product"}],"wp:attachment":[{"href":"https:\/\/www.autonvaraosahaku.fi\/index.php?rest_route=%2Fwp%2Fv2%2Fmedia&parent=16009"}],"wp:term":[{"taxonomy":"pwb-brand","embeddable":true,"href":"https:\/\/www.autonvaraosahaku.fi\/index.php?rest_route=%2Fwp%2Fv2%2Fpwb-brand&post=16009"},{"taxonomy":"product_cat","embeddable":true,"href":"https:\/\/www.autonvaraosahaku.fi\/index.php?rest_route=%2Fwp%2Fv2%2Fproduct_cat&post=16009"},{"taxonomy":"product_tag","embeddable":true,"href":"https:\/\/www.autonvaraosahaku.fi\/index.php?rest_route=%2Fwp%2Fv2%2Fproduct_tag&post=16009"}],"curies":[{"name":"wp","href":"https:\/\/api.w.org\/{rel}","templated":true}]}}