{"id":16031,"date":"2021-02-21T14:25:58","date_gmt":"2021-02-21T14:25:58","guid":{"rendered":"https:\/\/www.autonvaraosahaku.fi\/?product=ridex-8a0768-ilmansuodatin"},"modified":"2021-02-21T14:26:00","modified_gmt":"2021-02-21T14:26:00","slug":"ridex-8a0768-ilmansuodatin","status":"publish","type":"product","link":"https:\/\/www.autonvaraosahaku.fi\/?product=ridex-8a0768-ilmansuodatin","title":{"rendered":"RIDEX 8A0768 Ilmansuodatin"},"content":{"rendered":"<p>Pituus (mm): 306; Leveys (mm): 193,0; Korkeus (mm): 97; Asennuspuoli: Oikea; Paino [kg]: 0,61; Suodatintyyppi: Suodatinpanos; Tarvittava kappalem\u00e4\u00e4r\u00e4: 1; ei maaversiolle: USA; MERCEDES-BENZ: C-CLASS W204,C-CLASS T-Model S204,E-CLASS W212,M-CLASS W164,E-CLASS T-Model S212,GLK-CLASS X204,S-CLASS W221,R-CLASS W251, V251,M-CLASS W166,G-CLASS W463,E-CLASS Coupe C207,E-CLASS Cabriolet A207,GL-CLASS X164,CLS C218,CLS Shooting Brake X218,S-CLASS W222, V222, X222,GL-CLASS X166,G-CLASS Cabrio W463,E-CLASS W213,E-CLASS T-Model S213,GLE W166,GLE Coupe C292,GLS X166; 6420940000, 6420940000SK2, 6420941804, 6420942004, 6420942404, A6420941804, A6420942004, A6420942404<\/p>\n","protected":false},"excerpt":{"rendered":"<p>RIDEX Ilmansuodatin 8A0768  MERCEDES-BENZ,C-CLASS W204,C-CLASS T-Model S204,E-CLASS W212,M-CLASS W164,E-CLASS T-Model S212,GLK-CLASS X204,S-CLASS W221<\/p>\n","protected":false},"featured_media":0,"template":"","meta":{"site-sidebar-layout":"default","site-content-layout":"default","ast-global-header-display":"","ast-main-header-display":"","ast-hfb-above-header-display":"","ast-hfb-below-header-display":"","ast-hfb-mobile-header-display":"","site-post-title":"","ast-breadcrumbs-content":"","ast-featured-img":"","footer-sml-layout":"","theme-transparent-header-meta":"","adv-header-id-meta":"","stick-header-meta":"","header-above-stick-meta":"","header-main-stick-meta":"","header-below-stick-meta":""},"pwb-brand":[157],"product_cat":[31],"product_tag":[],"class_list":{"0":"post-16031","1":"product","2":"type-product","3":"status-publish","5":"pwb-brand-ridex","6":"product_cat-ilmansuodatin","7":"desktop-align-left","8":"tablet-align-left","9":"mobile-align-left","11":"first","12":"instock","13":"product-type-external"},"brands":[{"id":157,"name":"RIDEX","slug":"ridex"}],"_links":{"self":[{"href":"https:\/\/www.autonvaraosahaku.fi\/index.php?rest_route=\/wp\/v2\/product\/16031","targetHints":{"allow":["GET"]}}],"collection":[{"href":"https:\/\/www.autonvaraosahaku.fi\/index.php?rest_route=\/wp\/v2\/product"}],"about":[{"href":"https:\/\/www.autonvaraosahaku.fi\/index.php?rest_route=\/wp\/v2\/types\/product"}],"wp:attachment":[{"href":"https:\/\/www.autonvaraosahaku.fi\/index.php?rest_route=%2Fwp%2Fv2%2Fmedia&parent=16031"}],"wp:term":[{"taxonomy":"pwb-brand","embeddable":true,"href":"https:\/\/www.autonvaraosahaku.fi\/index.php?rest_route=%2Fwp%2Fv2%2Fpwb-brand&post=16031"},{"taxonomy":"product_cat","embeddable":true,"href":"https:\/\/www.autonvaraosahaku.fi\/index.php?rest_route=%2Fwp%2Fv2%2Fproduct_cat&post=16031"},{"taxonomy":"product_tag","embeddable":true,"href":"https:\/\/www.autonvaraosahaku.fi\/index.php?rest_route=%2Fwp%2Fv2%2Fproduct_tag&post=16031"}],"curies":[{"name":"wp","href":"https:\/\/api.w.org\/{rel}","templated":true}]}}