{"id":16034,"date":"2021-02-21T14:25:58","date_gmt":"2021-02-21T14:25:58","guid":{"rendered":"https:\/\/www.autonvaraosahaku.fi\/?product=ridex-772s0030-muut-luokat"},"modified":"2021-02-21T14:26:00","modified_gmt":"2021-02-21T14:26:00","slug":"ridex-772s0030-muut-luokat","status":"publish","type":"product","link":"https:\/\/www.autonvaraosahaku.fi\/?product=ridex-772s0030-muut-luokat","title":{"rendered":"RIDEX 772S0030 Muut luokat"},"content":{"rendered":"<p>M\u00e4\u00e4r\u00e4yksikk\u00f6: Sarja; Kiinnitysmalli: Kumimetallilaakeri; Ohjausmalli: Poikittaistukivarrelle; Asennuspuoli: Etuakseli, vasen, Etuakseli, oikea, Alla, Takana; Tarvittava kappalem\u00e4\u00e4r\u00e4: 1,0; VW: PASSAT Variant 3C5,PASSAT 3C2,TIGUAN 5N_,PASSAT Variant 365,PASSAT CC 357,SHARAN 7N1, 7N2,PASSAT 362,CC 358,PASSAT ALLTRACK 365; AUDI: Q3 8U; SEAT: ALHAMBRA 710, 711; 3C0199231A, 3C0199231B, 3C0199231D, 3C0199231E, 3C0199231A, 3C0199231B, 3C0199231D, 3C0199231E, 3C0199231A, 3C0199231B, 3C0199231D, 3C0199231E; Korjaussarja, Poikittaistukivarsi<\/p>\n","protected":false},"excerpt":{"rendered":"<p>RIDEX Alatukivarren Korjaussarja 772S0030 Korjaussarja, Poikittaistukivarsi VW,AUDI,SEAT,PASSAT Variant 3C5,PASSAT 3C2,TIGUAN 5N_,PASSAT Variant 365<\/p>\n","protected":false},"featured_media":0,"template":"","meta":{"site-sidebar-layout":"default","site-content-layout":"default","ast-global-header-display":"","ast-main-header-display":"","ast-hfb-above-header-display":"","ast-hfb-below-header-display":"","ast-hfb-mobile-header-display":"","site-post-title":"","ast-breadcrumbs-content":"","ast-featured-img":"","footer-sml-layout":"","theme-transparent-header-meta":"","adv-header-id-meta":"","stick-header-meta":"","header-above-stick-meta":"","header-main-stick-meta":"","header-below-stick-meta":""},"pwb-brand":[157],"product_cat":[37],"product_tag":[],"class_list":{"0":"post-16034","1":"product","2":"type-product","3":"status-publish","5":"pwb-brand-ridex","6":"product_cat-muut-luokat","7":"desktop-align-left","8":"tablet-align-left","9":"mobile-align-left","11":"first","12":"instock","13":"product-type-external"},"brands":[{"id":157,"name":"RIDEX","slug":"ridex"}],"_links":{"self":[{"href":"https:\/\/www.autonvaraosahaku.fi\/index.php?rest_route=\/wp\/v2\/product\/16034","targetHints":{"allow":["GET"]}}],"collection":[{"href":"https:\/\/www.autonvaraosahaku.fi\/index.php?rest_route=\/wp\/v2\/product"}],"about":[{"href":"https:\/\/www.autonvaraosahaku.fi\/index.php?rest_route=\/wp\/v2\/types\/product"}],"wp:attachment":[{"href":"https:\/\/www.autonvaraosahaku.fi\/index.php?rest_route=%2Fwp%2Fv2%2Fmedia&parent=16034"}],"wp:term":[{"taxonomy":"pwb-brand","embeddable":true,"href":"https:\/\/www.autonvaraosahaku.fi\/index.php?rest_route=%2Fwp%2Fv2%2Fpwb-brand&post=16034"},{"taxonomy":"product_cat","embeddable":true,"href":"https:\/\/www.autonvaraosahaku.fi\/index.php?rest_route=%2Fwp%2Fv2%2Fproduct_cat&post=16034"},{"taxonomy":"product_tag","embeddable":true,"href":"https:\/\/www.autonvaraosahaku.fi\/index.php?rest_route=%2Fwp%2Fv2%2Fproduct_tag&post=16034"}],"curies":[{"name":"wp","href":"https:\/\/api.w.org\/{rel}","templated":true}]}}