{"id":16036,"date":"2021-02-21T14:25:58","date_gmt":"2021-02-21T14:25:58","guid":{"rendered":"https:\/\/www.autonvaraosahaku.fi\/?product=steinhof-smp-4pe-muut-luokat"},"modified":"2021-02-21T14:26:01","modified_gmt":"2021-02-21T14:26:01","slug":"steinhof-smp-4pe-muut-luokat","status":"publish","type":"product","link":"https:\/\/www.autonvaraosahaku.fi\/?product=steinhof-smp-4pe-muut-luokat","title":{"rendered":"STEINHOF SMP-4PE Muut luokat"},"content":{"rendered":"<p>Asennusaika (tuntia): 2; Pistorasia, vetokoukku: 13; J\u00e4nnite (V): 12; Yleisk\u00e4ytt\u00f6inen: Kyll\u00e4<\/p>\n","protected":false},"excerpt":{"rendered":"<p>STEINHOF S\u00e4hk\u00f6sarja, Vetokoukku SMP-4PE<\/p>\n","protected":false},"featured_media":0,"template":"","meta":{"site-sidebar-layout":"default","site-content-layout":"default","ast-global-header-display":"","ast-main-header-display":"","ast-hfb-above-header-display":"","ast-hfb-below-header-display":"","ast-hfb-mobile-header-display":"","site-post-title":"","ast-breadcrumbs-content":"","ast-featured-img":"","footer-sml-layout":"","theme-transparent-header-meta":"","adv-header-id-meta":"","stick-header-meta":"","header-above-stick-meta":"","header-main-stick-meta":"","header-below-stick-meta":""},"pwb-brand":[392],"product_cat":[37],"product_tag":[],"class_list":{"0":"post-16036","1":"product","2":"type-product","3":"status-publish","5":"pwb-brand-steinhof","6":"product_cat-muut-luokat","7":"desktop-align-left","8":"tablet-align-left","9":"mobile-align-left","11":"first","12":"instock","13":"product-type-external"},"brands":[{"id":392,"name":"STEINHOF","slug":"steinhof"}],"_links":{"self":[{"href":"https:\/\/www.autonvaraosahaku.fi\/index.php?rest_route=\/wp\/v2\/product\/16036","targetHints":{"allow":["GET"]}}],"collection":[{"href":"https:\/\/www.autonvaraosahaku.fi\/index.php?rest_route=\/wp\/v2\/product"}],"about":[{"href":"https:\/\/www.autonvaraosahaku.fi\/index.php?rest_route=\/wp\/v2\/types\/product"}],"wp:attachment":[{"href":"https:\/\/www.autonvaraosahaku.fi\/index.php?rest_route=%2Fwp%2Fv2%2Fmedia&parent=16036"}],"wp:term":[{"taxonomy":"pwb-brand","embeddable":true,"href":"https:\/\/www.autonvaraosahaku.fi\/index.php?rest_route=%2Fwp%2Fv2%2Fpwb-brand&post=16036"},{"taxonomy":"product_cat","embeddable":true,"href":"https:\/\/www.autonvaraosahaku.fi\/index.php?rest_route=%2Fwp%2Fv2%2Fproduct_cat&post=16036"},{"taxonomy":"product_tag","embeddable":true,"href":"https:\/\/www.autonvaraosahaku.fi\/index.php?rest_route=%2Fwp%2Fv2%2Fproduct_tag&post=16036"}],"curies":[{"name":"wp","href":"https:\/\/api.w.org\/{rel}","templated":true}]}}