{"id":16046,"date":"2021-02-21T14:26:03","date_gmt":"2021-02-21T14:26:03","guid":{"rendered":"https:\/\/www.autonvaraosahaku.fi\/?product=petec-97720-muut-luokat"},"modified":"2021-02-21T14:26:04","modified_gmt":"2021-02-21T14:26:04","slug":"petec-97720-muut-luokat","status":"publish","type":"product","link":"https:\/\/www.autonvaraosahaku.fi\/?product=petec-97720-muut-luokat","title":{"rendered":"PETEC 97720 Muut luokat"},"content":{"rendered":"<p>V\u00e4ri: Musta; L\u00e4mp\u00f6alue (\u00b0C): -50\u00b0C +260\u00b0C; Sis\u00e4lt\u00f6 [ml]: 200; Pakkaustyyppi: patruuna; Kemialliset ominaisuudet: Kestoelastinen, Elastinen, \u00f6ljynkest\u00e4v\u00e4; L\u00e4mp\u00f6tila-alue korkeintaan [\u00b0C]: 260<\/p>\n","protected":false},"excerpt":{"rendered":"<p>PETEC Tiivistysaine 97720<\/p>\n","protected":false},"featured_media":0,"template":"","meta":{"site-sidebar-layout":"default","site-content-layout":"default","ast-global-header-display":"","ast-main-header-display":"","ast-hfb-above-header-display":"","ast-hfb-below-header-display":"","ast-hfb-mobile-header-display":"","site-post-title":"","ast-breadcrumbs-content":"","ast-featured-img":"","footer-sml-layout":"","theme-transparent-header-meta":"","adv-header-id-meta":"","stick-header-meta":"","header-above-stick-meta":"","header-main-stick-meta":"","header-below-stick-meta":""},"pwb-brand":[391],"product_cat":[37],"product_tag":[],"class_list":{"0":"post-16046","1":"product","2":"type-product","3":"status-publish","5":"pwb-brand-petec","6":"product_cat-muut-luokat","7":"desktop-align-left","8":"tablet-align-left","9":"mobile-align-left","11":"first","12":"instock","13":"product-type-external"},"brands":[{"id":391,"name":"PETEC","slug":"petec"}],"_links":{"self":[{"href":"https:\/\/www.autonvaraosahaku.fi\/index.php?rest_route=\/wp\/v2\/product\/16046","targetHints":{"allow":["GET"]}}],"collection":[{"href":"https:\/\/www.autonvaraosahaku.fi\/index.php?rest_route=\/wp\/v2\/product"}],"about":[{"href":"https:\/\/www.autonvaraosahaku.fi\/index.php?rest_route=\/wp\/v2\/types\/product"}],"wp:attachment":[{"href":"https:\/\/www.autonvaraosahaku.fi\/index.php?rest_route=%2Fwp%2Fv2%2Fmedia&parent=16046"}],"wp:term":[{"taxonomy":"pwb-brand","embeddable":true,"href":"https:\/\/www.autonvaraosahaku.fi\/index.php?rest_route=%2Fwp%2Fv2%2Fpwb-brand&post=16046"},{"taxonomy":"product_cat","embeddable":true,"href":"https:\/\/www.autonvaraosahaku.fi\/index.php?rest_route=%2Fwp%2Fv2%2Fproduct_cat&post=16046"},{"taxonomy":"product_tag","embeddable":true,"href":"https:\/\/www.autonvaraosahaku.fi\/index.php?rest_route=%2Fwp%2Fv2%2Fproduct_tag&post=16046"}],"curies":[{"name":"wp","href":"https:\/\/api.w.org\/{rel}","templated":true}]}}