{"id":16048,"date":"2021-02-21T14:26:03","date_gmt":"2021-02-21T14:26:03","guid":{"rendered":"https:\/\/www.autonvaraosahaku.fi\/?product=ridex-2412p0041-peruutustutka-anturit"},"modified":"2021-02-21T14:26:04","modified_gmt":"2021-02-21T14:26:04","slug":"ridex-2412p0041-peruutustutka-anturit","status":"publish","type":"product","link":"https:\/\/www.autonvaraosahaku.fi\/?product=ridex-2412p0041-peruutustutka-anturit","title":{"rendered":"RIDEX 2412P0041 Peruutustutka anturit"},"content":{"rendered":"<p>Asennuspuoli: Takana, Edess\u00e4, hinten; V\u00e4ri: Musta; Tunnistinmalli: Ultra\u00e4\u00e4nitunnistin; Lis\u00e4tarvike\/lis\u00e4tieto: Tiivisteill\u00e4; Liittimi\u00e4: 3; Kemialliset ominaisuudet: maalattavissa; Paino [kg]: 0,02; Pakkaussyvyys [cm]: 6,8, 7; FIAT: DUCATO Kasten 250,BRAVO II 198,DUCATO Pritsche\/Fahrgestell 250,DUCATO Bus 250,DUCATO Kasten 244,DOBLO Kasten\/Kombi 263,DUCATO Bus 244, Z_,QUBO 225,DOBLO Gro\u00dfraumlimousine 152, 263,FIORINO Kasten\/Kombi 225,DOBLO Pritsche\/Fahrgestell 263; CITRO\u00cbN: JUMPER Kasten,NEMO Kasten AA_,JUMPER Bus,JUMPER Pritsche\/Fahrgestell,NEMO Kombi; PEUGEOT: BOXER Kasten,BOXER Bus,BOXER Pritsche\/Fahrgestell,BIPPER AA_,BIPPER Tepee; 1606904180, 6590Q7, 1347236080, 1368915080, 6590Q7; Tunnistin, Et\u00e4isyystunnistin<\/p>\n","protected":false},"excerpt":{"rendered":"<p>RIDEX Peruutustutka Anturit 2412P0041 Tunnistin, Et\u00e4isyystunnistin FIAT,CITRO\u00cbN,PEUGEOT,DUCATO Kasten 250,BRAVO II 198,DUCATO Pritsche\/Fahrgestell 250<\/p>\n","protected":false},"featured_media":0,"template":"","meta":{"site-sidebar-layout":"default","site-content-layout":"default","ast-global-header-display":"","ast-main-header-display":"","ast-hfb-above-header-display":"","ast-hfb-below-header-display":"","ast-hfb-mobile-header-display":"","site-post-title":"","ast-breadcrumbs-content":"","ast-featured-img":"","footer-sml-layout":"","theme-transparent-header-meta":"","adv-header-id-meta":"","stick-header-meta":"","header-above-stick-meta":"","header-main-stick-meta":"","header-below-stick-meta":""},"pwb-brand":[157],"product_cat":[217],"product_tag":[],"class_list":{"0":"post-16048","1":"product","2":"type-product","3":"status-publish","5":"pwb-brand-ridex","6":"product_cat-peruutustutka-anturit","7":"desktop-align-left","8":"tablet-align-left","9":"mobile-align-left","11":"first","12":"instock","13":"product-type-external"},"brands":[{"id":157,"name":"RIDEX","slug":"ridex"}],"_links":{"self":[{"href":"https:\/\/www.autonvaraosahaku.fi\/index.php?rest_route=\/wp\/v2\/product\/16048","targetHints":{"allow":["GET"]}}],"collection":[{"href":"https:\/\/www.autonvaraosahaku.fi\/index.php?rest_route=\/wp\/v2\/product"}],"about":[{"href":"https:\/\/www.autonvaraosahaku.fi\/index.php?rest_route=\/wp\/v2\/types\/product"}],"wp:attachment":[{"href":"https:\/\/www.autonvaraosahaku.fi\/index.php?rest_route=%2Fwp%2Fv2%2Fmedia&parent=16048"}],"wp:term":[{"taxonomy":"pwb-brand","embeddable":true,"href":"https:\/\/www.autonvaraosahaku.fi\/index.php?rest_route=%2Fwp%2Fv2%2Fpwb-brand&post=16048"},{"taxonomy":"product_cat","embeddable":true,"href":"https:\/\/www.autonvaraosahaku.fi\/index.php?rest_route=%2Fwp%2Fv2%2Fproduct_cat&post=16048"},{"taxonomy":"product_tag","embeddable":true,"href":"https:\/\/www.autonvaraosahaku.fi\/index.php?rest_route=%2Fwp%2Fv2%2Fproduct_tag&post=16048"}],"curies":[{"name":"wp","href":"https:\/\/api.w.org\/{rel}","templated":true}]}}