{"id":16083,"date":"2021-02-21T14:26:10","date_gmt":"2021-02-21T14:26:10","guid":{"rendered":"https:\/\/www.autonvaraosahaku.fi\/?product=ridex-2232w0027-anturit-sensorit"},"modified":"2021-02-21T14:26:11","modified_gmt":"2021-02-21T14:26:11","slug":"ridex-2232w0027-anturit-sensorit","status":"publish","type":"product","link":"https:\/\/www.autonvaraosahaku.fi\/?product=ridex-2232w0027-anturit-sensorit","title":{"rendered":"RIDEX 2232W0027 Anturit (sensorit)"},"content":{"rendered":"<p>V\u00e4ri: Hopea; Kiristysmomentti: 4; Asennusmalli: Poltti\/ruuvi; Venttiilimalli: Ilmaventtiili; Varusteet: ajoneuvoille rengaspaineentarkkailulla; Korvaava tuote\/korvaava tiedote 2: Venttiileill\u00e4, Ruuvilla; Taajuusalue [Mhz]: 433; T\u00e4yssarja: ; Suositeltu vaihtov\u00e4li [km]: 160000; Suositeltu vaihtov\u00e4li [vuotta]: 5; Venttiilivarsimateriaali: Alumiini; Paino [kg]: 0,025; Pakkaussyvyys [cm]: 6,8; VW: TOUAREG 7LA, 7L6, 7L7,PHAETON 3D_; AUDI: A6 Avant 4F5, C6,A4 Avant 8ED, B7,A6 4F2, C6,A4 Cabriolet 8H7, B6, 8HE, B7,A4 8EC, B7,Q7 4L,A6 Allroad 4FH, C6,A8 4H_,R8 42,R8 Spyder; BMW: 7 E65, E66, E67; PORSCHE: CAYENNE 955,911 997,CAYENNE,PANAMERA,CAYMAN 987,911 Cabriolet 997,911 991,CAYMAN 981,911 Targa 997,911 Cabriolet 991,911 Targa 991; TESLA: ROADSTER; ASTON MARTIN: DB9 Vantage,DB9 Volante,RAPIDE,DBS Vantage,VANQUISH Vantage,VIRAGE Volante,VIRAGE Vantage,VANQUISH Volante; BENTLEY: CONTINENTAL Coupe 3W_,ARNAGE RBS_,CONTINENTAL Cabriolet 3W_,CONTINENTAL FLYING SPUR 3W_,AZURE II RBS_,MULSANNE 3Y_,BROOKLANDS Coupe RBS_,CONTINENTAL Coupe 3S3; BUGATTI: VEYRON EB 16.4; MASERATI: QUATTROPORTE V,GRAN TURISMO,GRANCABRIO,GRANSPORT Coupe,GRANSPORT Cabriolet; ROLLS-ROYCE: PHANTOM VII RR1,GHOST RR4,PHANTOM VII Coupe RR3,PHANTOM VII Drophead Coupe RR2; AD43360671AA, AD43360671BA, CD23360671AA, 4F0907275, 4F0907275B, 7P0907275, 7PP907275B, 7PP907275F, 99760602120, 36236771034, 36236779490, 36236781847, 36236798726, 95560602100, 4F0907275, 4F0907275B, 7P0907275, 7P0907275A, 7PP907275B, 7PP907275F, 99760602120, 4F0907275, 4F0907275B, 7P0907275, 7P0907275A, 7PP907275B, 7PP907275F, 99760602120, 4F0907275, 4F0907275B, 7P0907275, 7PP907275B, 7PP907275F, 99760602120; Rengaspainevalvonta,Py\u00f6r\u00e4anturi, Rengaspaine<\/p>\n","protected":false},"excerpt":{"rendered":"<p>RIDEX Rengaspainetunnistimet 2232W0027 Rengaspainevalvonta,Py\u00f6r\u00e4anturi, Rengaspaine VW,AUDI,BMW,TOUAREG 7LA, 7L6, 7L7,PHAETON 3D_,A6 Avant 4F5, C6<\/p>\n","protected":false},"featured_media":0,"template":"","meta":{"site-sidebar-layout":"default","site-content-layout":"default","ast-global-header-display":"","ast-main-header-display":"","ast-hfb-above-header-display":"","ast-hfb-below-header-display":"","ast-hfb-mobile-header-display":"","site-post-title":"","ast-breadcrumbs-content":"","ast-featured-img":"","footer-sml-layout":"","theme-transparent-header-meta":"","adv-header-id-meta":"","stick-header-meta":"","header-above-stick-meta":"","header-main-stick-meta":"","header-below-stick-meta":""},"pwb-brand":[157],"product_cat":[98],"product_tag":[],"class_list":{"0":"post-16083","1":"product","2":"type-product","3":"status-publish","5":"pwb-brand-ridex","6":"product_cat-anturit-sensorit","7":"desktop-align-left","8":"tablet-align-left","9":"mobile-align-left","11":"first","12":"instock","13":"product-type-external"},"brands":[{"id":157,"name":"RIDEX","slug":"ridex"}],"_links":{"self":[{"href":"https:\/\/www.autonvaraosahaku.fi\/index.php?rest_route=\/wp\/v2\/product\/16083","targetHints":{"allow":["GET"]}}],"collection":[{"href":"https:\/\/www.autonvaraosahaku.fi\/index.php?rest_route=\/wp\/v2\/product"}],"about":[{"href":"https:\/\/www.autonvaraosahaku.fi\/index.php?rest_route=\/wp\/v2\/types\/product"}],"wp:attachment":[{"href":"https:\/\/www.autonvaraosahaku.fi\/index.php?rest_route=%2Fwp%2Fv2%2Fmedia&parent=16083"}],"wp:term":[{"taxonomy":"pwb-brand","embeddable":true,"href":"https:\/\/www.autonvaraosahaku.fi\/index.php?rest_route=%2Fwp%2Fv2%2Fpwb-brand&post=16083"},{"taxonomy":"product_cat","embeddable":true,"href":"https:\/\/www.autonvaraosahaku.fi\/index.php?rest_route=%2Fwp%2Fv2%2Fproduct_cat&post=16083"},{"taxonomy":"product_tag","embeddable":true,"href":"https:\/\/www.autonvaraosahaku.fi\/index.php?rest_route=%2Fwp%2Fv2%2Fproduct_tag&post=16083"}],"curies":[{"name":"wp","href":"https:\/\/api.w.org\/{rel}","templated":true}]}}