{"id":16089,"date":"2021-02-21T14:26:10","date_gmt":"2021-02-21T14:26:10","guid":{"rendered":"https:\/\/www.autonvaraosahaku.fi\/?product=ridex-1502a0056-muut-luokat"},"modified":"2021-02-21T14:26:12","modified_gmt":"2021-02-21T14:26:12","slug":"ridex-1502a0056-muut-luokat","status":"publish","type":"product","link":"https:\/\/www.autonvaraosahaku.fi\/?product=ridex-1502a0056-muut-luokat","title":{"rendered":"RIDEX 1502A0056 Muut luokat"},"content":{"rendered":"<p>Jarruj\u00e4rjestelm\u00e4: MANDO; Rumpul\u00e4pimitta: 170&#215;27; Paino [kg]: 0,10; HYUNDAI: i30 FD,i30 CW FD; KIA: CEE&#8217;D SW ED,CEE&#8217;D Schr\u00e4gheck ED,PRO CEE&#8217;D ED; Tarvikesarja K\u00e4sijarru<\/p>\n","protected":false},"excerpt":{"rendered":"<p>RIDEX Tarvikesarja Jarrukeng\u00e4t 1502A0056 Tarvikesarja K\u00e4sijarru HYUNDAI,KIA,i30 FD,i30 CW FD,CEE&#8217;D SW ED,CEE&#8217;D Schr\u00e4gheck ED,PRO CEE&#8217;D ED<\/p>\n","protected":false},"featured_media":0,"template":"","meta":{"site-sidebar-layout":"default","site-content-layout":"default","ast-global-header-display":"","ast-main-header-display":"","ast-hfb-above-header-display":"","ast-hfb-below-header-display":"","ast-hfb-mobile-header-display":"","site-post-title":"","ast-breadcrumbs-content":"","ast-featured-img":"","footer-sml-layout":"","theme-transparent-header-meta":"","adv-header-id-meta":"","stick-header-meta":"","header-above-stick-meta":"","header-main-stick-meta":"","header-below-stick-meta":""},"pwb-brand":[157],"product_cat":[37],"product_tag":[],"class_list":{"0":"post-16089","1":"product","2":"type-product","3":"status-publish","5":"pwb-brand-ridex","6":"product_cat-muut-luokat","7":"desktop-align-left","8":"tablet-align-left","9":"mobile-align-left","11":"first","12":"instock","13":"product-type-external"},"brands":[{"id":157,"name":"RIDEX","slug":"ridex"}],"_links":{"self":[{"href":"https:\/\/www.autonvaraosahaku.fi\/index.php?rest_route=\/wp\/v2\/product\/16089","targetHints":{"allow":["GET"]}}],"collection":[{"href":"https:\/\/www.autonvaraosahaku.fi\/index.php?rest_route=\/wp\/v2\/product"}],"about":[{"href":"https:\/\/www.autonvaraosahaku.fi\/index.php?rest_route=\/wp\/v2\/types\/product"}],"wp:attachment":[{"href":"https:\/\/www.autonvaraosahaku.fi\/index.php?rest_route=%2Fwp%2Fv2%2Fmedia&parent=16089"}],"wp:term":[{"taxonomy":"pwb-brand","embeddable":true,"href":"https:\/\/www.autonvaraosahaku.fi\/index.php?rest_route=%2Fwp%2Fv2%2Fpwb-brand&post=16089"},{"taxonomy":"product_cat","embeddable":true,"href":"https:\/\/www.autonvaraosahaku.fi\/index.php?rest_route=%2Fwp%2Fv2%2Fproduct_cat&post=16089"},{"taxonomy":"product_tag","embeddable":true,"href":"https:\/\/www.autonvaraosahaku.fi\/index.php?rest_route=%2Fwp%2Fv2%2Fproduct_tag&post=16089"}],"curies":[{"name":"wp","href":"https:\/\/api.w.org\/{rel}","templated":true}]}}