{"id":16092,"date":"2021-02-21T14:26:10","date_gmt":"2021-02-21T14:26:10","guid":{"rendered":"https:\/\/www.autonvaraosahaku.fi\/?product=ridex-9f0104-polttoainesuodatin"},"modified":"2021-02-21T14:26:12","modified_gmt":"2021-02-21T14:26:12","slug":"ridex-9f0104-polttoainesuodatin","status":"publish","type":"product","link":"https:\/\/www.autonvaraosahaku.fi\/?product=ridex-9f0104-polttoainesuodatin","title":{"rendered":"RIDEX 9F0104 Polttoainesuodatin"},"content":{"rendered":"<p>Korkeus (mm): 183; Ulkol\u00e4pimitta [mm]: 55; Sis\u00e4\u00e4ntulol\u00e4pimitta [mm]: 8.0; Ulostulon l\u00e4pimitta [mm]: 8.0; Ulkol\u00e4pimitta 1 [mm]: 55; Valmistusvuosi alkaen: 08\/2002; FORD: FOCUS II Kombi DA_,FOCUS Kombi DNW,FOCUS II DA_,FOCUS DAW, DBW,FOCUS C-MAX,C-MAX II,GRAND C-MAX,FOCUS Stufenheck DFW,TRANSIT CONNECT P65_, P70_, P80_,FOCUS II Stufenheck DA_,FOCUS II Cabriolet,TOURNEO CONNECT,C-MAX II Van; MAZDA: 3 BK,3 Stufenheck BK; VOLVO: V50 MW,C30,S40 II MS,C70 II Cabriolet; JAGUAR: S-TYPE CCX,XF _J05_, CC9; FORD USA: EXPLORER U2; 1212739, 1224577, 1308406, 1348376, 1465018, 1465324, 2M5C9155AB, 2M5C9155AC, 2M5C9B072AB, 3M519B072CG, 3M519B072CH, 7N519155AB, Z60520490A, Z60520490C, 30792600, 31261059, 31271607, 31274952, 8616804<\/p>\n","protected":false},"excerpt":{"rendered":"<p>RIDEX Polttoainesuodatin 9F0104  FORD,MAZDA,VOLVO,FOCUS II Kombi DA_,FOCUS Kombi DNW,FOCUS II DA_,FOCUS DAW, DBW,FOCUS C-MAX,C-MAX II,GRAND C-MAX<\/p>\n","protected":false},"featured_media":0,"template":"","meta":{"site-sidebar-layout":"default","site-content-layout":"default","ast-global-header-display":"","ast-main-header-display":"","ast-hfb-above-header-display":"","ast-hfb-below-header-display":"","ast-hfb-mobile-header-display":"","site-post-title":"","ast-breadcrumbs-content":"","ast-featured-img":"","footer-sml-layout":"","theme-transparent-header-meta":"","adv-header-id-meta":"","stick-header-meta":"","header-above-stick-meta":"","header-main-stick-meta":"","header-below-stick-meta":""},"pwb-brand":[157],"product_cat":[29],"product_tag":[],"class_list":{"0":"post-16092","1":"product","2":"type-product","3":"status-publish","5":"pwb-brand-ridex","6":"product_cat-polttoainesuodatin","7":"desktop-align-left","8":"tablet-align-left","9":"mobile-align-left","11":"first","12":"instock","13":"product-type-external"},"brands":[{"id":157,"name":"RIDEX","slug":"ridex"}],"_links":{"self":[{"href":"https:\/\/www.autonvaraosahaku.fi\/index.php?rest_route=\/wp\/v2\/product\/16092","targetHints":{"allow":["GET"]}}],"collection":[{"href":"https:\/\/www.autonvaraosahaku.fi\/index.php?rest_route=\/wp\/v2\/product"}],"about":[{"href":"https:\/\/www.autonvaraosahaku.fi\/index.php?rest_route=\/wp\/v2\/types\/product"}],"wp:attachment":[{"href":"https:\/\/www.autonvaraosahaku.fi\/index.php?rest_route=%2Fwp%2Fv2%2Fmedia&parent=16092"}],"wp:term":[{"taxonomy":"pwb-brand","embeddable":true,"href":"https:\/\/www.autonvaraosahaku.fi\/index.php?rest_route=%2Fwp%2Fv2%2Fpwb-brand&post=16092"},{"taxonomy":"product_cat","embeddable":true,"href":"https:\/\/www.autonvaraosahaku.fi\/index.php?rest_route=%2Fwp%2Fv2%2Fproduct_cat&post=16092"},{"taxonomy":"product_tag","embeddable":true,"href":"https:\/\/www.autonvaraosahaku.fi\/index.php?rest_route=%2Fwp%2Fv2%2Fproduct_tag&post=16092"}],"curies":[{"name":"wp","href":"https:\/\/api.w.org\/{rel}","templated":true}]}}