{"id":16097,"date":"2021-02-21T14:26:10","date_gmt":"2021-02-21T14:26:10","guid":{"rendered":"https:\/\/www.autonvaraosahaku.fi\/?product=ridex-273c0783-alatukivarsi"},"modified":"2021-02-21T14:26:13","modified_gmt":"2021-02-21T14:26:13","slug":"ridex-273c0783-alatukivarsi","status":"publish","type":"product","link":"https:\/\/www.autonvaraosahaku.fi\/?product=ridex-273c0783-alatukivarsi","title":{"rendered":"RIDEX 273C0783 Alatukivarsi"},"content":{"rendered":"<p>Materiaali: Ter\u00e4slevy; Ohjausmalli: Poikittaistukivarsi; Asennuspuoli: Alla, Etuakseli, oikea; Paino [kg]: 3,37, 3,37; Tarvittava kappalem\u00e4\u00e4r\u00e4: 1; Organisaationumeroon: 12592; CITRO\u00cbN: C3 I FC_,DS3,C3 II,DS3 Cabriolet,C4 CACTUS,C3 III SX; PEUGEOT: 208,2008,208 Kasten; DS: DS 3,DS 3 Cabriolet; 3521S9, 3521T0, 3521T3, 3521V2, 9803286480, 3521S9, 3521T0, 3521T3, 9803286480, 9670771480, 9670772080, 9803286480; Tukivarsi,Tukivarsi, Py\u00f6r\u00e4ntuenta<\/p>\n","protected":false},"excerpt":{"rendered":"<p>RIDEX Alatukivarsi 273C0783 Tukivarsi,Tukivarsi, Py\u00f6r\u00e4ntuenta CITRO\u00cbN,PEUGEOT,DS,C3 I FC_,DS3,C3 II,DS3 Cabriolet,C4 CACTUS,C3 III SX,208,2008<\/p>\n","protected":false},"featured_media":0,"template":"","meta":{"site-sidebar-layout":"default","site-content-layout":"default","ast-global-header-display":"","ast-main-header-display":"","ast-hfb-above-header-display":"","ast-hfb-below-header-display":"","ast-hfb-mobile-header-display":"","site-post-title":"","ast-breadcrumbs-content":"","ast-featured-img":"","footer-sml-layout":"","theme-transparent-header-meta":"","adv-header-id-meta":"","stick-header-meta":"","header-above-stick-meta":"","header-main-stick-meta":"","header-below-stick-meta":""},"pwb-brand":[157],"product_cat":[62],"product_tag":[],"class_list":{"0":"post-16097","1":"product","2":"type-product","3":"status-publish","5":"pwb-brand-ridex","6":"product_cat-alatukivarsi","7":"desktop-align-left","8":"tablet-align-left","9":"mobile-align-left","11":"first","12":"instock","13":"product-type-external"},"brands":[{"id":157,"name":"RIDEX","slug":"ridex"}],"_links":{"self":[{"href":"https:\/\/www.autonvaraosahaku.fi\/index.php?rest_route=\/wp\/v2\/product\/16097","targetHints":{"allow":["GET"]}}],"collection":[{"href":"https:\/\/www.autonvaraosahaku.fi\/index.php?rest_route=\/wp\/v2\/product"}],"about":[{"href":"https:\/\/www.autonvaraosahaku.fi\/index.php?rest_route=\/wp\/v2\/types\/product"}],"wp:attachment":[{"href":"https:\/\/www.autonvaraosahaku.fi\/index.php?rest_route=%2Fwp%2Fv2%2Fmedia&parent=16097"}],"wp:term":[{"taxonomy":"pwb-brand","embeddable":true,"href":"https:\/\/www.autonvaraosahaku.fi\/index.php?rest_route=%2Fwp%2Fv2%2Fpwb-brand&post=16097"},{"taxonomy":"product_cat","embeddable":true,"href":"https:\/\/www.autonvaraosahaku.fi\/index.php?rest_route=%2Fwp%2Fv2%2Fproduct_cat&post=16097"},{"taxonomy":"product_tag","embeddable":true,"href":"https:\/\/www.autonvaraosahaku.fi\/index.php?rest_route=%2Fwp%2Fv2%2Fproduct_tag&post=16097"}],"curies":[{"name":"wp","href":"https:\/\/api.w.org\/{rel}","templated":true}]}}