{"id":16128,"date":"2021-02-21T14:26:18","date_gmt":"2021-02-21T14:26:18","guid":{"rendered":"https:\/\/www.autonvaraosahaku.fi\/?product=ridex-1761s0005-lasinnostimen-kytkin"},"modified":"2021-02-21T14:26:19","modified_gmt":"2021-02-21T14:26:19","slug":"ridex-1761s0005-lasinnostimen-kytkin","status":"publish","type":"product","link":"https:\/\/www.autonvaraosahaku.fi\/?product=ridex-1761s0005-lasinnostimen-kytkin","title":{"rendered":"RIDEX 1761S0005 Lasinnostimen kytkin"},"content":{"rendered":"<p>Asennuspuoli: Edess\u00e4, Etu, vasen; V\u00e4ri: Musta; Vasen \/ oikea liikenne: Oikean-\/vasemmanpuolinen ohjaus; Varusteet: ajon. s\u00e4hk\u00f6-ikkunanostimilla edess\u00e4; Materiaali: Muovi; K\u00e4ytt\u00f6tapa: Vipukytkin; Alustanumerosta: 1J-2-000001; VW: GOLF IV 1J1,PASSAT Variant 3B6,GOLF IV Variant 1J5,PASSAT Variant 3B5,BORA 1J2,PASSAT 3B2,PASSAT 3B3,BORA Kombi 1J6; SEAT: LEON 1M1,TOLEDO II 1M2; 1J3959857, 1J3959857B, 1J3959857, 1J3959857B; Kytkin, Lasinnostin<\/p>\n","protected":false},"excerpt":{"rendered":"<p>RIDEX Lasinnostimen Kytkin 1761S0005 Kytkin, Lasinnostin VW,SEAT,GOLF IV 1J1,PASSAT Variant 3B6,GOLF IV Variant 1J5,PASSAT Variant 3B5,BORA 1J2<\/p>\n","protected":false},"featured_media":0,"template":"","meta":{"site-sidebar-layout":"default","site-content-layout":"default","ast-global-header-display":"","ast-main-header-display":"","ast-hfb-above-header-display":"","ast-hfb-below-header-display":"","ast-hfb-mobile-header-display":"","site-post-title":"","ast-breadcrumbs-content":"","ast-featured-img":"","footer-sml-layout":"","theme-transparent-header-meta":"","adv-header-id-meta":"","stick-header-meta":"","header-above-stick-meta":"","header-main-stick-meta":"","header-below-stick-meta":""},"pwb-brand":[157],"product_cat":[135],"product_tag":[],"class_list":{"0":"post-16128","1":"product","2":"type-product","3":"status-publish","5":"pwb-brand-ridex","6":"product_cat-lasinnostimen-kytkin","7":"desktop-align-left","8":"tablet-align-left","9":"mobile-align-left","11":"first","12":"instock","13":"product-type-external"},"brands":[{"id":157,"name":"RIDEX","slug":"ridex"}],"_links":{"self":[{"href":"https:\/\/www.autonvaraosahaku.fi\/index.php?rest_route=\/wp\/v2\/product\/16128","targetHints":{"allow":["GET"]}}],"collection":[{"href":"https:\/\/www.autonvaraosahaku.fi\/index.php?rest_route=\/wp\/v2\/product"}],"about":[{"href":"https:\/\/www.autonvaraosahaku.fi\/index.php?rest_route=\/wp\/v2\/types\/product"}],"wp:attachment":[{"href":"https:\/\/www.autonvaraosahaku.fi\/index.php?rest_route=%2Fwp%2Fv2%2Fmedia&parent=16128"}],"wp:term":[{"taxonomy":"pwb-brand","embeddable":true,"href":"https:\/\/www.autonvaraosahaku.fi\/index.php?rest_route=%2Fwp%2Fv2%2Fpwb-brand&post=16128"},{"taxonomy":"product_cat","embeddable":true,"href":"https:\/\/www.autonvaraosahaku.fi\/index.php?rest_route=%2Fwp%2Fv2%2Fproduct_cat&post=16128"},{"taxonomy":"product_tag","embeddable":true,"href":"https:\/\/www.autonvaraosahaku.fi\/index.php?rest_route=%2Fwp%2Fv2%2Fproduct_tag&post=16128"}],"curies":[{"name":"wp","href":"https:\/\/api.w.org\/{rel}","templated":true}]}}