{"id":16129,"date":"2021-02-21T14:26:18","date_gmt":"2021-02-21T14:26:18","guid":{"rendered":"https:\/\/www.autonvaraosahaku.fi\/?product=ridex-1761s0002-lasinnostimen-kytkin"},"modified":"2021-02-21T14:26:19","modified_gmt":"2021-02-21T14:26:19","slug":"ridex-1761s0002-lasinnostimen-kytkin","status":"publish","type":"product","link":"https:\/\/www.autonvaraosahaku.fi\/?product=ridex-1761s0002-lasinnostimen-kytkin","title":{"rendered":"RIDEX 1761S0002 Lasinnostimen kytkin"},"content":{"rendered":"<p>Asennuspuoli: Etu, vasen; Liittimi\u00e4: 5; Tarvittava kappalem\u00e4\u00e4r\u00e4: 2; VW: LUPO 6X1, 6E1; 6X0959855B; Kytkin, Lasinnostin<\/p>\n","protected":false},"excerpt":{"rendered":"<p>RIDEX Lasinnostimen Kytkin 1761S0002 Kytkin, Lasinnostin VW,LUPO 6X1, 6E1<\/p>\n","protected":false},"featured_media":0,"template":"","meta":{"site-sidebar-layout":"default","site-content-layout":"default","ast-global-header-display":"","ast-main-header-display":"","ast-hfb-above-header-display":"","ast-hfb-below-header-display":"","ast-hfb-mobile-header-display":"","site-post-title":"","ast-breadcrumbs-content":"","ast-featured-img":"","footer-sml-layout":"","theme-transparent-header-meta":"","adv-header-id-meta":"","stick-header-meta":"","header-above-stick-meta":"","header-main-stick-meta":"","header-below-stick-meta":""},"pwb-brand":[157],"product_cat":[135],"product_tag":[],"class_list":{"0":"post-16129","1":"product","2":"type-product","3":"status-publish","5":"pwb-brand-ridex","6":"product_cat-lasinnostimen-kytkin","7":"desktop-align-left","8":"tablet-align-left","9":"mobile-align-left","11":"first","12":"instock","13":"product-type-external"},"brands":[{"id":157,"name":"RIDEX","slug":"ridex"}],"_links":{"self":[{"href":"https:\/\/www.autonvaraosahaku.fi\/index.php?rest_route=\/wp\/v2\/product\/16129","targetHints":{"allow":["GET"]}}],"collection":[{"href":"https:\/\/www.autonvaraosahaku.fi\/index.php?rest_route=\/wp\/v2\/product"}],"about":[{"href":"https:\/\/www.autonvaraosahaku.fi\/index.php?rest_route=\/wp\/v2\/types\/product"}],"wp:attachment":[{"href":"https:\/\/www.autonvaraosahaku.fi\/index.php?rest_route=%2Fwp%2Fv2%2Fmedia&parent=16129"}],"wp:term":[{"taxonomy":"pwb-brand","embeddable":true,"href":"https:\/\/www.autonvaraosahaku.fi\/index.php?rest_route=%2Fwp%2Fv2%2Fpwb-brand&post=16129"},{"taxonomy":"product_cat","embeddable":true,"href":"https:\/\/www.autonvaraosahaku.fi\/index.php?rest_route=%2Fwp%2Fv2%2Fproduct_cat&post=16129"},{"taxonomy":"product_tag","embeddable":true,"href":"https:\/\/www.autonvaraosahaku.fi\/index.php?rest_route=%2Fwp%2Fv2%2Fproduct_tag&post=16129"}],"curies":[{"name":"wp","href":"https:\/\/api.w.org\/{rel}","templated":true}]}}