{"id":16130,"date":"2021-02-21T14:26:18","date_gmt":"2021-02-21T14:26:18","guid":{"rendered":"https:\/\/www.autonvaraosahaku.fi\/?product=ridex-469o0003-oljynjaahdytin"},"modified":"2021-02-21T14:26:20","modified_gmt":"2021-02-21T14:26:20","slug":"ridex-469o0003-oljynjaahdytin","status":"publish","type":"product","link":"https:\/\/www.autonvaraosahaku.fi\/?product=ridex-469o0003-oljynjaahdytin","title":{"rendered":"RIDEX 469O0003 \u00d6ljynj\u00e4\u00e4hdytin"},"content":{"rendered":"<p>Kennon mitat: 94 x 62 x 42 mm; Vaihteistomalli: Schaltgetriebe; MAZDA: 3 BK,2 DY,2 DE,3 Stufenheck BK; SUZUKI: SX4 EY, GY,LIANA Schr\u00e4gheck,LIANA ER; TOYOTA: AYGO WNB1_, KGB1_; VOLVO: V50 MW,V70 III BW,C30,V60,S40 II MS,V40 Schr\u00e4gheck,S80 II AS,S60 II; FORD: FIESTA V JH_, JD_,FOCUS II Kombi DA_,FIESTA VI,FOCUS II DA_,FOCUS C-MAX,FUSION JU_,C-MAX DM2,FOCUS II Stufenheck DA_,FIESTA V Van,FIESTA VI Van; CITRO\u00cbN: C1 PM_, PN_,BERLINGO MF,C2 JM_,C3 I FC_,BERLINGO B9,C4 I LC_,DS3,BERLINGO Kasten M_,C3 Picasso,C3 II,XSARA N1,C4 Coupe LA_,C3 Pluriel HB_,XSARA Break N2,BERLINGO Kasten B9,XSARA Coupe N0,NEMO Kasten AA_,NEMO Kombi,C2 ENTERPRISE,BERLINGO Pritsche\/Fahrgestell B9; PEUGEOT: 206 Schr\u00e4gheck 2A\/C,207 WA_, WC_,307 SW 3H,307 3A\/C,207 SW WK_,107,308 SW,206 SW 2E\/K,208,206+ T3E,308 4A_, 4C_,307 Break 3E,PARTNER Tepee,1007 KM_,PARTNER Combispace 5F,2008,PARTNER Kasten 5,PARTNER Kasten,206 Stufenheck,BIPPER AA_,BIPPER Tepee,206 Van,207 Van,PARTNER Pritsche\/Fahrgestell,208 Kasten; 1103K0, 1103K2, 1103N9, 1145941, 1145954, 1359937, 1474845, 1489124, 1653073J01, 1660073J00, 1703252, 2S6Q6A642AA, 30711522, 30711523, 31259229, 31321630, 9687911280, AV2Q6L625AA, SU00100583, Y40114310, Y40114310A, Y40114310B, Y40114700, Y40214310, Y42514300, 1103K0, 1103K2, 1103N9, 1145941, 1145954, 1359937, 1474845, 1489124, 1653073J01, 1660073J00, 1703252, 2S6Q6A642AA, 30711522, 30711523, 31259229, 31321630, 9687911280, AV2Q6L625AA, SU00100583, Y40114310, Y40114310A, Y40114310B, Y40114700, Y40214310, Y42514300, 1103K0, 1103K2, 1103N9, 1145941, 1145954, 1359937, 1474845, 1489124, 1653073J01, 1660073J00, 1703252, 2S6Q6A642AA, 30711522, 30711523, 31259229, 31321630, 9687911280, AV2Q6L625AA, SU00100583, Y40114310, Y40114310A, Y40114310B, Y40114700, Y40214310, Y42514300, 1103K0, 1103K2, 1103N9, 1145941, 1145954, 1359937, 1474845, 1489124, 1653073J01, 1660073J00, 1703252, 2S6Q6A642AA, 30711522, 30711523, 31259229, 31321630, 9687911280, AV2Q6L625AA, SU00100583, Y40114310, Y40114310A, Y40&#8230;; \u00d6ljynlauhdutin,Moottori\u00f6ljyn J\u00e4\u00e4hdytin<\/p>\n","protected":false},"excerpt":{"rendered":"<p>RIDEX \u00d6ljynj\u00e4\u00e4hdytin 469O0003 \u00d6ljynlauhdutin,Moottori\u00f6ljyn J\u00e4\u00e4hdytin MAZDA,SUZUKI,TOYOTA,3 BK,2 DY,2 DE,3 Stufenheck BK,SX4 EY, GY,LIANA Schr\u00e4gheck<\/p>\n","protected":false},"featured_media":0,"template":"","meta":{"site-sidebar-layout":"default","site-content-layout":"default","ast-global-header-display":"","ast-main-header-display":"","ast-hfb-above-header-display":"","ast-hfb-below-header-display":"","ast-hfb-mobile-header-display":"","site-post-title":"","ast-breadcrumbs-content":"","ast-featured-img":"","footer-sml-layout":"","theme-transparent-header-meta":"","adv-header-id-meta":"","stick-header-meta":"","header-above-stick-meta":"","header-main-stick-meta":"","header-below-stick-meta":""},"pwb-brand":[157],"product_cat":[244],"product_tag":[],"class_list":{"0":"post-16130","1":"product","2":"type-product","3":"status-publish","5":"pwb-brand-ridex","6":"product_cat-oljynjaahdytin","7":"desktop-align-left","8":"tablet-align-left","9":"mobile-align-left","11":"first","12":"instock","13":"product-type-external"},"brands":[{"id":157,"name":"RIDEX","slug":"ridex"}],"_links":{"self":[{"href":"https:\/\/www.autonvaraosahaku.fi\/index.php?rest_route=\/wp\/v2\/product\/16130","targetHints":{"allow":["GET"]}}],"collection":[{"href":"https:\/\/www.autonvaraosahaku.fi\/index.php?rest_route=\/wp\/v2\/product"}],"about":[{"href":"https:\/\/www.autonvaraosahaku.fi\/index.php?rest_route=\/wp\/v2\/types\/product"}],"wp:attachment":[{"href":"https:\/\/www.autonvaraosahaku.fi\/index.php?rest_route=%2Fwp%2Fv2%2Fmedia&parent=16130"}],"wp:term":[{"taxonomy":"pwb-brand","embeddable":true,"href":"https:\/\/www.autonvaraosahaku.fi\/index.php?rest_route=%2Fwp%2Fv2%2Fpwb-brand&post=16130"},{"taxonomy":"product_cat","embeddable":true,"href":"https:\/\/www.autonvaraosahaku.fi\/index.php?rest_route=%2Fwp%2Fv2%2Fproduct_cat&post=16130"},{"taxonomy":"product_tag","embeddable":true,"href":"https:\/\/www.autonvaraosahaku.fi\/index.php?rest_route=%2Fwp%2Fv2%2Fproduct_tag&post=16130"}],"curies":[{"name":"wp","href":"https:\/\/api.w.org\/{rel}","templated":true}]}}