{"id":16140,"date":"2021-02-21T14:26:22","date_gmt":"2021-02-21T14:26:22","guid":{"rendered":"https:\/\/www.autonvaraosahaku.fi\/?product=ridex-686s0053-sytytystulpat"},"modified":"2021-02-21T14:26:22","modified_gmt":"2021-02-21T14:26:22","slug":"ridex-686s0053-sytytystulpat","status":"publish","type":"product","link":"https:\/\/www.autonvaraosahaku.fi\/?product=ridex-686s0053-sytytystulpat","title":{"rendered":"RIDEX 686S0053 Sytytystulpat"},"content":{"rendered":"<p>K\u00e4rkiv\u00e4li (mm): 0,9; Kiristysmomentti: 23; Kiristyskulma [Grad]: 90; Ulkokierre [mm]: 12; Kierrenousu (mm): 1,25; Kierteen pituus (mm): 26,5; Avainv\u00e4li: 14; Kipin\u00e4et\u00e4isyys [mm]: 5; Napojen m\u00e4\u00e4r\u00e4: 1; Valmistusvuoteen: 12\/2015; NISSAN: KUBISTAR X76,KUBISTAR Kasten X80; DACIA: SANDERO,SANDERO II,LOGAN MCV II,LOGAN LS_,LOGAN II; SMART: FORTWO Coupe 453,FORFOUR Schr\u00e4gheck 453,FORTWO Cabriolet 453; RENAULT: TWINGO I C06_,CLIO II BB0\/1\/2_, CB0\/1\/2_,CLIO III BR0\/1, CR0\/1,KANGOO KC0\/1_,TWINGO II CN0_,MODUS \/ GRAND MODUS F\/JP0_,CLIO IV,KANGOO Express FC0\/1_,CLIO Grandtour KR0\/1_,TWINGO I Kasten S06_,CLIO Grandtour IV,THALIA I LB0\/1\/2_,CLIO III Kasten SB_, SR_,TWINGO III,THALIA II LU1\/2_,CLIO IV Kasten,LOGAN II Kombi,THALIA III; CITRO\u00cbN: C2 JM_,C3 I FC_,C4 I LC_,C4 Coupe LA_; PEUGEOT: 206 Schr\u00e4gheck 2A\/C,207 WA_, WC_,307 SW 3H,307 3A\/C,206 SW 2E\/K,307 Break 3E,1007 KM_; 596055, 596056, 596083, 596084, 5960G1, 596055, 596056, 596083, 596084, 5960G1, 8200030765, 8200332273, 8200662185; Tulpat,Sytytystulppa<\/p>\n","protected":false},"excerpt":{"rendered":"<p>RIDEX Sytytystulpat 686S0053 Tulpat,Sytytystulppa NISSAN,DACIA,SMART,KUBISTAR X76,KUBISTAR Kasten X80,SANDERO,SANDERO II,LOGAN MCV II,LOGAN LS_<\/p>\n","protected":false},"featured_media":0,"template":"","meta":{"site-sidebar-layout":"default","site-content-layout":"default","ast-global-header-display":"","ast-main-header-display":"","ast-hfb-above-header-display":"","ast-hfb-below-header-display":"","ast-hfb-mobile-header-display":"","site-post-title":"","ast-breadcrumbs-content":"","ast-featured-img":"","footer-sml-layout":"","theme-transparent-header-meta":"","adv-header-id-meta":"","stick-header-meta":"","header-above-stick-meta":"","header-main-stick-meta":"","header-below-stick-meta":""},"pwb-brand":[157],"product_cat":[165],"product_tag":[],"class_list":{"0":"post-16140","1":"product","2":"type-product","3":"status-publish","5":"pwb-brand-ridex","6":"product_cat-sytytystulpat","7":"desktop-align-left","8":"tablet-align-left","9":"mobile-align-left","11":"first","12":"instock","13":"product-type-external"},"brands":[{"id":157,"name":"RIDEX","slug":"ridex"}],"_links":{"self":[{"href":"https:\/\/www.autonvaraosahaku.fi\/index.php?rest_route=\/wp\/v2\/product\/16140","targetHints":{"allow":["GET"]}}],"collection":[{"href":"https:\/\/www.autonvaraosahaku.fi\/index.php?rest_route=\/wp\/v2\/product"}],"about":[{"href":"https:\/\/www.autonvaraosahaku.fi\/index.php?rest_route=\/wp\/v2\/types\/product"}],"wp:attachment":[{"href":"https:\/\/www.autonvaraosahaku.fi\/index.php?rest_route=%2Fwp%2Fv2%2Fmedia&parent=16140"}],"wp:term":[{"taxonomy":"pwb-brand","embeddable":true,"href":"https:\/\/www.autonvaraosahaku.fi\/index.php?rest_route=%2Fwp%2Fv2%2Fpwb-brand&post=16140"},{"taxonomy":"product_cat","embeddable":true,"href":"https:\/\/www.autonvaraosahaku.fi\/index.php?rest_route=%2Fwp%2Fv2%2Fproduct_cat&post=16140"},{"taxonomy":"product_tag","embeddable":true,"href":"https:\/\/www.autonvaraosahaku.fi\/index.php?rest_route=%2Fwp%2Fv2%2Fproduct_tag&post=16140"}],"curies":[{"name":"wp","href":"https:\/\/api.w.org\/{rel}","templated":true}]}}