{"id":16144,"date":"2021-02-21T14:26:22","date_gmt":"2021-02-21T14:26:22","guid":{"rendered":"https:\/\/www.autonvaraosahaku.fi\/?product=ridex-686s0007-sytytystulpat"},"modified":"2021-02-21T14:26:23","modified_gmt":"2021-02-21T14:26:23","slug":"ridex-686s0007-sytytystulpat","status":"publish","type":"product","link":"https:\/\/www.autonvaraosahaku.fi\/?product=ridex-686s0007-sytytystulpat","title":{"rendered":"RIDEX 686S0007 Sytytystulpat"},"content":{"rendered":"<p>K\u00e4rkiv\u00e4li (mm): 1,0; Kiristysmomentti: 28; Kiristyskulma [Grad]: 90; Ulkokierre [mm]: 14; Kierrenousu (mm): 1,25; Kierteen pituus (mm): 19; Avainv\u00e4li: 16; Liittimet: Gewindebolzen M4; Kipin\u00e4et\u00e4isyys [mm]: 5; Napojen m\u00e4\u00e4r\u00e4: 2; Valmistusvuosi alkaen: 09\/1991; VW: PASSAT Variant 3B6,PASSAT Variant 3A5, 35I,PASSAT 3B3,PASSAT 3A2, 35I; AUDI: A4 Avant 8ED, B7,A4 Avant 8E5, B6,A6 Avant 4B5, C5,A4 8E2, B6,A6 4B2, C5,A4 Cabriolet 8H7, B6, 8HE, B7,A4 8EC, B7; DAEWOO: REZZO KLAU,LACETTI Schr\u00e4gheck KLAN,NUBIRA Stufenheck KLAN,NUBIRA Wagon KLAN,NUBIRA Wagon KLAJ,LEGANZA KLAV,NUBIRA Stufenheck KLAJ,NUBIRA KLAJ,LACETTI Stufenheck J200,NUBIRA Stufenheck J150,NUBIRA Kombi J150; SKODA: FELICIA I 6U1,FELICIA II 6U1,FELICIA I Fun 797,FELICIA I Kombi 6U5,FELICIA II Kombi 6U5; CHEVROLET: CAPTIVA C100, C140,NUBIRA Kombi,EPICA KL1_,LACETTI J200,REZZO,CAPTIVA SPORT,EVANDA,NUBIRA Stufenheck; OPEL: CORSA C F08, F68,MERIVA,ZAFIRA A F75_,ASTRA G CC F48_, F08_,OMEGA A 16_, 17_, 19_,ASTRA G Caravan F35_,CORSA B 73_, 78_, 79_,VECTRA C Caravan,VECTRA C,AGILA A H00,VECTRA B 36_,ASTRA F CC 53_, 54_, 58_, 59_,OMEGA B Caravan 21_, 22_, 23_,OMEGA B 25_, 26_, 27_,VECTRA C GTS,ANTARA,TIGRA TwinTop,VECTRA B Caravan 31_,ASTRA G Cabriolet F67,ASTRA F Caravan 51_, 52_,FRONTERA B 6B_,ASTRA G Coupe F07_,COMBO Kasten\/Kombi,ASTRA G Stufenheck F69_,CALIBRA A 85_,VECTRA B CC 38_,COMBO Tour,VECTRA A 86_, 87_,CORSA CLASSIC Stufenheck,ASTRA F Cabriolet 53_B,ASTRA F 56_, 57_,KADETT E CC 33_, 34_, 43_, 44_,SINTRA,FRONTERA A Sport 5_SUD2,TIGRA 95_,CORSA A CC 93_, 94_, 98_, 99_,FRONTERA A 5_MWL4,CORSA C Kasten F08, W5L,VECTRA A CC 88_, 89_,COMBO 71_,KADETT E Cabriolet 43B_,CORSA C Utility Pick-up,OMEGA A Caravan 66_, 67_,ASTRA F CLASSIC CC,CORSA A TR 91_, 92_, 96_, 97_,SPEEDSTER,ASTRA F CLASSIC Stufenheck,ASTRA F CLASSIC Caravan,KADETT E 39_, 49_,CORSA B Kasten 73_,ASTRA G Kasten F70; BMW: 5 E39,3 Coupe E46,3 E36,3 Coupe E36,Z3 E36,5 E34,3 Cabriolet E30,3 Cabriolet E36,5 Touring E34; DAIHATSU: CUORE VII L251,CUORE VI L7_,TREVIS,YRV M2; SAAB: 9000 Schr\u00e4gheck,900 II Cabriolet,900 II,9000,900 II Coupe; RENAULT: CLIO II BB0\/1\/2_, CB0\/1\/2_,KANGOO Express FC0\/1_,THALIA II LU1\/2_; 101000033AG, 12129064617, 09146367, 93230927, 93742299, 9004851165000, 46480309, 9619624580, K9619624580, 9619624580, K9619624580, 1214000, 1214005, 1214455, 32017540, 32025875, 90444723, 90462939, 90588128, 91132006, 9146367, 9195109, 7700107916, 9195109, 101000033AG, 90444724, 91132006, 9195109, 101000033AG; Tulpat,Sytytystulppa<\/p>\n","protected":false},"excerpt":{"rendered":"<p>RIDEX Sytytystulpat 686S0007 Tulpat,Sytytystulppa VW,AUDI,DAEWOO,PASSAT Variant 3B6,PASSAT Variant 3A5, 35I,PASSAT 3B3,PASSAT 3A2, 35I<\/p>\n","protected":false},"featured_media":0,"template":"","meta":{"site-sidebar-layout":"default","site-content-layout":"default","ast-global-header-display":"","ast-main-header-display":"","ast-hfb-above-header-display":"","ast-hfb-below-header-display":"","ast-hfb-mobile-header-display":"","site-post-title":"","ast-breadcrumbs-content":"","ast-featured-img":"","footer-sml-layout":"","theme-transparent-header-meta":"","adv-header-id-meta":"","stick-header-meta":"","header-above-stick-meta":"","header-main-stick-meta":"","header-below-stick-meta":""},"pwb-brand":[157],"product_cat":[165],"product_tag":[],"class_list":{"0":"post-16144","1":"product","2":"type-product","3":"status-publish","5":"pwb-brand-ridex","6":"product_cat-sytytystulpat","7":"desktop-align-left","8":"tablet-align-left","9":"mobile-align-left","11":"first","12":"instock","13":"product-type-external"},"brands":[{"id":157,"name":"RIDEX","slug":"ridex"}],"_links":{"self":[{"href":"https:\/\/www.autonvaraosahaku.fi\/index.php?rest_route=\/wp\/v2\/product\/16144","targetHints":{"allow":["GET"]}}],"collection":[{"href":"https:\/\/www.autonvaraosahaku.fi\/index.php?rest_route=\/wp\/v2\/product"}],"about":[{"href":"https:\/\/www.autonvaraosahaku.fi\/index.php?rest_route=\/wp\/v2\/types\/product"}],"wp:attachment":[{"href":"https:\/\/www.autonvaraosahaku.fi\/index.php?rest_route=%2Fwp%2Fv2%2Fmedia&parent=16144"}],"wp:term":[{"taxonomy":"pwb-brand","embeddable":true,"href":"https:\/\/www.autonvaraosahaku.fi\/index.php?rest_route=%2Fwp%2Fv2%2Fpwb-brand&post=16144"},{"taxonomy":"product_cat","embeddable":true,"href":"https:\/\/www.autonvaraosahaku.fi\/index.php?rest_route=%2Fwp%2Fv2%2Fproduct_cat&post=16144"},{"taxonomy":"product_tag","embeddable":true,"href":"https:\/\/www.autonvaraosahaku.fi\/index.php?rest_route=%2Fwp%2Fv2%2Fproduct_tag&post=16144"}],"curies":[{"name":"wp","href":"https:\/\/api.w.org\/{rel}","templated":true}]}}