{"id":16163,"date":"2021-02-21T14:26:26","date_gmt":"2021-02-21T14:26:26","guid":{"rendered":"https:\/\/www.autonvaraosahaku.fi\/?product=ridex-3922l0069-lambda-anturi"},"modified":"2021-02-21T14:26:26","modified_gmt":"2021-02-21T14:26:26","slug":"ridex-3922l0069-lambda-anturi","status":"publish","type":"product","link":"https:\/\/www.autonvaraosahaku.fi\/?product=ridex-3922l0069-lambda-anturi","title":{"rendered":"RIDEX 3922L0069 Lambda anturi"},"content":{"rendered":"<p>Johtimien m\u00e4\u00e4r\u00e4: 4; Kaapelinmitta (mm): 500; Pakoputkisto: ennen katalysaattoria; Avainv\u00e4li: 22; Ulkokierre [mm]: M18 x 1,5; J\u00e4nnite (V): 12; Asennuspuoli: Abgaskr\u00fcmmer; LEXUS: IS II GSE2_, ALE2_, USE2_,IS I JCE1_, GXE1_,GS GRS19_, UZS19_, GWS19_,GS UZS161, JZS160,IS SportCross,GS JZS147,IS C GSE2_,LX UZJ100,LX URJ201,ES GSV4_, ACV4_,GX URJ15_,ES MCV_, VZV_; DAIHATSU: SIRION M3_,CUORE VI L7_,MATERIA M4_,TERIOS J2_,TREVIS,SIRION M1,YRV M2,TERIOS J1,COPEN L880_, L881_,MOVE L6, L9,GRAN MOVE G3; SUBARU: JUSTY IV; TOYOTA: YARIS SCP9_, NSP9_, KSP9_, NCP9_, ZSP9_,YARIS SCP1_, NLP1_, NCP1_,AVENSIS Kombi T25,AURIS NRE15_, ZZE15_, ADE15_, ZRE15_, NDE15_,RAV 4 III ACA3_, ACE_, ALA3_, GSA3_, ZSA3_,RAV 4 II CLA2_, XA2_, ZCA2_, ACA2_,AVENSIS T25_,YARIS VERSO _NLP2_, _NCP2_,YARIS NHP13_, NSP13_, NCP13_, KSP13_, NLP13_,STARLET EP91,AVENSIS Stufenheck T25,AVENSIS _T22_,COROLLA Liftback _E11_,COROLLA Compact _E11_,AVENSIS Station Wagon _T22_,RAV 4 I SXA1_,COROLLA Verso ZDE12_, CDE12_,RAV 4 IV ZSA4_, ALA4_,PREVIA MCR3_, ACR3_, CLR3_,LAND CRUISER KDJ12_, GRJ12_,COROLLA Stufenheck _E12J_, _E12T_,AVENSIS Liftback _T22_,PICNIC _XM10,LAND CRUISER 90 _J9_,MR 2 II SW2_,MR 2 III ZZW3_,PASEO Coupe EL54,CARINA E _T19_,LAND CRUISER 100 UZJ100,CELICA ST20_, AT20_,COROLLA _E11_,CARINA E Stufenheck _T19_,COROLLA Wagon __E11_,SUPRA JZA80,CARINA E Sportswagon _T19_,RAV 4 \u00a0 SXA1_,CAMRY MCV3_, ACV3_, _XV3_,CAMRY _CV2_, _XV2_,HIACE IV Bus LH1_,LAND CRUISER VDJ20_, UZJ20_,PASEO Cabriolet EL54,COROLLA _E10_,PRIUS Stufe; 8946510070000, 8946520280000, 8946520450000, 8946520600000, 8946587112000, 8946587113000, 8946587401000, 8946587402000, 8946587505000, 8946587708000, 8946597403000, 8946597405000, 8946597407000, 8946597409000, 8946597501000, 89465B1020000, 89465B4020000, 8946587505000, 89465B1020, 8946502030, 8946504090, 8946504280, 8946504320, 8946504330, 8946504340, 8946504350, 8946505100, 8946506150, 8946506190, 8946506200, 8946506230, 8946506250, 8946506290, 8946507010, 8946507040, 8946507050, 894650C160, 894650C170, 894650C180, 894650C190, 894650D040, 894650D140, 894650K060, 894650R020, 894650T030, 8946510060, 8946510070, 8946512390, 8946512400, 8946512510, 8946512540, 8946512550, 8946512580, 8946512680, 8946514120, 8946514140, 8946514200, 8946514220, 8946516050, 8946516060, 8946516080, 8946516120, 8946516140, 8946517180, 8946520270, 8946520280, 8946520400, 8946520430, 8946520450, 8946520490, 8946520520, 8946520560, 8946520600, 8946520750, 8946520800, 8946526130, 8946528220, 8946528400, 89465302&#8230;; Lambdatunnistin,Happianturi<\/p>\n","protected":false},"excerpt":{"rendered":"<p>RIDEX Lambda Anturi 3922L0069 Lambdatunnistin,Happianturi LEXUS,DAIHATSU,SUBARU,IS II GSE2_, ALE2_, USE2_,IS I JCE1_, GXE1_,GS GRS19_, UZS19_, GWS19_<\/p>\n","protected":false},"featured_media":0,"template":"","meta":{"site-sidebar-layout":"default","site-content-layout":"default","ast-global-header-display":"","ast-main-header-display":"","ast-hfb-above-header-display":"","ast-hfb-below-header-display":"","ast-hfb-mobile-header-display":"","site-post-title":"","ast-breadcrumbs-content":"","ast-featured-img":"","footer-sml-layout":"","theme-transparent-header-meta":"","adv-header-id-meta":"","stick-header-meta":"","header-above-stick-meta":"","header-main-stick-meta":"","header-below-stick-meta":""},"pwb-brand":[157],"product_cat":[264],"product_tag":[],"class_list":{"0":"post-16163","1":"product","2":"type-product","3":"status-publish","5":"pwb-brand-ridex","6":"product_cat-lambda-anturi","7":"desktop-align-left","8":"tablet-align-left","9":"mobile-align-left","11":"first","12":"instock","13":"product-type-external"},"brands":[{"id":157,"name":"RIDEX","slug":"ridex"}],"_links":{"self":[{"href":"https:\/\/www.autonvaraosahaku.fi\/index.php?rest_route=\/wp\/v2\/product\/16163","targetHints":{"allow":["GET"]}}],"collection":[{"href":"https:\/\/www.autonvaraosahaku.fi\/index.php?rest_route=\/wp\/v2\/product"}],"about":[{"href":"https:\/\/www.autonvaraosahaku.fi\/index.php?rest_route=\/wp\/v2\/types\/product"}],"wp:attachment":[{"href":"https:\/\/www.autonvaraosahaku.fi\/index.php?rest_route=%2Fwp%2Fv2%2Fmedia&parent=16163"}],"wp:term":[{"taxonomy":"pwb-brand","embeddable":true,"href":"https:\/\/www.autonvaraosahaku.fi\/index.php?rest_route=%2Fwp%2Fv2%2Fpwb-brand&post=16163"},{"taxonomy":"product_cat","embeddable":true,"href":"https:\/\/www.autonvaraosahaku.fi\/index.php?rest_route=%2Fwp%2Fv2%2Fproduct_cat&post=16163"},{"taxonomy":"product_tag","embeddable":true,"href":"https:\/\/www.autonvaraosahaku.fi\/index.php?rest_route=%2Fwp%2Fv2%2Fproduct_tag&post=16163"}],"curies":[{"name":"wp","href":"https:\/\/api.w.org\/{rel}","templated":true}]}}