{"id":16165,"date":"2021-02-21T14:26:26","date_gmt":"2021-02-21T14:26:26","guid":{"rendered":"https:\/\/www.autonvaraosahaku.fi\/?product=ridex-914t0114-raidetangon-paa"},"modified":"2021-02-21T14:26:27","modified_gmt":"2021-02-21T14:26:27","slug":"ridex-914t0114-raidetangon-paa","status":"publish","type":"product","link":"https:\/\/www.autonvaraosahaku.fi\/?product=ridex-914t0114-raidetangon-paa","title":{"rendered":"RIDEX 914T0114 Raidetangon p\u00e4\u00e4"},"content":{"rendered":"<p>Asennuspuoli: Etuakseli, Oikea; Sis\u00e4kierre (mm): M14x1,5; Kierremalli: Oikealla kierteell\u00e4; Pituus (mm): 246; Kartiomitta (mm): 14,6; Kierremitta: M12x1,5; BMW: 3 E46,3 Touring E46,3 Compact E46,3 Coupe E46,3 Cabriolet E46,Z4 E85,Z4 Coupe E86; ALPINA: B3 E46,B3 Kombi E46; 1095958, 32106774221, 32211095958, 6774221<\/p>\n","protected":false},"excerpt":{"rendered":"<p>RIDEX Raidetangon P\u00e4\u00e4 914T0114  BMW,ALPINA,3 E46,3 Touring E46,3 Compact E46,3 Coupe E46,3 Cabriolet E46,Z4 E85,Z4 Coupe E86,B3 E46,B3 Kombi E46<\/p>\n","protected":false},"featured_media":0,"template":"","meta":{"site-sidebar-layout":"default","site-content-layout":"default","ast-global-header-display":"","ast-main-header-display":"","ast-hfb-above-header-display":"","ast-hfb-below-header-display":"","ast-hfb-mobile-header-display":"","site-post-title":"","ast-breadcrumbs-content":"","ast-featured-img":"","footer-sml-layout":"","theme-transparent-header-meta":"","adv-header-id-meta":"","stick-header-meta":"","header-above-stick-meta":"","header-main-stick-meta":"","header-below-stick-meta":""},"pwb-brand":[157],"product_cat":[96],"product_tag":[],"class_list":{"0":"post-16165","1":"product","2":"type-product","3":"status-publish","5":"pwb-brand-ridex","6":"product_cat-raidetangon-paa","7":"desktop-align-left","8":"tablet-align-left","9":"mobile-align-left","11":"first","12":"instock","13":"product-type-external"},"brands":[{"id":157,"name":"RIDEX","slug":"ridex"}],"_links":{"self":[{"href":"https:\/\/www.autonvaraosahaku.fi\/index.php?rest_route=\/wp\/v2\/product\/16165","targetHints":{"allow":["GET"]}}],"collection":[{"href":"https:\/\/www.autonvaraosahaku.fi\/index.php?rest_route=\/wp\/v2\/product"}],"about":[{"href":"https:\/\/www.autonvaraosahaku.fi\/index.php?rest_route=\/wp\/v2\/types\/product"}],"wp:attachment":[{"href":"https:\/\/www.autonvaraosahaku.fi\/index.php?rest_route=%2Fwp%2Fv2%2Fmedia&parent=16165"}],"wp:term":[{"taxonomy":"pwb-brand","embeddable":true,"href":"https:\/\/www.autonvaraosahaku.fi\/index.php?rest_route=%2Fwp%2Fv2%2Fpwb-brand&post=16165"},{"taxonomy":"product_cat","embeddable":true,"href":"https:\/\/www.autonvaraosahaku.fi\/index.php?rest_route=%2Fwp%2Fv2%2Fproduct_cat&post=16165"},{"taxonomy":"product_tag","embeddable":true,"href":"https:\/\/www.autonvaraosahaku.fi\/index.php?rest_route=%2Fwp%2Fv2%2Fproduct_tag&post=16165"}],"curies":[{"name":"wp","href":"https:\/\/api.w.org\/{rel}","templated":true}]}}