{"id":16189,"date":"2021-02-21T14:26:30","date_gmt":"2021-02-21T14:26:30","guid":{"rendered":"https:\/\/www.autonvaraosahaku.fi\/?product=ridex-243g0015-hehkutulppa"},"modified":"2021-02-21T14:26:32","modified_gmt":"2021-02-21T14:26:32","slug":"ridex-243g0015-hehkutulppa","status":"publish","type":"product","link":"https:\/\/www.autonvaraosahaku.fi\/?product=ridex-243g0015-hehkutulppa","title":{"rendered":"RIDEX 243G0015 Hehkutulppa"},"content":{"rendered":"<p>Hehkutulppatyyppi: Hehkutulppa, puikko, j\u00e4lkihehkutuksenkest\u00e4v\u00e4; Nimellisj\u00e4nnite (V): 11; Pituus (mm): 97; Kierre 1: M 10 x 1; Kartionousu: 63; Avainv\u00e4li: 10; Kiristysmomentti > [Nm]: 10; Liittimet: PIN; Asennussyvyys (mm): 30; TECDOC-moottorinumero: 149; VW: GOLF IV 1J1,POLO 9N_,PASSAT Variant 3B6,LUPO 6X1, 6E1,GOLF IV Variant 1J5,SHARAN 7M8, 7M9, 7M6,CADDY III Kombi 2KB, 2KJ, 2CB, 2CJ,TRANSPORTER V Bus 7HB, 7HJ, 7EB, 7EJ, 7EF,FOX 5Z1, 5Z3,TOUAREG 7LA, 7L6, 7L7,MULTIVAN V 7HM, 7HN, 7HF, 7EF, 7EM, 7EN,CADDY III Kasten 2KA, 2KH, 2CA, 2CH,BORA 1J2,TRANSPORTER V Kasten 7HA, 7HH, 7EA, 7EH,NEW BEETLE 9C1, 1C1,PASSAT 3B3,PHAETON 3D_,BORA Kombi 1J6,NEW BEETLE Cabriolet 1Y7,TRANSPORTER V Pritsche\/Fahrgestell 7JD, 7JE, 7JL, 7JY, 7JZ,,POLO Stufenheck 9A4,GOLF IV Van 1J1; AUDI: A3 8L1,A4 Avant 8E5, B6,A6 Avant 4B5, C5,A4 8E2, B6,A2 8Z0,A6 4B2, C5; JEEP: GRAND CHEROKEE II WJ, WG,GRAND CHEROKEE I ZJ,CHEROKEE XJ; SKODA: FABIA Combi 6Y5,FABIA,FABIA 6Y2,OCTAVIA Combi 1U5,FABIA Combi,ROOMSTER 5J,OCTAVIA 1U2,SUPERB 3U4,FABIA Stufenheck 6Y3,ROOMSTER Praktik 5J,FABIA Praktik; SEAT: IBIZA IV 6L1,LEON 1M1,AROSA 6H,ALHAMBRA 7V8, 7V9,TOLEDO II 1M2,CORDOBA 6L2; CHRYSLER: VOYAGER III GS,VOYAGER II ES; OPEL: FRONTERA A Sport 5_SUD2,FRONTERA A 5_MWL4; ROVER: 45 Stufenheck RT,45 RT,400 RT,400 Hatchback RT,800 XS,800 Hatchback XS,800 Coupe; FORD: GALAXY WGR,SCORPIO II GFR, GGR,SCORPIO II Kombi GNR, GGR; ALFA ROMEO: 164 164,155 167; N10579201, 046072003F, 04863826, 46072003F, 4863826, 04863826, 4863826, 60617002, 61617002, 1207068, 1690048, 1M2118B515AA, 95DD6M090AA, EZD36, V95DD6M090AA, 04863826, 4863826, 1214427, 32017512, 91153919, NCC100080, NCC100080L, N10579201, N10579202, N10579201, N10579202, 91153919, N10579201, N10579202<\/p>\n","protected":false},"excerpt":{"rendered":"<p>RIDEX Hehkutulppa 243G0015  VW,AUDI,JEEP,GOLF IV 1J1,POLO 9N_,PASSAT Variant 3B6,LUPO 6X1, 6E1,GOLF IV Variant 1J5,SHARAN 7M8, 7M9, 7M6<\/p>\n","protected":false},"featured_media":0,"template":"","meta":{"site-sidebar-layout":"default","site-content-layout":"default","ast-global-header-display":"","ast-main-header-display":"","ast-hfb-above-header-display":"","ast-hfb-below-header-display":"","ast-hfb-mobile-header-display":"","site-post-title":"","ast-breadcrumbs-content":"","ast-featured-img":"","footer-sml-layout":"","theme-transparent-header-meta":"","adv-header-id-meta":"","stick-header-meta":"","header-above-stick-meta":"","header-main-stick-meta":"","header-below-stick-meta":""},"pwb-brand":[157],"product_cat":[52],"product_tag":[],"class_list":{"0":"post-16189","1":"product","2":"type-product","3":"status-publish","5":"pwb-brand-ridex","6":"product_cat-hehkutulppa","7":"desktop-align-left","8":"tablet-align-left","9":"mobile-align-left","11":"first","12":"instock","13":"product-type-external"},"brands":[{"id":157,"name":"RIDEX","slug":"ridex"}],"_links":{"self":[{"href":"https:\/\/www.autonvaraosahaku.fi\/index.php?rest_route=\/wp\/v2\/product\/16189","targetHints":{"allow":["GET"]}}],"collection":[{"href":"https:\/\/www.autonvaraosahaku.fi\/index.php?rest_route=\/wp\/v2\/product"}],"about":[{"href":"https:\/\/www.autonvaraosahaku.fi\/index.php?rest_route=\/wp\/v2\/types\/product"}],"wp:attachment":[{"href":"https:\/\/www.autonvaraosahaku.fi\/index.php?rest_route=%2Fwp%2Fv2%2Fmedia&parent=16189"}],"wp:term":[{"taxonomy":"pwb-brand","embeddable":true,"href":"https:\/\/www.autonvaraosahaku.fi\/index.php?rest_route=%2Fwp%2Fv2%2Fpwb-brand&post=16189"},{"taxonomy":"product_cat","embeddable":true,"href":"https:\/\/www.autonvaraosahaku.fi\/index.php?rest_route=%2Fwp%2Fv2%2Fproduct_cat&post=16189"},{"taxonomy":"product_tag","embeddable":true,"href":"https:\/\/www.autonvaraosahaku.fi\/index.php?rest_route=%2Fwp%2Fv2%2Fproduct_tag&post=16189"}],"curies":[{"name":"wp","href":"https:\/\/api.w.org\/{rel}","templated":true}]}}