{"id":16194,"date":"2021-02-21T14:26:30","date_gmt":"2021-02-21T14:26:30","guid":{"rendered":"https:\/\/www.autonvaraosahaku.fi\/?product=ridex-243g0003-hehkutulppa"},"modified":"2021-02-21T14:26:32","modified_gmt":"2021-02-21T14:26:32","slug":"ridex-243g0003-hehkutulppa","status":"publish","type":"product","link":"https:\/\/www.autonvaraosahaku.fi\/?product=ridex-243g0003-hehkutulppa","title":{"rendered":"RIDEX 243G0003 Hehkutulppa"},"content":{"rendered":"<p>J\u00e4nnite (V): 11; Liittimet: M5; L\u00e4pimitta [mm]: 6,1; Kierremitta: M12x1,25; Kokonaispituus (mm): 72; Avainv\u00e4li: 12 mm; Hehkutulppatyyppi: Hehkutulppa, puikko; Asennussyvyys (mm): 24,3; Katkeamismomentti [Nm]: 45; Kiristysmomentti > [Nm]: 15; Kartionousu: 63-; Tarvittava kappalem\u00e4\u00e4r\u00e4: 6; JEEP: CHEROKEE XJ,COMANCHE MJ; LADA: NIVA 2121; SUZUKI: SAMURAI SJ,VITARA ET, TA,VITARA Cabrio ET, TA,BALENO Kombi EG,BALENO EG,BALENO Schr\u00e4gheck EG,SAMURAI Gel\u00e4ndewagen offen SJ; SEAT: IBIZA I 021A,MALAGA 023A,131,132,RONDA 022A,RITMO 138; CHEVROLET: C1500 Pick-up; MERCEDES-BENZ: 190 W201,Stufenheck W124,Stufenheck W123,KOMBI Kombi S124,G-CLASS W460,COUPE C123,SPRINTER 3-t Kasten 903,SPRINTER 2-t Bus 901, 902,SPRINTER 2-t Kasten 901, 902,SPRINTER 3-t Bus 903,KOMBI Kombi S123,SPRINTER 3-t Pritsche\/Fahrgestell 903,T1 Bus 601,100 Bus 631,T1 Pritsche\/Fahrgestell 602,T2\/L Kasten\/Kombi,T1 Kasten 602,100 Kasten 631,SPRINTER 4-t Pritsche\/Fahrgestell 904,T1 Pritsche\/Fahrgestell 601,T2\/LN1 Kasten\/Kombi,SPRINTER 2-t Pritsche\/Fahrgestell 901, 902,T1 Kasten 601,100 Pritsche\/Fahrgestell 631,SPRINTER 4-t Kasten 904,T2\/L Pritsche\/Fahrgestell,T1\/TN Pritsche\/Fahrgestell,T2\/LN1 Pritsche\/Fahrgestell,T1\/TN Kasten\/Kombi,T2\/LN1 Kipper,UNIMOG; LAND ROVER: DEFENDER Station Wagon LD,RANGE ROVER II LP,DEFENDER Cabrio LD,90\/110 DHMC,88\/109,88\/109 Hardtop; CHRYSLER: VOYAGER II ES; LANCIA: DELTA I 831AB0,THEMA 834,ZETA 220,DEDRA 835,DEDRA SW 835,THEMA SW 834,PRISMA 831AB0; OPEL: ASTRA G CC F48_, F08_,OMEGA A 16_, 17_, 19_,ASTRA G Caravan F35_,ASTRA F CC 53_, 54_, 58_, 59_,OMEGA B Caravan 21_, 22_, 23_,OMEGA B 25_, 26_, 27_,ASTRA F Caravan 51_, 52_,COMBO Kasten\/Kombi,ASTRA G Stufenheck F69_,COMBO Tour,VECTRA A 86_, 87_,ASTRA F 56_, 57_,KADETT E CC 33_, 34_, 43_, 44_,FRONTERA A 5_MWL4,VECTRA A CC 88_, 89_,ASCONA B 81_, 86_, 87_, 88_,ASCONA C 81_, 86_, 87_, 88_,REKORD E 17_-19_, 11_, 14_, 16_,SENATOR A 29_,OMEGA A Caravan 66_, 67_,KADETT D 31_-34_, 41_-44_,KADETT E 39_, 49_,ASCONA C CC 84_, 89_,ASTRA G Kasten F70,KADETT E Caravan 35_, 36_, 45_, 46_,ASTRA F Van 55_,REKORD E Caravan 61_, 66_, 67_,KADETT D 32_,37_,39, _42,KADETT D Caravan 35_, 36_, 45_, 46_,KADETT E Kasten 37_, 47_,ARENA Kasten TB, TF,KADETT E Combo 38_, 48_; 46072001, 4729595, 60596245, 12121286059, 12121288161, 12231288245, 12232240255, 12232241387, 12232241388, 12232241389, 12239061353, 12239061354, 4720600, T0701130, 596154, 5962008, 596203, 596208, 59621R, 59621T, 59621V, 59623H, 59623J, 596258, 5962J4, 5962R8, 5962S8, 5962T1, 5962W8, 5962X1, 91536646, 95493206, 95534788, 96076258, 96141678, 96165724, 9633214380, MKP00065, 0192618, 105977, 1353958, 07029585, 4393814, 4474413, 4714294, 4729585, 4754011, 4774412, 4774413, 4781356, 4849406, 5493206, 5950464, 5951861, 5951861FU2B, 5951879, 5951881, 5951881FU2A, 5951882, 5973752, 5973753, 60812292, 7029585, 71719015, 71735461, 762266740, 7702960, 7735920, 77359200, 9616472480, 96165724, 9633214380, 98462490, F2VB, F4VB, FU2A, FU4A, 1587444, 1H4Z18C636BA, 6063505, 6154593, 7072673, 785F6M090BA, 785F6M090CB, 786B6M090CA, 78GB6M090CA, 83BB6M090A1A, 83BB6M090A2A, 84BB6M090AA, 84FF6M090B2A, 89FF6M091AA, 910X6M090BA, 94DD6M090AA, V94DX6M090AA, XH2270G239AA, B19N, B20N, B22N, B23R, B29SR, B30SR,&#8230;<\/p>\n","protected":false},"excerpt":{"rendered":"<p>RIDEX Hehkutulppa 243G0003  JEEP,LADA,SUZUKI,CHEROKEE XJ,COMANCHE MJ,NIVA 2121,SAMURAI SJ,VITARA ET, TA,VITARA Cabrio ET, TA,BALENO Kombi EG,BALENO EG<\/p>\n","protected":false},"featured_media":0,"template":"","meta":{"site-sidebar-layout":"default","site-content-layout":"default","ast-global-header-display":"","ast-main-header-display":"","ast-hfb-above-header-display":"","ast-hfb-below-header-display":"","ast-hfb-mobile-header-display":"","site-post-title":"","ast-breadcrumbs-content":"","ast-featured-img":"","footer-sml-layout":"","theme-transparent-header-meta":"","adv-header-id-meta":"","stick-header-meta":"","header-above-stick-meta":"","header-main-stick-meta":"","header-below-stick-meta":""},"pwb-brand":[157],"product_cat":[52],"product_tag":[],"class_list":{"0":"post-16194","1":"product","2":"type-product","3":"status-publish","5":"pwb-brand-ridex","6":"product_cat-hehkutulppa","7":"desktop-align-left","8":"tablet-align-left","9":"mobile-align-left","11":"first","12":"instock","13":"product-type-external"},"brands":[{"id":157,"name":"RIDEX","slug":"ridex"}],"_links":{"self":[{"href":"https:\/\/www.autonvaraosahaku.fi\/index.php?rest_route=\/wp\/v2\/product\/16194","targetHints":{"allow":["GET"]}}],"collection":[{"href":"https:\/\/www.autonvaraosahaku.fi\/index.php?rest_route=\/wp\/v2\/product"}],"about":[{"href":"https:\/\/www.autonvaraosahaku.fi\/index.php?rest_route=\/wp\/v2\/types\/product"}],"wp:attachment":[{"href":"https:\/\/www.autonvaraosahaku.fi\/index.php?rest_route=%2Fwp%2Fv2%2Fmedia&parent=16194"}],"wp:term":[{"taxonomy":"pwb-brand","embeddable":true,"href":"https:\/\/www.autonvaraosahaku.fi\/index.php?rest_route=%2Fwp%2Fv2%2Fpwb-brand&post=16194"},{"taxonomy":"product_cat","embeddable":true,"href":"https:\/\/www.autonvaraosahaku.fi\/index.php?rest_route=%2Fwp%2Fv2%2Fproduct_cat&post=16194"},{"taxonomy":"product_tag","embeddable":true,"href":"https:\/\/www.autonvaraosahaku.fi\/index.php?rest_route=%2Fwp%2Fv2%2Fproduct_tag&post=16194"}],"curies":[{"name":"wp","href":"https:\/\/api.w.org\/{rel}","templated":true}]}}