{"id":16202,"date":"2021-02-21T14:26:34","date_gmt":"2021-02-21T14:26:34","guid":{"rendered":"https:\/\/www.autonvaraosahaku.fi\/?product=shell-550047337-moottorioljy"},"modified":"2021-02-21T14:26:35","modified_gmt":"2021-02-21T14:26:35","slug":"shell-550047337-moottorioljy","status":"publish","type":"product","link":"https:\/\/www.autonvaraosahaku.fi\/?product=shell-550047337-moottorioljy","title":{"rendered":"SHELL 550047337 Moottori\u00f6ljy"},"content":{"rendered":"<p>Tilavuus (litra): 5; Viskositeettiluokka SAE: 15W-40; Erittely: ACEA E7, ACEA E9, API CJ-4, API CI-4, API CH-4; Valmistajan hyv\u00e4ksym\u00e4: MAN M 3575, MB 228.31, MTU-2.1, Renault RLD-3, Volvo VDS-4; \u00d6ljy: Mineraali\u00f6ljy; Tuotelinja: Rimula; Versio: R4 L; API-m\u00e4\u00e4rittely: CH-4, CI-4, CJ-4; ACEA-m\u00e4\u00e4rittely: E7, E9; MERCEDES-BENZ: VARIO Kasten\/Kombi,VARIO Pritsche\/Fahrgestell,VARIO Kipper,VARIO Bus,VARIO Triebkopf<\/p>\n","protected":false},"excerpt":{"rendered":"<p>SHELL Moottori\u00f6ljy 550047337<\/p>\n","protected":false},"featured_media":0,"template":"","meta":{"site-sidebar-layout":"default","site-content-layout":"default","ast-global-header-display":"","ast-main-header-display":"","ast-hfb-above-header-display":"","ast-hfb-below-header-display":"","ast-hfb-mobile-header-display":"","site-post-title":"","ast-breadcrumbs-content":"","ast-featured-img":"","footer-sml-layout":"","theme-transparent-header-meta":"","adv-header-id-meta":"","stick-header-meta":"","header-above-stick-meta":"","header-main-stick-meta":"","header-below-stick-meta":""},"pwb-brand":[396],"product_cat":[129],"product_tag":[],"class_list":{"0":"post-16202","1":"product","2":"type-product","3":"status-publish","5":"pwb-brand-shell","6":"product_cat-moottorioljy","7":"desktop-align-left","8":"tablet-align-left","9":"mobile-align-left","11":"first","12":"instock","13":"product-type-external"},"brands":[{"id":396,"name":"SHELL","slug":"shell"}],"_links":{"self":[{"href":"https:\/\/www.autonvaraosahaku.fi\/index.php?rest_route=\/wp\/v2\/product\/16202","targetHints":{"allow":["GET"]}}],"collection":[{"href":"https:\/\/www.autonvaraosahaku.fi\/index.php?rest_route=\/wp\/v2\/product"}],"about":[{"href":"https:\/\/www.autonvaraosahaku.fi\/index.php?rest_route=\/wp\/v2\/types\/product"}],"wp:attachment":[{"href":"https:\/\/www.autonvaraosahaku.fi\/index.php?rest_route=%2Fwp%2Fv2%2Fmedia&parent=16202"}],"wp:term":[{"taxonomy":"pwb-brand","embeddable":true,"href":"https:\/\/www.autonvaraosahaku.fi\/index.php?rest_route=%2Fwp%2Fv2%2Fpwb-brand&post=16202"},{"taxonomy":"product_cat","embeddable":true,"href":"https:\/\/www.autonvaraosahaku.fi\/index.php?rest_route=%2Fwp%2Fv2%2Fproduct_cat&post=16202"},{"taxonomy":"product_tag","embeddable":true,"href":"https:\/\/www.autonvaraosahaku.fi\/index.php?rest_route=%2Fwp%2Fv2%2Fproduct_tag&post=16202"}],"curies":[{"name":"wp","href":"https:\/\/api.w.org\/{rel}","templated":true}]}}