{"id":16205,"date":"2021-02-21T14:26:34","date_gmt":"2021-02-21T14:26:34","guid":{"rendered":"https:\/\/www.autonvaraosahaku.fi\/?product=ridex-2067r0004-muut-luokat"},"modified":"2021-02-21T14:26:35","modified_gmt":"2021-02-21T14:26:35","slug":"ridex-2067r0004-muut-luokat","status":"publish","type":"product","link":"https:\/\/www.autonvaraosahaku.fi\/?product=ridex-2067r0004-muut-luokat","title":{"rendered":"RIDEX 2067R0004 Muut luokat"},"content":{"rendered":"<p>M\u00e4\u00e4r\u00e4yksikk\u00f6: Sarja; Tanko \/ tuki: Yhdystanko; Asennuspuoli: etuakseli molemminpuoleinen; Pituus (mm): 243; Tarvittava kappalem\u00e4\u00e4r\u00e4: 1; M\u00e4\u00e4r\u00e4: 2; OPEL: CORSA C F08, F68,MERIVA,VECTRA B 36_,TIGRA TwinTop,VECTRA B Caravan 31_,COMBO Kasten\/Kombi,VECTRA B CC 38_,COMBO Tour,CORSA C Kasten F08, W5L,COMBO 71_; SAAB: 9-5 Kombi YS3E,9-5 YS3E,9-5 YS3G; VAUXHALL: CORSA Mk II C W5L, F08,CORSAVAN Mk II C,MERIVA Mk I A,TIGRA Convertible,VECTRA B CC,VECTRA B Estate,VECTRA B,COMBO Mk I B,COMBO TOUR Mk II C F25,COMBO Mk II C Kasten\/Kombi F25; 0350610, 350610, 4686606, 5236823, 90496116<\/p>\n","protected":false},"excerpt":{"rendered":"<p>RIDEX Korjaussarja, Vakaaja 2067R0004  OPEL,SAAB,VAUXHALL,CORSA C F08, F68,MERIVA,VECTRA B 36_,TIGRA TwinTop,VECTRA B Caravan 31_,COMBO Kasten\/Kombi<\/p>\n","protected":false},"featured_media":0,"template":"","meta":{"site-sidebar-layout":"default","site-content-layout":"default","ast-global-header-display":"","ast-main-header-display":"","ast-hfb-above-header-display":"","ast-hfb-below-header-display":"","ast-hfb-mobile-header-display":"","site-post-title":"","ast-breadcrumbs-content":"","ast-featured-img":"","footer-sml-layout":"","theme-transparent-header-meta":"","adv-header-id-meta":"","stick-header-meta":"","header-above-stick-meta":"","header-main-stick-meta":"","header-below-stick-meta":""},"pwb-brand":[157],"product_cat":[37],"product_tag":[],"class_list":{"0":"post-16205","1":"product","2":"type-product","3":"status-publish","5":"pwb-brand-ridex","6":"product_cat-muut-luokat","7":"desktop-align-left","8":"tablet-align-left","9":"mobile-align-left","11":"first","12":"instock","13":"product-type-external"},"brands":[{"id":157,"name":"RIDEX","slug":"ridex"}],"_links":{"self":[{"href":"https:\/\/www.autonvaraosahaku.fi\/index.php?rest_route=\/wp\/v2\/product\/16205","targetHints":{"allow":["GET"]}}],"collection":[{"href":"https:\/\/www.autonvaraosahaku.fi\/index.php?rest_route=\/wp\/v2\/product"}],"about":[{"href":"https:\/\/www.autonvaraosahaku.fi\/index.php?rest_route=\/wp\/v2\/types\/product"}],"wp:attachment":[{"href":"https:\/\/www.autonvaraosahaku.fi\/index.php?rest_route=%2Fwp%2Fv2%2Fmedia&parent=16205"}],"wp:term":[{"taxonomy":"pwb-brand","embeddable":true,"href":"https:\/\/www.autonvaraosahaku.fi\/index.php?rest_route=%2Fwp%2Fv2%2Fpwb-brand&post=16205"},{"taxonomy":"product_cat","embeddable":true,"href":"https:\/\/www.autonvaraosahaku.fi\/index.php?rest_route=%2Fwp%2Fv2%2Fproduct_cat&post=16205"},{"taxonomy":"product_tag","embeddable":true,"href":"https:\/\/www.autonvaraosahaku.fi\/index.php?rest_route=%2Fwp%2Fv2%2Fproduct_tag&post=16205"}],"curies":[{"name":"wp","href":"https:\/\/api.w.org\/{rel}","templated":true}]}}