{"id":16207,"date":"2021-02-21T14:26:34","date_gmt":"2021-02-21T14:26:34","guid":{"rendered":"https:\/\/www.autonvaraosahaku.fi\/?product=total-2202373-muut-luokat"},"modified":"2021-02-21T14:26:35","modified_gmt":"2021-02-21T14:26:35","slug":"total-2202373-muut-luokat","status":"publish","type":"product","link":"https:\/\/www.autonvaraosahaku.fi\/?product=total-2202373-muut-luokat","title":{"rendered":"TOTAL 2202373 Muut luokat"},"content":{"rendered":"<p>Tilavuus (litra): 1; V\u00e4ri: Vihre\u00e4; Erittely: PSA B71 2710, LHM+; Tuotelinja: LHM PLUS; JAGUAR: XJ XJ 40, 81; ALFA ROMEO: SZ,RZ; CITRO\u00cbN: XM Y4,XANTIA X2,XANTIA X1,2 CV,XANTIA Break X2,BX XB-_,XM Y3,CX II,CX I MA,XANTIA Break X1,DS,XM Break Y4,BX Break XB-_,CX II Break,XM Break Y3,SM,CX I Break MA,GS,C35 Kasten,DS Break,GS Break,DS Cabriolet; PEUGEOT: 405 I 15B,405 II 4B,405 II Break 4E,405 I Break 15E; BENTLEY: ARNAGE RBS_,TURBO R,CONTINENTAL,BROOKLANDS,AZURE,MULSANNE,EIGHT; ROLLS-ROYCE: SILVER SPIRIT,CORNICHE IV Cabriolet,CORNICHE V Cabriolet; Hydrauli\u00f6ljy,\u00d6ljyt<\/p>\n","protected":false},"excerpt":{"rendered":"<p>TOTAL Hydrauliikka\u00f6ljy 2202373 Hydrauli\u00f6ljy,\u00d6ljyt JAGUAR,ALFA ROMEO,CITRO\u00cbN,XJ XJ 40, 81,SZ,RZ,XM Y4,XANTIA X2,XANTIA X1,2 CV,XANTIA Break X2,BX XB-_<\/p>\n","protected":false},"featured_media":0,"template":"","meta":{"site-sidebar-layout":"default","site-content-layout":"default","ast-global-header-display":"","ast-main-header-display":"","ast-hfb-above-header-display":"","ast-hfb-below-header-display":"","ast-hfb-mobile-header-display":"","site-post-title":"","ast-breadcrumbs-content":"","ast-featured-img":"","footer-sml-layout":"","theme-transparent-header-meta":"","adv-header-id-meta":"","stick-header-meta":"","header-above-stick-meta":"","header-main-stick-meta":"","header-below-stick-meta":""},"pwb-brand":[397],"product_cat":[37],"product_tag":[],"class_list":{"0":"post-16207","1":"product","2":"type-product","3":"status-publish","5":"pwb-brand-total","6":"product_cat-muut-luokat","7":"desktop-align-left","8":"tablet-align-left","9":"mobile-align-left","11":"first","12":"instock","13":"product-type-external"},"brands":[{"id":397,"name":"TOTAL","slug":"total"}],"_links":{"self":[{"href":"https:\/\/www.autonvaraosahaku.fi\/index.php?rest_route=\/wp\/v2\/product\/16207","targetHints":{"allow":["GET"]}}],"collection":[{"href":"https:\/\/www.autonvaraosahaku.fi\/index.php?rest_route=\/wp\/v2\/product"}],"about":[{"href":"https:\/\/www.autonvaraosahaku.fi\/index.php?rest_route=\/wp\/v2\/types\/product"}],"wp:attachment":[{"href":"https:\/\/www.autonvaraosahaku.fi\/index.php?rest_route=%2Fwp%2Fv2%2Fmedia&parent=16207"}],"wp:term":[{"taxonomy":"pwb-brand","embeddable":true,"href":"https:\/\/www.autonvaraosahaku.fi\/index.php?rest_route=%2Fwp%2Fv2%2Fpwb-brand&post=16207"},{"taxonomy":"product_cat","embeddable":true,"href":"https:\/\/www.autonvaraosahaku.fi\/index.php?rest_route=%2Fwp%2Fv2%2Fproduct_cat&post=16207"},{"taxonomy":"product_tag","embeddable":true,"href":"https:\/\/www.autonvaraosahaku.fi\/index.php?rest_route=%2Fwp%2Fv2%2Fproduct_tag&post=16207"}],"curies":[{"name":"wp","href":"https:\/\/api.w.org\/{rel}","templated":true}]}}