{"id":16209,"date":"2021-02-21T14:26:34","date_gmt":"2021-02-21T14:26:34","guid":{"rendered":"https:\/\/www.autonvaraosahaku.fi\/?product=total-2166222-muut-luokat"},"modified":"2021-02-21T14:26:35","modified_gmt":"2021-02-21T14:26:35","slug":"total-2166222-muut-luokat","status":"publish","type":"product","link":"https:\/\/www.autonvaraosahaku.fi\/?product=total-2166222-muut-luokat","title":{"rendered":"TOTAL 2166222 Muut luokat"},"content":{"rendered":"<p>Tilavuus [l]: 1; V\u00e4ri: Oranssi; Valmistajan hyv\u00e4ksym\u00e4: PSA S71 2710, MAN 3289, RENAULT PSF Class 1<\/p>\n","protected":false},"excerpt":{"rendered":"<p>TOTAL Ohjaustehostin\u00f6ljy 2166222<\/p>\n","protected":false},"featured_media":0,"template":"","meta":{"site-sidebar-layout":"default","site-content-layout":"default","ast-global-header-display":"","ast-main-header-display":"","ast-hfb-above-header-display":"","ast-hfb-below-header-display":"","ast-hfb-mobile-header-display":"","site-post-title":"","ast-breadcrumbs-content":"","ast-featured-img":"","footer-sml-layout":"","theme-transparent-header-meta":"","adv-header-id-meta":"","stick-header-meta":"","header-above-stick-meta":"","header-main-stick-meta":"","header-below-stick-meta":""},"pwb-brand":[397],"product_cat":[37],"product_tag":[],"class_list":{"0":"post-16209","1":"product","2":"type-product","3":"status-publish","5":"pwb-brand-total","6":"product_cat-muut-luokat","7":"desktop-align-left","8":"tablet-align-left","9":"mobile-align-left","11":"first","12":"instock","13":"product-type-external"},"brands":[{"id":397,"name":"TOTAL","slug":"total"}],"_links":{"self":[{"href":"https:\/\/www.autonvaraosahaku.fi\/index.php?rest_route=\/wp\/v2\/product\/16209","targetHints":{"allow":["GET"]}}],"collection":[{"href":"https:\/\/www.autonvaraosahaku.fi\/index.php?rest_route=\/wp\/v2\/product"}],"about":[{"href":"https:\/\/www.autonvaraosahaku.fi\/index.php?rest_route=\/wp\/v2\/types\/product"}],"wp:attachment":[{"href":"https:\/\/www.autonvaraosahaku.fi\/index.php?rest_route=%2Fwp%2Fv2%2Fmedia&parent=16209"}],"wp:term":[{"taxonomy":"pwb-brand","embeddable":true,"href":"https:\/\/www.autonvaraosahaku.fi\/index.php?rest_route=%2Fwp%2Fv2%2Fpwb-brand&post=16209"},{"taxonomy":"product_cat","embeddable":true,"href":"https:\/\/www.autonvaraosahaku.fi\/index.php?rest_route=%2Fwp%2Fv2%2Fproduct_cat&post=16209"},{"taxonomy":"product_tag","embeddable":true,"href":"https:\/\/www.autonvaraosahaku.fi\/index.php?rest_route=%2Fwp%2Fv2%2Fproduct_tag&post=16209"}],"curies":[{"name":"wp","href":"https:\/\/api.w.org\/{rel}","templated":true}]}}