{"id":16222,"date":"2021-02-21T14:26:38","date_gmt":"2021-02-21T14:26:38","guid":{"rendered":"https:\/\/www.autonvaraosahaku.fi\/?product=ridex-2s0034-starttimoottori"},"modified":"2021-02-21T14:26:38","modified_gmt":"2021-02-21T14:26:38","slug":"ridex-2s0034-starttimoottori","status":"publish","type":"product","link":"https:\/\/www.autonvaraosahaku.fi\/?product=ridex-2s0034-starttimoottori","title":{"rendered":"RIDEX 2S0034 Starttimoottori"},"content":{"rendered":"<p>Vaihto-osa: ; J\u00e4nnite (V): 12; K\u00e4ynnistinmoottori teho (kW): 2,2; Hammasluku: 11; Reikien m\u00e4\u00e4r\u00e4: 3; kierrereiki\u00e4 [kpl]: 2; Py\u00f6rimissuunta: Py\u00f6rimissuunta my\u00f6t\u00e4p\u00e4iv\u00e4\u00e4n; Asento \/ aste: R 39; Liitin: NO; Paino [kg]: 4,53; Moottorinumero: TXDB; VOLVO: V50 MW,V70 III BW,C30,S40 II MS,C70 II Cabriolet,S80 II AS; FORD: FOCUS II Kombi DA_,MONDEO IV Turnier BA7,FOCUS II DA_,S-MAX WA6,FOCUS III Turnier,FOCUS C-MAX,GALAXY WA6,KUGA I,C-MAX DM2,FOCUS III,C-MAX II,MONDEO IV BA7,KUGA II DM2,GRAND C-MAX,FOCUS II Stufenheck DA_,FOCUS II Cabriolet,FOCUS III Stufenheck,MONDEO IV Stufenheck BA7,MONDEO V Turnier,MONDEO V Stufenheck,GRAND C-MAX Van,MONDEO V Schr\u00e4gheck,C-MAX II Van,FOCUS III Kasten\/Schr\u00e4gheck; 1231963, 1351989, 1376305, 1385784, 1465115, 1469721, 3M5T11000DA, 3M5T11000DB, 3M5T11000DC, 4M5T11000FA, 4M5T11000FB, 4M5T11000FC, 4M5T11000FD, 6G9N11000FA, RM6G9N11000FA, 1233235, 4065328, 30664494, 30667058, 30667494, 30667874, 36000221, 8603409, 944280802380; Startti,K\u00e4ynnistinmoottori<\/p>\n","protected":false},"excerpt":{"rendered":"<p>RIDEX Starttimoottori 2S0034 Startti,K\u00e4ynnistinmoottori VOLVO,FORD,V50 MW,V70 III BW,C30,S40 II MS,C70 II Cabriolet,S80 II AS,FOCUS II Kombi DA_<\/p>\n","protected":false},"featured_media":0,"template":"","meta":{"site-sidebar-layout":"default","site-content-layout":"default","ast-global-header-display":"","ast-main-header-display":"","ast-hfb-above-header-display":"","ast-hfb-below-header-display":"","ast-hfb-mobile-header-display":"","site-post-title":"","ast-breadcrumbs-content":"","ast-featured-img":"","footer-sml-layout":"","theme-transparent-header-meta":"","adv-header-id-meta":"","stick-header-meta":"","header-above-stick-meta":"","header-main-stick-meta":"","header-below-stick-meta":""},"pwb-brand":[157],"product_cat":[295],"product_tag":[],"class_list":{"0":"post-16222","1":"product","2":"type-product","3":"status-publish","5":"pwb-brand-ridex","6":"product_cat-starttimoottori","7":"desktop-align-left","8":"tablet-align-left","9":"mobile-align-left","11":"first","12":"instock","13":"product-type-external"},"brands":[{"id":157,"name":"RIDEX","slug":"ridex"}],"_links":{"self":[{"href":"https:\/\/www.autonvaraosahaku.fi\/index.php?rest_route=\/wp\/v2\/product\/16222","targetHints":{"allow":["GET"]}}],"collection":[{"href":"https:\/\/www.autonvaraosahaku.fi\/index.php?rest_route=\/wp\/v2\/product"}],"about":[{"href":"https:\/\/www.autonvaraosahaku.fi\/index.php?rest_route=\/wp\/v2\/types\/product"}],"wp:attachment":[{"href":"https:\/\/www.autonvaraosahaku.fi\/index.php?rest_route=%2Fwp%2Fv2%2Fmedia&parent=16222"}],"wp:term":[{"taxonomy":"pwb-brand","embeddable":true,"href":"https:\/\/www.autonvaraosahaku.fi\/index.php?rest_route=%2Fwp%2Fv2%2Fpwb-brand&post=16222"},{"taxonomy":"product_cat","embeddable":true,"href":"https:\/\/www.autonvaraosahaku.fi\/index.php?rest_route=%2Fwp%2Fv2%2Fproduct_cat&post=16222"},{"taxonomy":"product_tag","embeddable":true,"href":"https:\/\/www.autonvaraosahaku.fi\/index.php?rest_route=%2Fwp%2Fv2%2Fproduct_tag&post=16222"}],"curies":[{"name":"wp","href":"https:\/\/api.w.org\/{rel}","templated":true}]}}