{"id":16223,"date":"2021-02-21T14:26:38","date_gmt":"2021-02-21T14:26:38","guid":{"rendered":"https:\/\/www.autonvaraosahaku.fi\/?product=ridex-2s0018-starttimoottori"},"modified":"2021-02-21T14:26:38","modified_gmt":"2021-02-21T14:26:38","slug":"ridex-2s0018-starttimoottori","status":"publish","type":"product","link":"https:\/\/www.autonvaraosahaku.fi\/?product=ridex-2s0018-starttimoottori","title":{"rendered":"RIDEX 2S0018 Starttimoottori"},"content":{"rendered":"<p>Vaihto-osa: ; Nimellisj\u00e4nnite (V): 12; K\u00e4ynnistinmoottori teho (kW): 1,4; Kiinnitysreikien lukum\u00e4\u00e4r\u00e4: 1; kierrereiki\u00e4 [kpl]: 1; Hammasluku: 13; Liitin: 50, 30; Laippa \u00d8(mm): 78; Py\u00f6rimissuunta: Py\u00f6rimissuunta my\u00f6t\u00e4p\u00e4iv\u00e4\u00e4n; Hammaspy\u00f6r\u00e4n perusasento [mm]: 19,5; K\u00e4ynnistintyyppi: Itselaakeroitu; Kierremitta: M12; Reik\u00e4-\u00d8 2 [mm]: 10,5; Pituus (mm): 192; Asento \/ aste: links; Asennuskulma [Astetta]: 58; Kulmamitta, kitav\u00e4li [aste]: 120; Kulmamitta, kiinnitysreik\u00e4 [aste]: 58; Varusteet: f\u00fcr Fahrzeuge ohne Start-Stopp-Funktion; CHEVROLET: TRAX; HONDA: CIVIC VII Hatchback EU, EP, EV; OPEL: CORSA D,CORSA C F08, F68,ZAFIRA B A05,ASTRA H Caravan L35,MERIVA,ASTRA G CC F48_, F08_,ASTRA H L48,ASTRA J Sports Tourer,ASTRA G Caravan F35_,ASTRA J,ASTRA H GTC L08,MERIVA B,MOKKA,COMBO Kasten\/Kombi,ASTRA G Stufenheck F69_,ZAFIRA B Van,ASTRA GTC J,COMBO Tour,ASTRA J Stufenheck,CORSA D Van,CORSA C Kasten F08, W5L,ASTRA H Stufenheck L69,ASTRA H Kasten L70,ASTRA G Kasten F70,ASTRA G CLASSIC Caravan F35,ASTRA CLASSIC Caravan,ASTRA G CLASSIC T98,ASTRA CLASSIC L48,ASTRA CLASSIC Stufenheck; VAUXHALL: CORSA Mk III D L_8,ZAFIRA Mk II B M75,ASTRA Mk V H CC,CORSA Mk II C W5L, F08,ASTRA Mk V H Estate,ASTRA Mk IV G CC,ASTRA Mk VI J CC,ASTRA Mk VI J,CORSAVAN Mk II C,ASTRA Mk IV G Sedan,MERIVA Mk I A,MERIVA Mk II B,ASTRA Mk VI J Sedan,ASTRA Mk VI J Estate,MOKKA,ASTRAVAN Mk IV G,ASTRAVAN Mk V H,COMBO TOUR Mk II C F25,COMBO Mk II C Kasten\/Kombi F25,ASTRA Mk IV G Estate; 97189118, 31200PLZD00, 8971891180, 8971891181, 8973860620, 8980147430, 8980147431, 8980147432, 1202591, 6202000, 6202043, 6202087, 6202103, 8973860620, 93169014, 93169015, 93174028, 93174034, 9512659, 9562200, 97189118, 97386062, 98014743, R1540010, R1540027, 97189118, 97386062, 98014743, R1540010, R1540027; Startti,K\u00e4ynnistinmoottori<\/p>\n","protected":false},"excerpt":{"rendered":"<p>RIDEX Starttimoottori 2S0018 Startti,K\u00e4ynnistinmoottori CHEVROLET,HONDA,OPEL,TRAX,CIVIC VII Hatchback EU, EP, EV,CORSA D,CORSA C F08, F68,ZAFIRA B A05<\/p>\n","protected":false},"featured_media":0,"template":"","meta":{"site-sidebar-layout":"default","site-content-layout":"default","ast-global-header-display":"","ast-main-header-display":"","ast-hfb-above-header-display":"","ast-hfb-below-header-display":"","ast-hfb-mobile-header-display":"","site-post-title":"","ast-breadcrumbs-content":"","ast-featured-img":"","footer-sml-layout":"","theme-transparent-header-meta":"","adv-header-id-meta":"","stick-header-meta":"","header-above-stick-meta":"","header-main-stick-meta":"","header-below-stick-meta":""},"pwb-brand":[157],"product_cat":[295],"product_tag":[],"class_list":{"0":"post-16223","1":"product","2":"type-product","3":"status-publish","5":"pwb-brand-ridex","6":"product_cat-starttimoottori","7":"desktop-align-left","8":"tablet-align-left","9":"mobile-align-left","11":"first","12":"instock","13":"product-type-external"},"brands":[{"id":157,"name":"RIDEX","slug":"ridex"}],"_links":{"self":[{"href":"https:\/\/www.autonvaraosahaku.fi\/index.php?rest_route=\/wp\/v2\/product\/16223","targetHints":{"allow":["GET"]}}],"collection":[{"href":"https:\/\/www.autonvaraosahaku.fi\/index.php?rest_route=\/wp\/v2\/product"}],"about":[{"href":"https:\/\/www.autonvaraosahaku.fi\/index.php?rest_route=\/wp\/v2\/types\/product"}],"wp:attachment":[{"href":"https:\/\/www.autonvaraosahaku.fi\/index.php?rest_route=%2Fwp%2Fv2%2Fmedia&parent=16223"}],"wp:term":[{"taxonomy":"pwb-brand","embeddable":true,"href":"https:\/\/www.autonvaraosahaku.fi\/index.php?rest_route=%2Fwp%2Fv2%2Fpwb-brand&post=16223"},{"taxonomy":"product_cat","embeddable":true,"href":"https:\/\/www.autonvaraosahaku.fi\/index.php?rest_route=%2Fwp%2Fv2%2Fproduct_cat&post=16223"},{"taxonomy":"product_tag","embeddable":true,"href":"https:\/\/www.autonvaraosahaku.fi\/index.php?rest_route=%2Fwp%2Fv2%2Fproduct_tag&post=16223"}],"curies":[{"name":"wp","href":"https:\/\/api.w.org\/{rel}","templated":true}]}}