{"id":16225,"date":"2021-02-21T14:26:38","date_gmt":"2021-02-21T14:26:38","guid":{"rendered":"https:\/\/www.autonvaraosahaku.fi\/?product=valvoline-873434-moottorioljy"},"modified":"2021-02-21T14:26:39","modified_gmt":"2021-02-21T14:26:39","slug":"valvoline-873434-moottorioljy","status":"publish","type":"product","link":"https:\/\/www.autonvaraosahaku.fi\/?product=valvoline-873434-moottorioljy","title":{"rendered":"Valvoline 873434 Moottori\u00f6ljy"},"content":{"rendered":"<p>Tilavuus (litra): 4; Viskositeettiluokka SAE: 5W-50; Erittely: ACEA A3, ACEA B4, API SL; Valmistajan hyv\u00e4ksym\u00e4: Ford WSS-M2C153-E, GM 6094-M; Tuotelinja: VR1; Versio: Racing; \u00d6ljy: Synteettinen \u00f6ljy; API-m\u00e4\u00e4rittely: SL; ACEA-m\u00e4\u00e4rittely: Aktivointi katkaisijasta<\/p>\n","protected":false},"excerpt":{"rendered":"<p>Valvoline Moottori\u00f6ljy 873434<\/p>\n","protected":false},"featured_media":0,"template":"","meta":{"site-sidebar-layout":"default","site-content-layout":"default","ast-global-header-display":"","ast-main-header-display":"","ast-hfb-above-header-display":"","ast-hfb-below-header-display":"","ast-hfb-mobile-header-display":"","site-post-title":"","ast-breadcrumbs-content":"","ast-featured-img":"","footer-sml-layout":"","theme-transparent-header-meta":"","adv-header-id-meta":"","stick-header-meta":"","header-above-stick-meta":"","header-main-stick-meta":"","header-below-stick-meta":""},"pwb-brand":[366],"product_cat":[129],"product_tag":[],"class_list":{"0":"post-16225","1":"product","2":"type-product","3":"status-publish","5":"pwb-brand-valvoline","6":"product_cat-moottorioljy","7":"desktop-align-left","8":"tablet-align-left","9":"mobile-align-left","11":"first","12":"instock","13":"product-type-external"},"brands":[{"id":366,"name":"Valvoline","slug":"valvoline"}],"_links":{"self":[{"href":"https:\/\/www.autonvaraosahaku.fi\/index.php?rest_route=\/wp\/v2\/product\/16225","targetHints":{"allow":["GET"]}}],"collection":[{"href":"https:\/\/www.autonvaraosahaku.fi\/index.php?rest_route=\/wp\/v2\/product"}],"about":[{"href":"https:\/\/www.autonvaraosahaku.fi\/index.php?rest_route=\/wp\/v2\/types\/product"}],"wp:attachment":[{"href":"https:\/\/www.autonvaraosahaku.fi\/index.php?rest_route=%2Fwp%2Fv2%2Fmedia&parent=16225"}],"wp:term":[{"taxonomy":"pwb-brand","embeddable":true,"href":"https:\/\/www.autonvaraosahaku.fi\/index.php?rest_route=%2Fwp%2Fv2%2Fpwb-brand&post=16225"},{"taxonomy":"product_cat","embeddable":true,"href":"https:\/\/www.autonvaraosahaku.fi\/index.php?rest_route=%2Fwp%2Fv2%2Fproduct_cat&post=16225"},{"taxonomy":"product_tag","embeddable":true,"href":"https:\/\/www.autonvaraosahaku.fi\/index.php?rest_route=%2Fwp%2Fv2%2Fproduct_tag&post=16225"}],"curies":[{"name":"wp","href":"https:\/\/api.w.org\/{rel}","templated":true}]}}