{"id":16227,"date":"2021-02-21T14:26:38","date_gmt":"2021-02-21T14:26:38","guid":{"rendered":"https:\/\/www.autonvaraosahaku.fi\/?product=valvoline-872552-moottorioljy"},"modified":"2021-02-21T14:26:39","modified_gmt":"2021-02-21T14:26:39","slug":"valvoline-872552-moottorioljy","status":"publish","type":"product","link":"https:\/\/www.autonvaraosahaku.fi\/?product=valvoline-872552-moottorioljy","title":{"rendered":"Valvoline 872552 Moottori\u00f6ljy"},"content":{"rendered":"<p>Tilavuus (litra): 5; Viskositeettiluokka SAE: 5W-30; Erittely: ACEA A1, ACEA B1, ACEA A5, ACEA B5, API SL, API CF; Valmistajan hyv\u00e4ksym\u00e4: STJLR.03.5003, Renault RN0700, Ford WSS-M2C913-D, Ford WSS-M2C913-A, Ford WSS-M2C913-B, Ford WSS-M2C913-C, Fiat 9.55535-G1; Tuotelinja: SynPower; Versio: FE; \u00d6ljy: Synteettinen \u00f6ljy; API-m\u00e4\u00e4rittely: SA, SD; LAND ROVER: FREELANDER 2 FA_,DEFENDER Station Wagon LD,RANGE ROVER SPORT LS,RANGE ROVER EVOQUE LV,RANGE ROVER III LM,DISCOVERY III TAA,DISCOVERY IV LA,DEFENDER Pick-up LD_,DEFENDER Cabrio LD,RANGE ROVER SPORT LW,RANGE ROVER IV LG,DEFENDER Pritsche\/Fahrgestell LD,DISCOVERY SPORT LC,RANGE ROVER EVOQUE Cabriolet LV_,DISCOVERY V LR_; JAGUAR: S-TYPE CCX,XF _J05_, CC9,X-TYPE CF1,X-TYPE Estate,XJ X350, X358,XK 8 Convertible QDV,XK 8 Coupe QEV,XK Coupe QQ6_, _J43_,XK Cabriolet _J43_,XJ X35_, _J12_, _J24_,XE X760; DACIA: LOGAN MCV KS_,SANDERO II,LOGAN MCV II,LOGAN LS_,LOGAN EXPRESS FS_,LOGAN Pick-up US_,LOGAN II,DUSTER Kasten; VOLVO: V50 MW,V70 III BW,C30,S40 II MS,C70 II Cabriolet,S80 II AS; FORD: FIESTA V JH_, JD_,MONDEO III Kombi BWY,FOCUS II Kombi DA_,FIESTA VI,MONDEO IV Turnier BA7,FOCUS Kombi DNW,FOCUS II DA_,FOCUS DAW, DBW,S-MAX WA6,FOCUS III Turnier,FOCUS C-MAX,FIESTA IV JA_, JB_,GALAXY WA6,KUGA I,FUSION JU_,KA RB_,MONDEO III B5Y,C-MAX DM2,FOCUS III,MAVERICK,TRANSIT MK-7 Kasten,C-MAX II,RANGER TKE,MONDEO IV BA7,MONDEO III Stufenheck B4Y,KUGA II DM2,GRAND C-MAX,FOCUS Stufenheck DFW,TRANSIT MK-7 Bus,STREET KA RL2,MONDEO II Kombi BNP,TRANSIT Kasten FA_ _,TRANSIT CONNECT P65_, P70_, P80_,FOCUS II Stufenheck DA_,TRANSIT Bus FD_ _, FB_ _, FS_ _, FZ_ _, FC_ _,B-MAX JK,FOCUS II Cabriolet,COUGAR EC_,MONDEO II BAP,TOURNEO CONNECT,RANGER ES, ET,RANGER ER, EQ,ECOSPORT,TRANSIT MK-7 Pritsche\/Fahrgestell,PUMA EC_,TRANSIT Pritsche\/Fahrgestell FM_ _, FN_ _,FOCUS III Stufenheck,TRANSIT CUSTOM Kasten,TOURNEO CUSTOM Bus,MONDEO IV Stufenheck BA7,ESCORT VII GAL, AAL, ABL,TRANSIT TOURNEO FB,MONDEO II Stufenheck BFP,TRANSIT CUSTOM Bus,ESCORT VII Kombi GAL, ANL,TOUR; RENAULT: CLIO II BB0\/1\/2_, CB0\/1\/2_,CLIO III BR0\/1, CR0\/1,SC\u00c9NIC II JM0\/1_,KANGOO KC0\/1_,TWINGO II CN0_,MEGANE III Grandtour KZ0\/1,MODUS \/ GRAND MODUS F\/JP0_,LAGUNA II Grandtour KG0\/1_,MEGANE II Kombi KM0\/1_,MEGANE II Coup\u00e9-Cabriolet EM0\/1_,SC\u00c9NIC III JZ0\/1_,LAGUNA III Grandtour KT0\/1,CLIO IV,MEGANE III Schr\u00e4gheck BZ0_,LAGUNA II BG0\/1_,MEGANE II BM0\/1_, CM0\/1_,TRAFIC II Bus JL,GRAND SC\u00c9NIC III JZ0\/1_,TRAFIC II Kasten FL,MEGANE III Coupe DZ0\/1_,KANGOO \/ GRAND KANGOO KW0\/1_,KOLEOS HY_,KANGOO Express FC0\/1_,CLIO Grandtour KR0\/1_,GRAND SC\u00c9NIC II JM0\/1_,LAGUNA III BT0\/1,KANGOO Express FW0\/1_,MEGANE II Stufenheck LM0\/1_,CLIO Grandtour IV,KANGOO BE BOP KW0\/1_,MEGANE CC EZ0\/1_,LAGUNA Coupe DT0\/1,WIND E4M_,FLUENCE L30_,LATITUDE L70_,THALIA I LB0\/1\/2_,TRAFIC II Pritsche\/Fahrgestell EL,THALIA II LU1\/2_,MEGANE IV B9A\/M_,MEGANE IV Grandtour K9A\/M_,CLIO IV Kasten; FIAT: CROMA 194<\/p>\n","protected":false},"excerpt":{"rendered":"<p>Valvoline Moottori\u00f6ljy 872552<\/p>\n","protected":false},"featured_media":0,"template":"","meta":{"site-sidebar-layout":"default","site-content-layout":"default","ast-global-header-display":"","ast-main-header-display":"","ast-hfb-above-header-display":"","ast-hfb-below-header-display":"","ast-hfb-mobile-header-display":"","site-post-title":"","ast-breadcrumbs-content":"","ast-featured-img":"","footer-sml-layout":"","theme-transparent-header-meta":"","adv-header-id-meta":"","stick-header-meta":"","header-above-stick-meta":"","header-main-stick-meta":"","header-below-stick-meta":""},"pwb-brand":[366],"product_cat":[129],"product_tag":[],"class_list":{"0":"post-16227","1":"product","2":"type-product","3":"status-publish","5":"pwb-brand-valvoline","6":"product_cat-moottorioljy","7":"desktop-align-left","8":"tablet-align-left","9":"mobile-align-left","11":"first","12":"instock","13":"product-type-external"},"brands":[{"id":366,"name":"Valvoline","slug":"valvoline"}],"_links":{"self":[{"href":"https:\/\/www.autonvaraosahaku.fi\/index.php?rest_route=\/wp\/v2\/product\/16227","targetHints":{"allow":["GET"]}}],"collection":[{"href":"https:\/\/www.autonvaraosahaku.fi\/index.php?rest_route=\/wp\/v2\/product"}],"about":[{"href":"https:\/\/www.autonvaraosahaku.fi\/index.php?rest_route=\/wp\/v2\/types\/product"}],"wp:attachment":[{"href":"https:\/\/www.autonvaraosahaku.fi\/index.php?rest_route=%2Fwp%2Fv2%2Fmedia&parent=16227"}],"wp:term":[{"taxonomy":"pwb-brand","embeddable":true,"href":"https:\/\/www.autonvaraosahaku.fi\/index.php?rest_route=%2Fwp%2Fv2%2Fpwb-brand&post=16227"},{"taxonomy":"product_cat","embeddable":true,"href":"https:\/\/www.autonvaraosahaku.fi\/index.php?rest_route=%2Fwp%2Fv2%2Fproduct_cat&post=16227"},{"taxonomy":"product_tag","embeddable":true,"href":"https:\/\/www.autonvaraosahaku.fi\/index.php?rest_route=%2Fwp%2Fv2%2Fproduct_tag&post=16227"}],"curies":[{"name":"wp","href":"https:\/\/api.w.org\/{rel}","templated":true}]}}