{"id":16254,"date":"2021-02-21T14:26:42","date_gmt":"2021-02-21T14:26:42","guid":{"rendered":"https:\/\/www.autonvaraosahaku.fi\/?product=valvoline-866736-automaattivaihteistooljy"},"modified":"2021-02-21T14:26:44","modified_gmt":"2021-02-21T14:26:44","slug":"valvoline-866736-automaattivaihteistooljy","status":"publish","type":"product","link":"https:\/\/www.autonvaraosahaku.fi\/?product=valvoline-866736-automaattivaihteistooljy","title":{"rendered":"Valvoline 866736 Automaattivaihteisto\u00f6ljy"},"content":{"rendered":"<p>Tilavuus (litra): 1; V\u00e4ri: Punainen; Erittely: API ATF+4; Valmistajan hyv\u00e4ksym\u00e4: Chrysler MS9602, Chrysler MS7176E, Chrysler MS7176D, Chrysler MS7176, Fiat 9.55550-AV4; Tuotelinja: ATF Pro +4; JEEP: GRAND CHEROKEE III WH, WK,GRAND CHEROKEE II WJ, WG,COMPASS MK49,GRAND CHEROKEE IV WK, WK2,WRANGLER III JK,CHEROKEE KJ,GRAND CHEROKEE I ZJ,COMMANDER XK,WRANGLER II TJ,PATRIOT MK74,WRANGLER I YJ, SJ_,CHEROKEE KK; CHRYSLER: PT CRUISER PT_,VOYAGER IV RG, RS,300 C Touring LX,VOYAGER III GS,GRAND VOYAGER V RT,300 C LX,SEBRING Cabriolet JR,300 M LR,STRATUS Cabriolet JX,PT CRUISER Cabriolet,SEBRING JR,VOYAGER II ES,NEON II,SEBRING JS,SEBRING Cabriolet JS,LE BARON Cabriolet,STRATUS JA,NEON PL,VISION,VOYAGER I AS,CIRRUS,LE BARON Stufenheck; FIAT: FREEMONT JF_; DODGE: CALIBER,NITRO,JOURNEY,AVENGER,DURANGO HB,CHARGER LX,CARAVAN RG_,CARAVAN NS,STRATUS,NEON II,NEON<\/p>\n","protected":false},"excerpt":{"rendered":"<p>Valvoline Automaattivaihteisto\u00f6ljy 866736  JEEP,CHRYSLER,FIAT,GRAND CHEROKEE III WH, WK,GRAND CHEROKEE II WJ, WG,COMPASS MK49<\/p>\n","protected":false},"featured_media":0,"template":"","meta":{"site-sidebar-layout":"default","site-content-layout":"default","ast-global-header-display":"","ast-main-header-display":"","ast-hfb-above-header-display":"","ast-hfb-below-header-display":"","ast-hfb-mobile-header-display":"","site-post-title":"","ast-breadcrumbs-content":"","ast-featured-img":"","footer-sml-layout":"","theme-transparent-header-meta":"","adv-header-id-meta":"","stick-header-meta":"","header-above-stick-meta":"","header-main-stick-meta":"","header-below-stick-meta":""},"pwb-brand":[366],"product_cat":[143],"product_tag":[],"class_list":{"0":"post-16254","1":"product","2":"type-product","3":"status-publish","5":"pwb-brand-valvoline","6":"product_cat-automaattivaihteistooljy","7":"desktop-align-left","8":"tablet-align-left","9":"mobile-align-left","11":"first","12":"instock","13":"product-type-external"},"brands":[{"id":366,"name":"Valvoline","slug":"valvoline"}],"_links":{"self":[{"href":"https:\/\/www.autonvaraosahaku.fi\/index.php?rest_route=\/wp\/v2\/product\/16254","targetHints":{"allow":["GET"]}}],"collection":[{"href":"https:\/\/www.autonvaraosahaku.fi\/index.php?rest_route=\/wp\/v2\/product"}],"about":[{"href":"https:\/\/www.autonvaraosahaku.fi\/index.php?rest_route=\/wp\/v2\/types\/product"}],"wp:attachment":[{"href":"https:\/\/www.autonvaraosahaku.fi\/index.php?rest_route=%2Fwp%2Fv2%2Fmedia&parent=16254"}],"wp:term":[{"taxonomy":"pwb-brand","embeddable":true,"href":"https:\/\/www.autonvaraosahaku.fi\/index.php?rest_route=%2Fwp%2Fv2%2Fpwb-brand&post=16254"},{"taxonomy":"product_cat","embeddable":true,"href":"https:\/\/www.autonvaraosahaku.fi\/index.php?rest_route=%2Fwp%2Fv2%2Fproduct_cat&post=16254"},{"taxonomy":"product_tag","embeddable":true,"href":"https:\/\/www.autonvaraosahaku.fi\/index.php?rest_route=%2Fwp%2Fv2%2Fproduct_tag&post=16254"}],"curies":[{"name":"wp","href":"https:\/\/api.w.org\/{rel}","templated":true}]}}