{"id":16257,"date":"2021-02-21T14:26:42","date_gmt":"2021-02-21T14:26:42","guid":{"rendered":"https:\/\/www.autonvaraosahaku.fi\/?product=bosal-oris-010-178-muut-luokat"},"modified":"2021-02-21T14:26:44","modified_gmt":"2021-02-21T14:26:44","slug":"bosal-oris-010-178-muut-luokat","status":"publish","type":"product","link":"https:\/\/www.autonvaraosahaku.fi\/?product=bosal-oris-010-178-muut-luokat","title":{"rendered":"BOSAL-ORIS 010-178 Muut luokat"},"content":{"rendered":"<p>Pistorasia, vetokoukku: 7; Vetokoukku: Sarja esiasennetulla liittimell\u00e4, ilman pys\u00e4k\u00f6intitutkan poiskytkent\u00e4\u00e4, Johtosarja ilman alkuper\u00e4isi\u00e4 liittimi\u00e4; Varusteet: Autoihin ilman Check controllia; Korvaava tuote\/korvaava tiedote 2: Ei vaadi aktivointia; Valmistusvuoteen: 12\/2011; VW: TRANSPORTER IV Bus 70XB, 70XC, 7DB, 7DW,SHARAN 7M8, 7M9, 7M6,TRANSPORTER IV Kasten 70XA,TRANSPORTER IV Pritsche\/Fahrgestell 70XD,LT 28-46 II Kasten 2DA, 2DD, 2DH,LT 28-35 II Bus 2DB, 2DE, 2DK,LT 28-46 II Pritsche\/Fahrgestell 2DC, 2DF, 2DG, 2DL, 2DM; AUDI: A4 8D2, B5,A4 Avant 8D5, B5; MAZDA: MPV II LW,B-SERIE UN,BT-50 CD, UN; NISSAN: NAVARA D40,PIXO UA0,PRIMERA P12,NV200 EVALIA,NAVARA Pritsche\/Fahrgestell D40,PRIMERA Hatchback P12,NV200 Kasten,PICK UP D22,PRIMASTAR Bus X83,PRIMASTAR Kasten X83,INTERSTAR Kasten X70,INTERSTAR Bus X70,VANETTE CARGO Kasten HC 23,VANETTE CARGO Bus HC 23; JEEP: CHEROKEE KJ,CHEROKEE XJ,CHEROKEE; SKODA: ROOMSTER 5J,ROOMSTER Praktik 5J; SUZUKI: ALTO HA25, HA35; SEAT: ALHAMBRA 7V8, 7V9; CHEVROLET: AVEO Schr\u00e4gheck T250, T255; MERCEDES-BENZ: SPRINTER 3-t Kasten 903,SPRINTER 2-t Bus 901, 902,SPRINTER 2-t Kasten 901, 902,SPRINTER 3-t Bus 903,SPRINTER 3-t Pritsche\/Fahrgestell 903,SPRINTER 4-t Pritsche\/Fahrgestell 904,SPRINTER 2-t Pritsche\/Fahrgestell 901, 902,SPRINTER 4-t Kasten 904,SPRINTER 5-t Pritsche\/Fahrgestell 905,SPRINTER Kipper 905<\/p>\n","protected":false},"excerpt":{"rendered":"<p>BOSAL-ORIS S\u00e4hk\u00f6sarja, Vetokoukku 010-178  VW,AUDI,MAZDA,TRANSPORTER IV Bus 70XB, 70XC, 7DB, 7DW,SHARAN 7M8, 7M9, 7M6,TRANSPORTER IV Kasten 70XA<\/p>\n","protected":false},"featured_media":0,"template":"","meta":{"site-sidebar-layout":"default","site-content-layout":"default","ast-global-header-display":"","ast-main-header-display":"","ast-hfb-above-header-display":"","ast-hfb-below-header-display":"","ast-hfb-mobile-header-display":"","site-post-title":"","ast-breadcrumbs-content":"","ast-featured-img":"","footer-sml-layout":"","theme-transparent-header-meta":"","adv-header-id-meta":"","stick-header-meta":"","header-above-stick-meta":"","header-main-stick-meta":"","header-below-stick-meta":""},"pwb-brand":[383],"product_cat":[37],"product_tag":[],"class_list":{"0":"post-16257","1":"product","2":"type-product","3":"status-publish","5":"pwb-brand-bosal-oris","6":"product_cat-muut-luokat","7":"desktop-align-left","8":"tablet-align-left","9":"mobile-align-left","11":"first","12":"instock","13":"product-type-external"},"brands":[{"id":383,"name":"BOSAL-ORIS","slug":"bosal-oris"}],"_links":{"self":[{"href":"https:\/\/www.autonvaraosahaku.fi\/index.php?rest_route=\/wp\/v2\/product\/16257","targetHints":{"allow":["GET"]}}],"collection":[{"href":"https:\/\/www.autonvaraosahaku.fi\/index.php?rest_route=\/wp\/v2\/product"}],"about":[{"href":"https:\/\/www.autonvaraosahaku.fi\/index.php?rest_route=\/wp\/v2\/types\/product"}],"wp:attachment":[{"href":"https:\/\/www.autonvaraosahaku.fi\/index.php?rest_route=%2Fwp%2Fv2%2Fmedia&parent=16257"}],"wp:term":[{"taxonomy":"pwb-brand","embeddable":true,"href":"https:\/\/www.autonvaraosahaku.fi\/index.php?rest_route=%2Fwp%2Fv2%2Fpwb-brand&post=16257"},{"taxonomy":"product_cat","embeddable":true,"href":"https:\/\/www.autonvaraosahaku.fi\/index.php?rest_route=%2Fwp%2Fv2%2Fproduct_cat&post=16257"},{"taxonomy":"product_tag","embeddable":true,"href":"https:\/\/www.autonvaraosahaku.fi\/index.php?rest_route=%2Fwp%2Fv2%2Fproduct_tag&post=16257"}],"curies":[{"name":"wp","href":"https:\/\/api.w.org\/{rel}","templated":true}]}}