{"id":16279,"date":"2021-02-21T14:26:49","date_gmt":"2021-02-21T14:26:49","guid":{"rendered":"https:\/\/www.autonvaraosahaku.fi\/?product=ridex-854s1593-iskunvaimennin"},"modified":"2021-02-21T14:26:49","modified_gmt":"2021-02-21T14:26:49","slug":"ridex-854s1593-iskunvaimennin","status":"publish","type":"product","link":"https:\/\/www.autonvaraosahaku.fi\/?product=ridex-854s1593-iskunvaimennin","title":{"rendered":"RIDEX 854S1593 Iskunvaimennin"},"content":{"rendered":"<p>Lukum\u00e4\u00e4r\u00e4 akselille: 1; Asennuspuoli: Etuakseli; Iskunvaimennin tyyppi: Kaasupaine; Iskunvaimennin malli: Joustintuki; Iskunvaimennusj\u00e4rjestelm\u00e4: Kaksiputki; Iskunvaimennin asennustapa: Tappi ylh\u00e4\u00e4ll\u00e4; Pituus 1 (mm): 521; Pituus 2 (mm): 367; L\u00e4pimitta [mm]: 52; Jousijalan l\u00e4pimitta [mm]: 22; Kierremitta: M12x1.5; Alustarakenne: f\u00fcr Fahrzeuge mit Standard Fahrwerk; BMW: 3 Touring E91,3 E90,3 Coupe E92,3 Cabriolet E93; 31306771177, 31306771178, 31306777093, 31306777094, 31316767321, 31316767322, 31316767323, 31316767324, 31316768211, 31316768212, 31316768219, 31316768220, 31316771177, 31316771178, 31316771723, 31316771724, 31316772917, 31316772918, 31316772921, 31316772922, 31316780075, 31316780076, 31316782329, 31316782330, 31316784973, 31316784974, 31316785589, 31316785590, 31316785593, 31316785594, 31316786001, 31316786002, 31316786005, 31316786006, 31316786009, 31316786010, 31316786013, 31316786014, 6767321, 6767322, 6767323, 6767324, 6768211, 6768212, 6768219, 6768220, 6771177, 6771178, 6771723, 6771724, 6772917, 6772918, 6772921, 6772922, 6777093, 6777094, 6780075, 6780076, 6782329, 6782330, 6784973, 6784974, 6785589, 6785590, 6785593, 6785594, 6786001, 6786002, 6786005, 6786006, 6786009, 6786010, 6786013, 6786014; Iskarit,Iskunvaimennin<\/p>\n","protected":false},"excerpt":{"rendered":"<p>RIDEX Iskunvaimentimet 854S1593 Iskarit,Iskunvaimennin BMW,3 Touring E91,3 E90,3 Coupe E92,3 Cabriolet E93<\/p>\n","protected":false},"featured_media":0,"template":"","meta":{"site-sidebar-layout":"default","site-content-layout":"default","ast-global-header-display":"","ast-main-header-display":"","ast-hfb-above-header-display":"","ast-hfb-below-header-display":"","ast-hfb-mobile-header-display":"","site-post-title":"","ast-breadcrumbs-content":"","ast-featured-img":"","footer-sml-layout":"","theme-transparent-header-meta":"","adv-header-id-meta":"","stick-header-meta":"","header-above-stick-meta":"","header-main-stick-meta":"","header-below-stick-meta":""},"pwb-brand":[157],"product_cat":[80],"product_tag":[],"class_list":{"0":"post-16279","1":"product","2":"type-product","3":"status-publish","5":"pwb-brand-ridex","6":"product_cat-iskunvaimennin","7":"desktop-align-left","8":"tablet-align-left","9":"mobile-align-left","11":"first","12":"instock","13":"product-type-external"},"brands":[{"id":157,"name":"RIDEX","slug":"ridex"}],"_links":{"self":[{"href":"https:\/\/www.autonvaraosahaku.fi\/index.php?rest_route=\/wp\/v2\/product\/16279","targetHints":{"allow":["GET"]}}],"collection":[{"href":"https:\/\/www.autonvaraosahaku.fi\/index.php?rest_route=\/wp\/v2\/product"}],"about":[{"href":"https:\/\/www.autonvaraosahaku.fi\/index.php?rest_route=\/wp\/v2\/types\/product"}],"wp:attachment":[{"href":"https:\/\/www.autonvaraosahaku.fi\/index.php?rest_route=%2Fwp%2Fv2%2Fmedia&parent=16279"}],"wp:term":[{"taxonomy":"pwb-brand","embeddable":true,"href":"https:\/\/www.autonvaraosahaku.fi\/index.php?rest_route=%2Fwp%2Fv2%2Fpwb-brand&post=16279"},{"taxonomy":"product_cat","embeddable":true,"href":"https:\/\/www.autonvaraosahaku.fi\/index.php?rest_route=%2Fwp%2Fv2%2Fproduct_cat&post=16279"},{"taxonomy":"product_tag","embeddable":true,"href":"https:\/\/www.autonvaraosahaku.fi\/index.php?rest_route=%2Fwp%2Fv2%2Fproduct_tag&post=16279"}],"curies":[{"name":"wp","href":"https:\/\/api.w.org\/{rel}","templated":true}]}}