{"id":16285,"date":"2021-02-21T14:26:49","date_gmt":"2021-02-21T14:26:49","guid":{"rendered":"https:\/\/www.autonvaraosahaku.fi\/?product=ridex-298w0247-pyyhkijansulat"},"modified":"2021-02-21T14:26:50","modified_gmt":"2021-02-21T14:26:50","slug":"ridex-298w0247-pyyhkijansulat","status":"publish","type":"product","link":"https:\/\/www.autonvaraosahaku.fi\/?product=ridex-298w0247-pyyhkijansulat","title":{"rendered":"RIDEX 298W0247 Pyyhkij\u00e4nsulat"},"content":{"rendered":"<p>Asennuspuoli: Edess\u00e4; M\u00e4\u00e4r\u00e4yksikk\u00f6: Sarja; Pituus 1 (mm): 650; Pituus 2 (mm): 500; Pyyhkij\u00e4nsulkatyyppi: Flatblade-pyyhinsulka (rungoton), Rungottomat; Vasen \/ oikea liikenne: Ohjaus vasemmalla; Valmistusvuoteen: 12\/2017; LEXUS: GX URJ15_; HONDA: CR-Z ZF1; LAND ROVER: DISCOVERY SPORT LC; HYUNDAI: H-1 Kasten,H-1 \/ STAREX,H-1 Pritsche\/Fahrgestell; CHRYSLER: GRAND VOYAGER V RT; LANCIA: VOYAGER Gro\u00dfraumlimousine RT,THESIS 841AX,ZETA 220; TOYOTA: LAND CRUISER 150 KDJ15_, GRJ15_,PROACE Kasten\/Kombi; FIAT: SCUDO 270_,SCUDO Kasten 270_,ULYSSE 220,SCUDO Kasten 220L,SCUDO Combinato 220P,SCUDO Pritsche\/Fahrgestell 270_,SCUDO Pritsche\/Fahrgestell 220_; CITRO\u00cbN: JUMPY,JUMPY Kasten,EVASION 22, U6,JUMPY U6U,JUMPY Kasten BS_, BT_, BY_, BZ_,JUMPY Pritsche\/Fahrgestell BU_, BV_, BW_, BX_,JUMPY Pritsche\/Fahrgestell; PEUGEOT: 406 Coupe 8C,806 221,EXPERT Tepee VF3V_,EXPERT Kasten VF3A_, VF3U_, VF3X_,EXPERT Kasten 222,EXPERT 224,EXPERT Pritsche\/Fahrgestell 223,EXPERT Pritsche\/Fahrgestell; Tuulilasinpyyhkimet,Pyyhkij\u00e4t,Pyyhkij\u00e4nsulka<\/p>\n","protected":false},"excerpt":{"rendered":"<p>RIDEX Pyyhkij\u00e4nsulat 298W0247 Tuulilasinpyyhkimet,Pyyhkij\u00e4t LEXUS,HONDA,LAND ROVER,GX URJ15_,CR-Z ZF1,DISCOVERY SPORT LC,H-1 Kasten,H-1 \/ STAREX<\/p>\n","protected":false},"featured_media":0,"template":"","meta":{"site-sidebar-layout":"default","site-content-layout":"default","ast-global-header-display":"","ast-main-header-display":"","ast-hfb-above-header-display":"","ast-hfb-below-header-display":"","ast-hfb-mobile-header-display":"","site-post-title":"","ast-breadcrumbs-content":"","ast-featured-img":"","footer-sml-layout":"","theme-transparent-header-meta":"","adv-header-id-meta":"","stick-header-meta":"","header-above-stick-meta":"","header-main-stick-meta":"","header-below-stick-meta":""},"pwb-brand":[157],"product_cat":[33],"product_tag":[],"class_list":{"0":"post-16285","1":"product","2":"type-product","3":"status-publish","5":"pwb-brand-ridex","6":"product_cat-pyyhkijansulat","7":"desktop-align-left","8":"tablet-align-left","9":"mobile-align-left","11":"first","12":"instock","13":"product-type-external"},"brands":[{"id":157,"name":"RIDEX","slug":"ridex"}],"_links":{"self":[{"href":"https:\/\/www.autonvaraosahaku.fi\/index.php?rest_route=\/wp\/v2\/product\/16285","targetHints":{"allow":["GET"]}}],"collection":[{"href":"https:\/\/www.autonvaraosahaku.fi\/index.php?rest_route=\/wp\/v2\/product"}],"about":[{"href":"https:\/\/www.autonvaraosahaku.fi\/index.php?rest_route=\/wp\/v2\/types\/product"}],"wp:attachment":[{"href":"https:\/\/www.autonvaraosahaku.fi\/index.php?rest_route=%2Fwp%2Fv2%2Fmedia&parent=16285"}],"wp:term":[{"taxonomy":"pwb-brand","embeddable":true,"href":"https:\/\/www.autonvaraosahaku.fi\/index.php?rest_route=%2Fwp%2Fv2%2Fpwb-brand&post=16285"},{"taxonomy":"product_cat","embeddable":true,"href":"https:\/\/www.autonvaraosahaku.fi\/index.php?rest_route=%2Fwp%2Fv2%2Fproduct_cat&post=16285"},{"taxonomy":"product_tag","embeddable":true,"href":"https:\/\/www.autonvaraosahaku.fi\/index.php?rest_route=%2Fwp%2Fv2%2Fproduct_tag&post=16285"}],"curies":[{"name":"wp","href":"https:\/\/api.w.org\/{rel}","templated":true}]}}