{"id":16290,"date":"2021-02-21T14:26:49","date_gmt":"2021-02-21T14:26:49","guid":{"rendered":"https:\/\/www.autonvaraosahaku.fi\/?product=ridex-3886v0003-huohotin"},"modified":"2021-02-21T14:26:51","modified_gmt":"2021-02-21T14:26:51","slug":"ridex-3886v0003-huohotin","status":"publish","type":"product","link":"https:\/\/www.autonvaraosahaku.fi\/?product=ridex-3886v0003-huohotin","title":{"rendered":"RIDEX 3886V0003 Huohotin"},"content":{"rendered":"<p>Paino [kg]: 0,04; K\u00e4ytt\u00f6: paineohjattu; Suositeltu vaihtov\u00e4li [vuotta]: 3; Korkeus (mm): 54; Suositeltu vaihtov\u00e4li [km]: 60000; Kotelomateriaali: Polyamidi 6.6; Venttiilimalli: Ilmanpoistoventtiili, Kalvonventtiili; Asennuspuoli: Sylinterikansi; Pituus (mm): 80; Leveys (mm): 64; Materiaali tiiviste: FPM (fluori-kumi)\/APM (polyakryyli-kumi); TECDOC-moottorinumero: 13949; VW: GOLF IV 1J1,PASSAT Variant 3B6,BORA 1J2,PASSAT 3B3,BORA Kombi 1J6; AUDI: A3 8L1,A4 8D2, B5,A4 Avant 8ED, B7,A4 Avant 8E5, B6,A6 Avant 4B5, C5,A4 Avant 8D5, B5,A4 8E2, B6,A6 4B2, C5,A4 Cabriolet 8H7, B6, 8HE, B7,A4 8EC, B7,TT 8N3,TT Roadster 8N9; SKODA: OCTAVIA Combi 1U5,OCTAVIA 1U2,SUPERB 3U4; SEAT: LEON 1M1,EXEO ST 3R5,EXEO 3R2; Venttiili, Kampikammiotuuletus<\/p>\n","protected":false},"excerpt":{"rendered":"<p>RIDEX Huohotin 3886V0003 Venttiili, Kampikammiotuuletus VW,AUDI,SKODA,GOLF IV 1J1,PASSAT Variant 3B6,BORA 1J2,PASSAT 3B3,BORA Kombi 1J6,A3 8L1<\/p>\n","protected":false},"featured_media":0,"template":"","meta":{"site-sidebar-layout":"default","site-content-layout":"default","ast-global-header-display":"","ast-main-header-display":"","ast-hfb-above-header-display":"","ast-hfb-below-header-display":"","ast-hfb-mobile-header-display":"","site-post-title":"","ast-breadcrumbs-content":"","ast-featured-img":"","footer-sml-layout":"","theme-transparent-header-meta":"","adv-header-id-meta":"","stick-header-meta":"","header-above-stick-meta":"","header-main-stick-meta":"","header-below-stick-meta":""},"pwb-brand":[157],"product_cat":[125],"product_tag":[],"class_list":{"0":"post-16290","1":"product","2":"type-product","3":"status-publish","5":"pwb-brand-ridex","6":"product_cat-huohotin","7":"desktop-align-left","8":"tablet-align-left","9":"mobile-align-left","11":"first","12":"instock","13":"product-type-external"},"brands":[{"id":157,"name":"RIDEX","slug":"ridex"}],"_links":{"self":[{"href":"https:\/\/www.autonvaraosahaku.fi\/index.php?rest_route=\/wp\/v2\/product\/16290","targetHints":{"allow":["GET"]}}],"collection":[{"href":"https:\/\/www.autonvaraosahaku.fi\/index.php?rest_route=\/wp\/v2\/product"}],"about":[{"href":"https:\/\/www.autonvaraosahaku.fi\/index.php?rest_route=\/wp\/v2\/types\/product"}],"wp:attachment":[{"href":"https:\/\/www.autonvaraosahaku.fi\/index.php?rest_route=%2Fwp%2Fv2%2Fmedia&parent=16290"}],"wp:term":[{"taxonomy":"pwb-brand","embeddable":true,"href":"https:\/\/www.autonvaraosahaku.fi\/index.php?rest_route=%2Fwp%2Fv2%2Fpwb-brand&post=16290"},{"taxonomy":"product_cat","embeddable":true,"href":"https:\/\/www.autonvaraosahaku.fi\/index.php?rest_route=%2Fwp%2Fv2%2Fproduct_cat&post=16290"},{"taxonomy":"product_tag","embeddable":true,"href":"https:\/\/www.autonvaraosahaku.fi\/index.php?rest_route=%2Fwp%2Fv2%2Fproduct_tag&post=16290"}],"curies":[{"name":"wp","href":"https:\/\/api.w.org\/{rel}","templated":true}]}}