{"id":16292,"date":"2021-02-21T14:26:49","date_gmt":"2021-02-21T14:26:49","guid":{"rendered":"https:\/\/www.autonvaraosahaku.fi\/?product=mannol-mn8207-4-automaattivaihteistooljy"},"modified":"2021-02-21T14:26:51","modified_gmt":"2021-02-21T14:26:51","slug":"mannol-mn8207-4-automaattivaihteistooljy","status":"publish","type":"product","link":"https:\/\/www.autonvaraosahaku.fi\/?product=mannol-mn8207-4-automaattivaihteistooljy","title":{"rendered":"MANNOL MN8207-4 Automaattivaihteisto\u00f6ljy"},"content":{"rendered":"<p>Tilavuus (litra): 4; Tuotelinja: DEXRON VI; Pakkaustyyppi: Kanisteri; Erittely: JASO 1A, ALLISON C4; Valmistajan hyv\u00e4ksym\u00e4: GM DEXRON VI, FORD Mercon LV, TOYOTA Type WS, HYUNDAI SP-IV, NISSAN Matic S, CHRYSLER ATF +4, SHELL M-1375.4, MB 236.14; Vaihteistonumero: 6T40\/6T45 6\/1; MERCEDES-BENZ: C-CLASS W203,E-CLASS W211,C-CLASS W204,C-CLASS T-Model S204,C-CLASS T-Model S203,C-CLASS W202,E-CLASS T-Model S211,SLK R170,E-CLASS W210,E-CLASS W212,VIANO W639,M-CLASS W164,C-CLASS Coupe CL203,E-CLASS T-Model S212,GLK-CLASS X204,E-CLASS Kombi S210,VITO Bus W639,SLK R171,SL R129,CLK C209,C-CLASS Kombi S202,S-CLASS W220,VITO \/ MIXTO Kasten W639,SPRINTER 3,5-t Kasten 906,S-CLASS W221,CLS C219,SL R230,R-CLASS W251, V251,G-CLASS W463,E-CLASS Coupe C207,CLK Cabriolet A209,S-CLASS W140,C-CLASS Coupe C204,SPRINTER 3-t Kasten 903,SPRINTER 3,5-t Bus 906,SPRINTER 3-t Kasten 906,E-CLASS Cabriolet A207,CLC-CLASS CL203,GL-CLASS X164,SPRINTER 3-t Bus 903,CLS C218,SPRINTER 3,5-t Pritsche\/Fahrgestell 906,SPRINTER 3-t Pritsche\/Fahrgestell 903,S-CLASS Coupe C215,S-CLASS Coupe C216,SPRINTER 3-t Bus 906,SPRINTER 5-t Kasten 906,S-CLASS Coupe C140,SPRINTER 5-t Pritsche\/Fahrgestell 906,G-CLASS Cabrio W463,SPRINTER 3-t Pritsche\/Fahrgestell 906,SPRINTER 4,6-t Pritsche\/Fahrgestell 906; BMW: 3 Touring E91,3 E90,1 E87,X3 E83,X1 E84,1 E81,3 Coupe E92,3 Cabriolet E93,1 Cabriolet E88,1 Coupe E82,X6 E71, E72; OPEL: ASTRA J Sports Tourer,INSIGNIA Caravan,ASTRA J,ZAFIRA TOURER C P12,MOKKA,ANTARA,INSIGNIA,INSIGNIA Stufenheck,ASTRA GTC J,ASTRA J Stufenheck,CASCADA W13,AMPERA; FORD: FIESTA VI,RANGER TKE,KUGA II DM2,TRANSIT CONNECT Kasten,TRANSIT CONNECT Kombi; HYUNDAI: ix35 LM, EL, ELH,i40 CW VF,SANTA F\u00c9 II CM,i30 GD,i30 CW GD,SONATA V NF,SANTA F\u00c9 III DM,i30 Coupe,VELOSTER FS,i40 VF,GRAND SANTA F\u00c9,ELANTRA Stufenheck MD, UD; KIA: SPORTAGE SL,SORENTO II XM,CEE&#8217;D JD,CARNIVAL \/ GRAND CARNIVAL III VQ,CEE`D Sportswagon JD,CARENS IV,SOUL AM,PRO CEE\u00b4D JD,OPTIMA,SOUL II PS; VOLVO: F7,FE,FH,FH16,FL II,FL III,FM,N10,N7; CHEVROLET: CAPTIVA C100, C140,ORLANDO J309,CRUZE J300,CRUZE Station Wagon J308,AVEO Schr\u00e4gheck T300,EPICA KL1_,CRUZE Schr\u00e4gheck J305,CAMARO GMX511,TRAX,CORVETTE C6,AVEO Stufenheck T300,MALIBU V300,CAMARO Convertible GMX511,CORVETTE Convertible C6,VOLT,AVALANCHE,SILVERADO 1500; IVECO: EUROCARGO I-III,STRALIS; JEEP: COMPASS MK49,PATRIOT MK74; ATF4, MerconLV, SPIV, 23614, MaticS, TypeWS<\/p>\n","protected":false},"excerpt":{"rendered":"<p>MANNOL Automaattivaihteisto\u00f6ljy MN8207-4  MERCEDES-BENZ,BMW,OPEL,C-CLASS W203,E-CLASS W211,C-CLASS W204,C-CLASS T-Model S204,C-CLASS T-Model S203<\/p>\n","protected":false},"featured_media":0,"template":"","meta":{"site-sidebar-layout":"default","site-content-layout":"default","ast-global-header-display":"","ast-main-header-display":"","ast-hfb-above-header-display":"","ast-hfb-below-header-display":"","ast-hfb-mobile-header-display":"","site-post-title":"","ast-breadcrumbs-content":"","ast-featured-img":"","footer-sml-layout":"","theme-transparent-header-meta":"","adv-header-id-meta":"","stick-header-meta":"","header-above-stick-meta":"","header-main-stick-meta":"","header-below-stick-meta":""},"pwb-brand":[167],"product_cat":[143],"product_tag":[],"class_list":{"0":"post-16292","1":"product","2":"type-product","3":"status-publish","5":"pwb-brand-mannol","6":"product_cat-automaattivaihteistooljy","7":"desktop-align-left","8":"tablet-align-left","9":"mobile-align-left","11":"first","12":"instock","13":"product-type-external"},"brands":[{"id":167,"name":"MANNOL","slug":"mannol"}],"_links":{"self":[{"href":"https:\/\/www.autonvaraosahaku.fi\/index.php?rest_route=\/wp\/v2\/product\/16292","targetHints":{"allow":["GET"]}}],"collection":[{"href":"https:\/\/www.autonvaraosahaku.fi\/index.php?rest_route=\/wp\/v2\/product"}],"about":[{"href":"https:\/\/www.autonvaraosahaku.fi\/index.php?rest_route=\/wp\/v2\/types\/product"}],"wp:attachment":[{"href":"https:\/\/www.autonvaraosahaku.fi\/index.php?rest_route=%2Fwp%2Fv2%2Fmedia&parent=16292"}],"wp:term":[{"taxonomy":"pwb-brand","embeddable":true,"href":"https:\/\/www.autonvaraosahaku.fi\/index.php?rest_route=%2Fwp%2Fv2%2Fpwb-brand&post=16292"},{"taxonomy":"product_cat","embeddable":true,"href":"https:\/\/www.autonvaraosahaku.fi\/index.php?rest_route=%2Fwp%2Fv2%2Fproduct_cat&post=16292"},{"taxonomy":"product_tag","embeddable":true,"href":"https:\/\/www.autonvaraosahaku.fi\/index.php?rest_route=%2Fwp%2Fv2%2Fproduct_tag&post=16292"}],"curies":[{"name":"wp","href":"https:\/\/api.w.org\/{rel}","templated":true}]}}