{"id":16314,"date":"2021-02-21T14:26:53","date_gmt":"2021-02-21T14:26:53","guid":{"rendered":"https:\/\/www.autonvaraosahaku.fi\/?product=mannol-mn7701-1-moottorioljy"},"modified":"2021-02-21T14:26:55","modified_gmt":"2021-02-21T14:26:55","slug":"mannol-mn7701-1-moottorioljy","status":"publish","type":"product","link":"https:\/\/www.autonvaraosahaku.fi\/?product=mannol-mn7701-1-moottorioljy","title":{"rendered":"MANNOL MN7701-1 Moottori\u00f6ljy"},"content":{"rendered":"<p>Viskositeettiluokka SAE: 5W-30; Erittely: ACEA C2, API SN, ACEA C3, API SM, API CF; Valmistajan hyv\u00e4ksym\u00e4: dexos2, GM Dexos2; Tilavuus (litra): 1; \u00d6ljy: T\u00e4ysisynteetinen \u00f6ljy; API-m\u00e4\u00e4rittely: CF, SM, ilman sis\u00e4\u00e4nrakennettua \u00f6ljyl\u00e4mp\u00f6tilan sensoria; ACEA-m\u00e4\u00e4rittely: C2, C3; OPEL: CORSA D,CORSA C F08, F68,ZAFIRA B A05,ASTRA H Caravan L35,MERIVA,ZAFIRA A F75_,ASTRA G CC F48_, F08_,ASTRA H L48,ASTRA J Sports Tourer,ASTRA G Caravan F35_,INSIGNIA Caravan,VECTRA C Caravan,ASTRA J,ASTRA H GTC L08,MERIVA B,SIGNUM,VECTRA C,AGILA A H00,ZAFIRA TOURER C P12,VECTRA B 36_,MOKKA,ADAM,VECTRA C GTS,ANTARA,TIGRA TwinTop,VECTRA B Caravan 31_,ASTRA H TwinTop L67,VIVARO Kasten F7,INSIGNIA,ASTRA G Cabriolet F67,INSIGNIA Stufenheck,ASTRA G Coupe F07_,COMBO Kasten\/Kombi,ASTRA G Stufenheck F69_,VIVARO Combi J7,ZAFIRA B Van,ASTRA GTC J,VECTRA B CC 38_,COMBO Tour,AGILA B H08,ASTRA J Stufenheck,MOVANO Kasten F9,CORSA D Van,GT Cabriolet,CASCADA W13,CORSA C Kasten F08, W5L,ASTRA H Stufenheck L69,COMBO Kasten\/Kombi X12,ASTRA H Kasten L70,MOVANO B Kasten,COMBO Tour X12,MOVANO B Bus,MOVANO Combi J9,AMPERA,VIVARO Pritsche\/Fahrgestell E7,ASTRA G Kasten F70,MOVANO Pritsche\/Fahrgestell U9, E9,CORSA E,MOVANO B Pritsche\/Fahrgestell,MOVANO Kipper H9,ASTRA K,VIVARO; FIAT: PANDA 169,500 312,PUNTO EVO 199,PANDA 312,LINEA 323,DOBLO Pritsche\/Fahrgestell 263,TIPO Schr\u00e4gheck 356_,PANDA VAN 312,TIPO Kombi 356_,TIPO Stufenheck 356_,FULLBACK Pick-up 502_, 503_; TOYOTA: YARIS SCP9_, NSP9_, KSP9_, NCP9_, ZSP9_,AVENSIS Kombi T25,COROLLA Verso ZER_, ZZE12_, R1_,AYGO WNB1_, KGB1_,AURIS NRE15_, ZZE15_, ADE15_, ZRE15_, NDE15_,RAV 4 III ACA3_, ACE_, ALA3_, GSA3_, ZSA3_,RAV 4 II CLA2_, XA2_, ZCA2_, ACA2_,COROLLA ZZE12_, NDE12_, ZDE12_,AVENSIS Station Wagon ZRT27, ADT27,VERSO _AUR2_, _ZGR2_,AVENSIS T25_,YARIS VERSO _NLP2_, _NCP2_,YARIS NHP13_, NSP13_, NCP13_, KSP13_, NLP13_,AURIS NZE18_, ZRE18_,COROLLA Kombi _E12J_, _E12T_,AVENSIS Stufenheck T25,AVENSIS _T22_,COROLLA Liftback _E11_,AURIS TOURING SPORTS ADE18_, ZWE18_, ZRE18_,IQ KPJ1_, NGJ1_, KGJ1_, NUJ1_,COROLLA Compact _E11_,AVENSIS Station Wagon _T22_,COROLLA Verso ZDE12_, CDE12_,PRIUS ZVW3_,GT 86 Coupe ZN6_,AVENSIS Stufenheck ZRT27, ADT27,RAV 4 IV ZSA4_, ALA4_,PREVIA MCR3_, ACR3_, CLR3_,LAND CRUISER KDJ12_, GRJ12_,HILUX III Pick-up TGN1_, GGN2_, GGN1_, KUN2_, KUN1_,VERSO S NLP12_, NCP12_, NSP12_,COROLLA Stufenheck _E12J_, _E12T_,AVENSIS Liftback _T22_,PRIUS PLUS ZVW4_,COROLLA _E11_,URBAN CRUISER ; HYUNDAI: ix35 LM, EL, ELH,i30 FD,i10 PA,i20 PB, PBT,TUCSON JM,i30 CW FD,i40 CW VF,SANTA F\u00c9 II CM,i30 GD,ix20 JC,i30 CW GD,COUPE GK,H-1 Travel TQ,TRAJET FO,SONATA V NF,ix55,SANTA F\u00c9 III DM,i30 Coupe,SONATA IV EF,GENESIS Coupe,COUPE RD,i40 VF,H-1 Cargo TQ,ELANTRA XD,ELANTRA Stufenheck XD,LANTRA II Wagon J-2,GRAND SANTA F\u00c9,LANTRA II J-2,SONATA III Y-3,TUCSON,i10 IA,i20 GB,SONATA II Y-2,H350 Bus,H350 Kasten,i20 ACTIVE GB,i20 Coupe,i10 Stufenheck; CITRO\u00cbN: JUMPY U6U; NISSAN: X-TRAIL T30,NOTE E11,NAVARA D40,JUKE F15,PATHFINDER R51,X-TRAIL T31,MICRA IV K13,PIXO UA0,NAVARA Pritsche\/Fahrgestell D40,TIIDA Schr\u00e4gheck,PRIMASTAR Bus X83,PRIMASTAR Kasten X83,INTERSTAR Kasten X70,TIIDA Stufenheck SC11X,KUBISTAR X76,KUBISTAR Kasten X80,INTERSTAR Bus X70,INTERSTAR Pritsche\/Fahrgestell; MAZDA: CX-5 KE, GH,3 BL,5 CW,3 BM,6 Kombi GJ, GH,6 Stufenheck GJ, GH,3 Stufenheck BL,3 Stufenheck BM,CX-9 TB,2 DL, DJ,CX-3 DK; KIA: PICANTO BA,SPORTAGE SL,CEE&#8217;D SW ED,CEE&#8217;D Schr\u00e4gheck ED,SPORTAGE JE_, KM_,VENGA YN,SORENTO II XM,RIO III UB,RIO II JB,CEE&#8217;D JD,CARENS III UN,CARNIVAL \/ GRAND CARNIVAL III VQ,PICANTO TA,CEE`D Sportswagon JD,PRO CEE&#8217;D ED,CARENS IV,SOUL AM,MAGENTIS MG,PRO CEE\u00b4D JD,RIO II Stufenheck JB,OPTIMA,SPORTAGE QL,CERATO II Stufenheck TD,SORENTO III,SOUL II PS,OPTIMA Sportswagon,STINGER CK,RIO IV YB,PICANTO JA,STONIC YB; HONDA: CIVIC VIII Hatchback FN, FK,CR-V III RE,CR-V II RD_,CR-V IV RE,ACCORD VIII CU,CIVIC IX FK,ACCORD VIII Kombi,CIVIC IX Tourer FK,HR-V RU; VOLVO: FM12<\/p>\n","protected":false},"excerpt":{"rendered":"<p>MANNOL Moottori\u00f6ljy MN7701-1<\/p>\n","protected":false},"featured_media":0,"template":"","meta":{"site-sidebar-layout":"default","site-content-layout":"default","ast-global-header-display":"","ast-main-header-display":"","ast-hfb-above-header-display":"","ast-hfb-below-header-display":"","ast-hfb-mobile-header-display":"","site-post-title":"","ast-breadcrumbs-content":"","ast-featured-img":"","footer-sml-layout":"","theme-transparent-header-meta":"","adv-header-id-meta":"","stick-header-meta":"","header-above-stick-meta":"","header-main-stick-meta":"","header-below-stick-meta":""},"pwb-brand":[167],"product_cat":[129],"product_tag":[],"class_list":{"0":"post-16314","1":"product","2":"type-product","3":"status-publish","5":"pwb-brand-mannol","6":"product_cat-moottorioljy","7":"desktop-align-left","8":"tablet-align-left","9":"mobile-align-left","11":"first","12":"instock","13":"product-type-external"},"brands":[{"id":167,"name":"MANNOL","slug":"mannol"}],"_links":{"self":[{"href":"https:\/\/www.autonvaraosahaku.fi\/index.php?rest_route=\/wp\/v2\/product\/16314","targetHints":{"allow":["GET"]}}],"collection":[{"href":"https:\/\/www.autonvaraosahaku.fi\/index.php?rest_route=\/wp\/v2\/product"}],"about":[{"href":"https:\/\/www.autonvaraosahaku.fi\/index.php?rest_route=\/wp\/v2\/types\/product"}],"wp:attachment":[{"href":"https:\/\/www.autonvaraosahaku.fi\/index.php?rest_route=%2Fwp%2Fv2%2Fmedia&parent=16314"}],"wp:term":[{"taxonomy":"pwb-brand","embeddable":true,"href":"https:\/\/www.autonvaraosahaku.fi\/index.php?rest_route=%2Fwp%2Fv2%2Fpwb-brand&post=16314"},{"taxonomy":"product_cat","embeddable":true,"href":"https:\/\/www.autonvaraosahaku.fi\/index.php?rest_route=%2Fwp%2Fv2%2Fproduct_cat&post=16314"},{"taxonomy":"product_tag","embeddable":true,"href":"https:\/\/www.autonvaraosahaku.fi\/index.php?rest_route=%2Fwp%2Fv2%2Fproduct_tag&post=16314"}],"curies":[{"name":"wp","href":"https:\/\/api.w.org\/{rel}","templated":true}]}}