{"id":16319,"date":"2021-02-21T14:26:57","date_gmt":"2021-02-21T14:26:57","guid":{"rendered":"https:\/\/www.autonvaraosahaku.fi\/?product=ridex-2254s0025-abs-keha"},"modified":"2021-02-21T14:26:57","modified_gmt":"2021-02-21T14:26:57","slug":"ridex-2254s0025-abs-keha","status":"publish","type":"product","link":"https:\/\/www.autonvaraosahaku.fi\/?product=ridex-2254s0025-abs-keha","title":{"rendered":"RIDEX 2254S0025 ABS keh\u00e4"},"content":{"rendered":"<p>Asennuspuoli: Taka-akseli, molemminpuolinen, Hinterachse beidseitig; Hammasluku, ABS-keh\u00e4: 96; Ulkol\u00e4pimitta [mm]: 81,6; Sis\u00e4l\u00e4pimitta 1 [mm]: 77,8; Leveys (mm): 8,2; PEUGEOT: 207 WA_, WC_,307 SW 3H,207 CC WD_,307 CC 3B,407 SW 6E_,307 3A\/C,207 SW WK_,308 SW,208,308 4A_, 4C_,5008,307 Break 3E,508 SW,407 6D_,3008,PARTNER Tepee,RCZ,308 CC,2008,508,407 Coupe 6C_,PARTNER Kasten,207 Stufenheck,207 Van,PARTNER Pritsche\/Fahrgestell; CITRO\u00cbN: BERLINGO B9,C5 III Break TD_,C4 Picasso I UD_,C4 Grand Picasso I UA_,C4 I LC_,DS3,C3 Picasso,C5 III RD_,C3 II,C4 II B7,BERLINGO Kasten B9,C6 TD_,DS4,DS3 Cabriolet,BERLINGO Pritsche\/Fahrgestell B9,C4 CACTUS; 454919, 454923, 454919, 454923; ABS Hammaskeh\u00e4,ABS Rengas,Anturirengas, ABS<\/p>\n","protected":false},"excerpt":{"rendered":"<p>RIDEX ABS Keh\u00e4 2254S0025 ABS Hammaskeh\u00e4,ABS Rengas PEUGEOT,CITRO\u00cbN,207 WA_, WC_,307 SW 3H,207 CC WD_,307 CC 3B,407 SW 6E_,307 3A\/C,207 SW WK_,308 SW<\/p>\n","protected":false},"featured_media":0,"template":"","meta":{"site-sidebar-layout":"default","site-content-layout":"default","ast-global-header-display":"","ast-main-header-display":"","ast-hfb-above-header-display":"","ast-hfb-below-header-display":"","ast-hfb-mobile-header-display":"","site-post-title":"","ast-breadcrumbs-content":"","ast-featured-img":"","footer-sml-layout":"","theme-transparent-header-meta":"","adv-header-id-meta":"","stick-header-meta":"","header-above-stick-meta":"","header-main-stick-meta":"","header-below-stick-meta":""},"pwb-brand":[157],"product_cat":[273],"product_tag":[],"class_list":{"0":"post-16319","1":"product","2":"type-product","3":"status-publish","5":"pwb-brand-ridex","6":"product_cat-abs-keha","7":"desktop-align-left","8":"tablet-align-left","9":"mobile-align-left","11":"first","12":"instock","13":"product-type-external"},"brands":[{"id":157,"name":"RIDEX","slug":"ridex"}],"_links":{"self":[{"href":"https:\/\/www.autonvaraosahaku.fi\/index.php?rest_route=\/wp\/v2\/product\/16319","targetHints":{"allow":["GET"]}}],"collection":[{"href":"https:\/\/www.autonvaraosahaku.fi\/index.php?rest_route=\/wp\/v2\/product"}],"about":[{"href":"https:\/\/www.autonvaraosahaku.fi\/index.php?rest_route=\/wp\/v2\/types\/product"}],"wp:attachment":[{"href":"https:\/\/www.autonvaraosahaku.fi\/index.php?rest_route=%2Fwp%2Fv2%2Fmedia&parent=16319"}],"wp:term":[{"taxonomy":"pwb-brand","embeddable":true,"href":"https:\/\/www.autonvaraosahaku.fi\/index.php?rest_route=%2Fwp%2Fv2%2Fpwb-brand&post=16319"},{"taxonomy":"product_cat","embeddable":true,"href":"https:\/\/www.autonvaraosahaku.fi\/index.php?rest_route=%2Fwp%2Fv2%2Fproduct_cat&post=16319"},{"taxonomy":"product_tag","embeddable":true,"href":"https:\/\/www.autonvaraosahaku.fi\/index.php?rest_route=%2Fwp%2Fv2%2Fproduct_tag&post=16319"}],"curies":[{"name":"wp","href":"https:\/\/api.w.org\/{rel}","templated":true}]}}