{"id":16337,"date":"2021-02-21T14:26:57","date_gmt":"2021-02-21T14:26:57","guid":{"rendered":"https:\/\/www.autonvaraosahaku.fi\/?product=ridex-2073c0002-muut-luokat"},"modified":"2021-02-21T14:26:59","modified_gmt":"2021-02-21T14:26:59","slug":"ridex-2073c0002-muut-luokat","status":"publish","type":"product","link":"https:\/\/www.autonvaraosahaku.fi\/?product=ridex-2073c0002-muut-luokat","title":{"rendered":"RIDEX 2073C0002 Muut luokat"},"content":{"rendered":"<p>K\u00e4ytt\u00f6: S\u00e4hk\u00f6inen; Venttiilimalli: Magneettiventtiili; Varusteet: Autoihin ilman autom. ilmastointia; MAZDA: 121 III JASM, JBSM; FORD: FIESTA IV JA_, JB_,KA RB_,STREET KA RL2,TRANSIT Kasten FA_ _,TRANSIT Bus FD_ _, FB_ _, FS_ _, FZ_ _, FC_ _,PUMA EC_,TRANSIT Pritsche\/Fahrgestell FM_ _, FN_ _,TRANSIT  MK-5 Bus E_ _,TRANSIT MK-5 Pritsche\/Fahrgestell E_ _,TRANSIT MK-5 Kasten E_ _,FIESTA Kasten J5_, J3_,FIESTA Kasten JV_; 1003929, 1014585, 1047752, 1085638, 1419882, 1451981, 1454023, 1714716, 4041960, 7N2118495AB, 7N2118495AC, 96FW18495BA, 96FW18495BB, 96FW18495BC, 96FW18495BD, 98FU18495AA, 98FU18495AB, 98FU18495AC, 98FW18495BC, 98FW18495BD, YC1H18495AA, 1E0076734, 1E0076734A<\/p>\n","protected":false},"excerpt":{"rendered":"<p>RIDEX J\u00e4\u00e4hdytysnesteen S\u00e4\u00e4t\u00f6venttiili 2073C0002  MAZDA,FORD,121 III JASM, JBSM,FIESTA IV JA_, JB_,KA RB_,STREET KA RL2,TRANSIT Kasten FA_ _<\/p>\n","protected":false},"featured_media":0,"template":"","meta":{"site-sidebar-layout":"default","site-content-layout":"default","ast-global-header-display":"","ast-main-header-display":"","ast-hfb-above-header-display":"","ast-hfb-below-header-display":"","ast-hfb-mobile-header-display":"","site-post-title":"","ast-breadcrumbs-content":"","ast-featured-img":"","footer-sml-layout":"","theme-transparent-header-meta":"","adv-header-id-meta":"","stick-header-meta":"","header-above-stick-meta":"","header-main-stick-meta":"","header-below-stick-meta":""},"pwb-brand":[157],"product_cat":[37],"product_tag":[],"class_list":{"0":"post-16337","1":"product","2":"type-product","3":"status-publish","5":"pwb-brand-ridex","6":"product_cat-muut-luokat","7":"desktop-align-left","8":"tablet-align-left","9":"mobile-align-left","11":"first","12":"instock","13":"product-type-external"},"brands":[{"id":157,"name":"RIDEX","slug":"ridex"}],"_links":{"self":[{"href":"https:\/\/www.autonvaraosahaku.fi\/index.php?rest_route=\/wp\/v2\/product\/16337","targetHints":{"allow":["GET"]}}],"collection":[{"href":"https:\/\/www.autonvaraosahaku.fi\/index.php?rest_route=\/wp\/v2\/product"}],"about":[{"href":"https:\/\/www.autonvaraosahaku.fi\/index.php?rest_route=\/wp\/v2\/types\/product"}],"wp:attachment":[{"href":"https:\/\/www.autonvaraosahaku.fi\/index.php?rest_route=%2Fwp%2Fv2%2Fmedia&parent=16337"}],"wp:term":[{"taxonomy":"pwb-brand","embeddable":true,"href":"https:\/\/www.autonvaraosahaku.fi\/index.php?rest_route=%2Fwp%2Fv2%2Fpwb-brand&post=16337"},{"taxonomy":"product_cat","embeddable":true,"href":"https:\/\/www.autonvaraosahaku.fi\/index.php?rest_route=%2Fwp%2Fv2%2Fproduct_cat&post=16337"},{"taxonomy":"product_tag","embeddable":true,"href":"https:\/\/www.autonvaraosahaku.fi\/index.php?rest_route=%2Fwp%2Fv2%2Fproduct_tag&post=16337"}],"curies":[{"name":"wp","href":"https:\/\/api.w.org\/{rel}","templated":true}]}}