{"id":16342,"date":"2021-02-21T14:27:01","date_gmt":"2021-02-21T14:27:01","guid":{"rendered":"https:\/\/www.autonvaraosahaku.fi\/?product=ridex-9f0243-polttoainesuodatin"},"modified":"2021-02-21T14:27:01","modified_gmt":"2021-02-21T14:27:01","slug":"ridex-9f0243-polttoainesuodatin","status":"publish","type":"product","link":"https:\/\/www.autonvaraosahaku.fi\/?product=ridex-9f0243-polttoainesuodatin","title":{"rendered":"RIDEX 9F0243 Polttoainesuodatin"},"content":{"rendered":"<p>Ulkol\u00e4pimitta [mm]: 52; Kierre sis\u00e4\u00e4ntulo: 8; Kierre ulostulo: 8; Korkeus (mm): 174; Suodatintyyppi: Letkusuodatin; Paino [kg]: 0,125; Valmistusvuoteen: 03\/2015; FORD USA: EXPLORER U2; JAGUAR: S-TYPE CCX,XF _J05_, CC9; FORD: FOCUS II Kombi DA_,FOCUS Kombi DNW,FOCUS II DA_,FOCUS DAW, DBW,FOCUS III Turnier,C-MAX DM2,FOCUS III,C-MAX II,GRAND C-MAX,FOCUS Stufenheck DFW,TRANSIT CONNECT P65_, P70_, P80_,FOCUS II Stufenheck DA_,FOCUS II Cabriolet,TOURNEO CONNECT,FOCUS III Stufenheck; LINCOLN: LS; 1465018, 3964918, F89E9155AA, F89Z9155A, 1465018, 3964918, C2Z7738, XR81775, ZZP113470, ZZP113480<\/p>\n","protected":false},"excerpt":{"rendered":"<p>RIDEX Polttoainesuodatin JP GROUP 9F0243  FORD USA,JAGUAR,FORD,EXPLORER U2,S-TYPE CCX,XF _J05_, CC9,FOCUS II Kombi DA_,FOCUS Kombi DNW,FOCUS II DA_<\/p>\n","protected":false},"featured_media":0,"template":"","meta":{"site-sidebar-layout":"default","site-content-layout":"default","ast-global-header-display":"","ast-main-header-display":"","ast-hfb-above-header-display":"","ast-hfb-below-header-display":"","ast-hfb-mobile-header-display":"","site-post-title":"","ast-breadcrumbs-content":"","ast-featured-img":"","footer-sml-layout":"","theme-transparent-header-meta":"","adv-header-id-meta":"","stick-header-meta":"","header-above-stick-meta":"","header-main-stick-meta":"","header-below-stick-meta":""},"pwb-brand":[157],"product_cat":[29],"product_tag":[],"class_list":{"0":"post-16342","1":"product","2":"type-product","3":"status-publish","5":"pwb-brand-ridex","6":"product_cat-polttoainesuodatin","7":"desktop-align-left","8":"tablet-align-left","9":"mobile-align-left","11":"first","12":"instock","13":"product-type-external"},"brands":[{"id":157,"name":"RIDEX","slug":"ridex"}],"_links":{"self":[{"href":"https:\/\/www.autonvaraosahaku.fi\/index.php?rest_route=\/wp\/v2\/product\/16342","targetHints":{"allow":["GET"]}}],"collection":[{"href":"https:\/\/www.autonvaraosahaku.fi\/index.php?rest_route=\/wp\/v2\/product"}],"about":[{"href":"https:\/\/www.autonvaraosahaku.fi\/index.php?rest_route=\/wp\/v2\/types\/product"}],"wp:attachment":[{"href":"https:\/\/www.autonvaraosahaku.fi\/index.php?rest_route=%2Fwp%2Fv2%2Fmedia&parent=16342"}],"wp:term":[{"taxonomy":"pwb-brand","embeddable":true,"href":"https:\/\/www.autonvaraosahaku.fi\/index.php?rest_route=%2Fwp%2Fv2%2Fpwb-brand&post=16342"},{"taxonomy":"product_cat","embeddable":true,"href":"https:\/\/www.autonvaraosahaku.fi\/index.php?rest_route=%2Fwp%2Fv2%2Fproduct_cat&post=16342"},{"taxonomy":"product_tag","embeddable":true,"href":"https:\/\/www.autonvaraosahaku.fi\/index.php?rest_route=%2Fwp%2Fv2%2Fproduct_tag&post=16342"}],"curies":[{"name":"wp","href":"https:\/\/api.w.org\/{rel}","templated":true}]}}