{"id":16343,"date":"2021-02-21T14:27:01","date_gmt":"2021-02-21T14:27:01","guid":{"rendered":"https:\/\/www.autonvaraosahaku.fi\/?product=ridex-9f0232-polttoainesuodatin"},"modified":"2021-02-21T14:27:02","modified_gmt":"2021-02-21T14:27:02","slug":"ridex-9f0232-polttoainesuodatin","status":"publish","type":"product","link":"https:\/\/www.autonvaraosahaku.fi\/?product=ridex-9f0232-polttoainesuodatin","title":{"rendered":"RIDEX 9F0232 Polttoainesuodatin"},"content":{"rendered":"<p>Ulkol\u00e4pimitta [mm]: 82; Sis\u00e4l\u00e4pimitta 1 [mm]: 62; Sis\u00e4l\u00e4pimitta 2 [mm]: 69; Kierremitta: M 16 X 1.5; Kierre 1: M 12; Korkeus (mm): 150; Valmistusvuoteen: 08\/2006; JEEP: CHEROKEE KJ; IVECO: DAILY IV Kasten\/Kombi,DAILY III Pritsche\/Fahrgestell,DAILY III Kasten\/Kombi,DAILY IV Pritsche\/Fahrgestell,MASSIF Station Wagon,DAILY IV Bus,MASSIF Single Cab,MASSIF Pick-up,DAILY III Bus; KIA: SORENTO I JC,PICANTO BA,SPORTAGE SL,CEE&#8217;D SW ED,CEE&#8217;D Schr\u00e4gheck ED,SPORTAGE JE_, KM_,CARENS II FJ,RIO III UB,RIO II JB,CEE&#8217;D JD,CARENS III UN,CARNIVAL \/ GRAND CARNIVAL III VQ,CEE`D Sportswagon JD,PRO CEE&#8217;D ED,SOUL AM,CERATO LD,MAGENTIS MG,PRO CEE\u00b4D JD,CERATO Stufenheck LD,RIO II Stufenheck JB,SOUL II PS; HYUNDAI: ix35 LM, EL, ELH,i30 FD,GETZ TB,i10 PA,i20 PB, PBT,TUCSON JM,i30 CW FD,SANTA F\u00c9 I SM,SANTA F\u00c9 II CM,MATRIX FC,H-1 Travel TQ,SONATA V NF,ACCENT II LC,H-1 Kasten,H-1 Cargo TQ,ACCENT III MC,H-1 \/ STAREX,ACCENT III Stufenheck MC,ACCENT II Stufenheck LC,ELANTRA Stufenheck HD,ACCENT IV Stufenheck RB; LANCIA: THESIS 841AX,LYBRA SW 839BX,LYBRA 839AX; FIAT: PUNTO 188,STILO 192,DUCATO Pritsche\/Fahrgestell 230,DUCATO Bus 230,DUCATO Kasten 244,DOBLO Cargo 223,STILO Multi Wagon 192,DOBLO 119,DUCATO Pritsche\/Fahrgestell 244,DUCATO Kasten 230L,DUCATO Bus 244, Z_,STRADA Pick-up 178E,MULTIPLA 186,PUNTO Van 188AX,BRAVO I 182,BRAVA 182,MAREA Weekend 185,PALIO Weekend 178DX,MAREA 185; CITRO\u00cbN: JUMPER Kasten 244,JUMPER Kasten 230L,JUMPER Bus 244, Z_,JUMPER Bus 230P,JUMPER Pritsche\/Fahrgestell 244,JUMPER Pritsche\/Fahrgestell 230; ALFA ROMEO: 147 937,156 Sportwagon 932,156 932,GT 937,166 936; PEUGEOT: BOXER Kasten 230L,BOXER Kasten 244,BOXER Bus 230P,BOXER Bus 244, Z_,BOXER Pritsche\/Fahrgestell ZCT_,BOXER Pritsche\/Fahrgestell 244; LDV: MAXUS Bus,MAXUS Kasten,MAXUS Pritsche\/Fahrgestell; 52129238AA, K52129238AA, 190667, 190694, 1906C2, 1906C3, 1337724080, 46797378, 46807036, 46823390, 60816460, 77362258, 77362338, 9949267, 3192226910, 319222E900, 319222EA00, 319223A810, 319223A850, 319223E200, 319224H000, 319224H001, 319224H900, 2992300, 504018807, 504071913, 0K2KB13480, 0K2KK13483, 0K2KK13483A, 0K55212603A, 313003E200, 3192226910, 319222E900, 319224H001, K2KK13483, 527990001, 190666, 190667, 190693, 1906C2, 1906C3<\/p>\n","protected":false},"excerpt":{"rendered":"<p>RIDEX Polttoainesuodatin 9F0232  JEEP,IVECO,KIA,CHEROKEE KJ,DAILY IV Kasten\/Kombi,DAILY III Pritsche\/Fahrgestell,DAILY III Kasten\/Kombi<\/p>\n","protected":false},"featured_media":0,"template":"","meta":{"site-sidebar-layout":"default","site-content-layout":"default","ast-global-header-display":"","ast-main-header-display":"","ast-hfb-above-header-display":"","ast-hfb-below-header-display":"","ast-hfb-mobile-header-display":"","site-post-title":"","ast-breadcrumbs-content":"","ast-featured-img":"","footer-sml-layout":"","theme-transparent-header-meta":"","adv-header-id-meta":"","stick-header-meta":"","header-above-stick-meta":"","header-main-stick-meta":"","header-below-stick-meta":""},"pwb-brand":[157],"product_cat":[29],"product_tag":[],"class_list":{"0":"post-16343","1":"product","2":"type-product","3":"status-publish","5":"pwb-brand-ridex","6":"product_cat-polttoainesuodatin","7":"desktop-align-left","8":"tablet-align-left","9":"mobile-align-left","11":"first","12":"instock","13":"product-type-external"},"brands":[{"id":157,"name":"RIDEX","slug":"ridex"}],"_links":{"self":[{"href":"https:\/\/www.autonvaraosahaku.fi\/index.php?rest_route=\/wp\/v2\/product\/16343","targetHints":{"allow":["GET"]}}],"collection":[{"href":"https:\/\/www.autonvaraosahaku.fi\/index.php?rest_route=\/wp\/v2\/product"}],"about":[{"href":"https:\/\/www.autonvaraosahaku.fi\/index.php?rest_route=\/wp\/v2\/types\/product"}],"wp:attachment":[{"href":"https:\/\/www.autonvaraosahaku.fi\/index.php?rest_route=%2Fwp%2Fv2%2Fmedia&parent=16343"}],"wp:term":[{"taxonomy":"pwb-brand","embeddable":true,"href":"https:\/\/www.autonvaraosahaku.fi\/index.php?rest_route=%2Fwp%2Fv2%2Fpwb-brand&post=16343"},{"taxonomy":"product_cat","embeddable":true,"href":"https:\/\/www.autonvaraosahaku.fi\/index.php?rest_route=%2Fwp%2Fv2%2Fproduct_cat&post=16343"},{"taxonomy":"product_tag","embeddable":true,"href":"https:\/\/www.autonvaraosahaku.fi\/index.php?rest_route=%2Fwp%2Fv2%2Fproduct_tag&post=16343"}],"curies":[{"name":"wp","href":"https:\/\/api.w.org\/{rel}","templated":true}]}}