{"id":16356,"date":"2021-02-21T14:27:01","date_gmt":"2021-02-21T14:27:01","guid":{"rendered":"https:\/\/www.autonvaraosahaku.fi\/?product=esen-skv-29skv016-pyoranlaakerit"},"modified":"2021-02-21T14:27:03","modified_gmt":"2021-02-21T14:27:03","slug":"esen-skv-29skv016-pyoranlaakerit","status":"publish","type":"product","link":"https:\/\/www.autonvaraosahaku.fi\/?product=esen-skv-29skv016-pyoranlaakerit","title":{"rendered":"ESEN SKV 29SKV016 Py\u00f6r\u00e4nlaakerit"},"content":{"rendered":"<p>Asennuspuoli: Edess\u00e4; Paino [kg]: 2,50; Hammasluku, ABS-keh\u00e4: 96; Sis\u00e4l\u00e4pimitta [mm]: 37; Ulkol\u00e4pimitta [mm]: 139; Reikien m\u00e4\u00e4r\u00e4: 5; Jarru-\/ajodynamiikka: Autoihin, joissa ABS, Autoihin, joissa ABS; Valmistusvuosi alkaen: 07\/1993; BMW: 3 E46,3 Touring E46,3 Compact E46,3 Coupe E46,3 Compact E36,3 E36,3 Cabriolet E46,3 Coupe E36,Z3 E36,Z4 E85,5 E34,3 Cabriolet E36,3 Touring E36,7 E32,8 E31,5 Touring E34,5 E28,3 Touring E30,Z3 Coupe E36,Z4 Coupe E86; 1139345, 31221139345, 31221468926, 31226757024, 6757024; Py\u00f6r\u00e4nlaakerisarja<\/p>\n","protected":false},"excerpt":{"rendered":"<p>ESEN SKV Py\u00f6r\u00e4nlaakerit 29SKV016 Py\u00f6r\u00e4nlaakerisarja BMW,3 E46,3 Touring E46,3 Compact E46,3 Coupe E46,3 Compact E36,3 E36,3 Cabriolet E46,3 Coupe E36<\/p>\n","protected":false},"featured_media":0,"template":"","meta":{"site-sidebar-layout":"default","site-content-layout":"default","ast-global-header-display":"","ast-main-header-display":"","ast-hfb-above-header-display":"","ast-hfb-below-header-display":"","ast-hfb-mobile-header-display":"","site-post-title":"","ast-breadcrumbs-content":"","ast-featured-img":"","footer-sml-layout":"","theme-transparent-header-meta":"","adv-header-id-meta":"","stick-header-meta":"","header-above-stick-meta":"","header-main-stick-meta":"","header-below-stick-meta":""},"pwb-brand":[384],"product_cat":[83],"product_tag":[],"class_list":{"0":"post-16356","1":"product","2":"type-product","3":"status-publish","5":"pwb-brand-esen-skv","6":"product_cat-pyoranlaakerit","7":"desktop-align-left","8":"tablet-align-left","9":"mobile-align-left","11":"first","12":"instock","13":"product-type-external"},"brands":[{"id":384,"name":"ESEN SKV","slug":"esen-skv"}],"_links":{"self":[{"href":"https:\/\/www.autonvaraosahaku.fi\/index.php?rest_route=\/wp\/v2\/product\/16356","targetHints":{"allow":["GET"]}}],"collection":[{"href":"https:\/\/www.autonvaraosahaku.fi\/index.php?rest_route=\/wp\/v2\/product"}],"about":[{"href":"https:\/\/www.autonvaraosahaku.fi\/index.php?rest_route=\/wp\/v2\/types\/product"}],"wp:attachment":[{"href":"https:\/\/www.autonvaraosahaku.fi\/index.php?rest_route=%2Fwp%2Fv2%2Fmedia&parent=16356"}],"wp:term":[{"taxonomy":"pwb-brand","embeddable":true,"href":"https:\/\/www.autonvaraosahaku.fi\/index.php?rest_route=%2Fwp%2Fv2%2Fpwb-brand&post=16356"},{"taxonomy":"product_cat","embeddable":true,"href":"https:\/\/www.autonvaraosahaku.fi\/index.php?rest_route=%2Fwp%2Fv2%2Fproduct_cat&post=16356"},{"taxonomy":"product_tag","embeddable":true,"href":"https:\/\/www.autonvaraosahaku.fi\/index.php?rest_route=%2Fwp%2Fv2%2Fproduct_tag&post=16356"}],"curies":[{"name":"wp","href":"https:\/\/api.w.org\/{rel}","templated":true}]}}