{"id":16370,"date":"2021-02-21T14:27:05","date_gmt":"2021-02-21T14:27:05","guid":{"rendered":"https:\/\/www.autonvaraosahaku.fi\/?product=arnott-a-2780-muut-luokat"},"modified":"2021-02-21T14:27:06","modified_gmt":"2021-02-21T14:27:06","slug":"arnott-a-2780-muut-luokat","status":"publish","type":"product","link":"https:\/\/www.autonvaraosahaku.fi\/?product=arnott-a-2780-muut-luokat","title":{"rendered":"Arnott A-2780 Muut luokat"},"content":{"rendered":"<p>Jousitusmalli: Ajoneuvoihin, joissa ilmajousitus; Jousimalli: Ilmajousi; Varusteet: Autoihin, joissa tasons\u00e4\u00e4t\u00f6; Asennuspuoli: Takana; Pakkauspituus [cm]: 27; Pakkausleveys [cm]: 17; Pakkauskorkeus [mm]: 17; Paino [kg]: 1,3; Nettopaino [kg]: 1,1; valmistusmaa: Alankomaat; Iskunvaimennin asennustapa: Silta ylh\u00e4\u00e4ll\u00e4, Tappi alhaalla; BMW: 5 Touring F11,5 Gran Turismo F07; 37106781827, 37106781828, 37106781843, 37106781844, 37106784378, 37106784379, 37106784380, 37106784381<\/p>\n","protected":false},"excerpt":{"rendered":"<p>Arnott Ilmajousi, Jousitus A-2780  BMW,5 Touring F11,5 Gran Turismo F07<\/p>\n","protected":false},"featured_media":0,"template":"","meta":{"site-sidebar-layout":"default","site-content-layout":"default","ast-global-header-display":"","ast-main-header-display":"","ast-hfb-above-header-display":"","ast-hfb-below-header-display":"","ast-hfb-mobile-header-display":"","site-post-title":"","ast-breadcrumbs-content":"","ast-featured-img":"","footer-sml-layout":"","theme-transparent-header-meta":"","adv-header-id-meta":"","stick-header-meta":"","header-above-stick-meta":"","header-main-stick-meta":"","header-below-stick-meta":""},"pwb-brand":[401],"product_cat":[37],"product_tag":[],"class_list":{"0":"post-16370","1":"product","2":"type-product","3":"status-publish","5":"pwb-brand-arnott","6":"product_cat-muut-luokat","7":"desktop-align-left","8":"tablet-align-left","9":"mobile-align-left","11":"first","12":"instock","13":"product-type-external"},"brands":[{"id":401,"name":"Arnott","slug":"arnott"}],"_links":{"self":[{"href":"https:\/\/www.autonvaraosahaku.fi\/index.php?rest_route=\/wp\/v2\/product\/16370","targetHints":{"allow":["GET"]}}],"collection":[{"href":"https:\/\/www.autonvaraosahaku.fi\/index.php?rest_route=\/wp\/v2\/product"}],"about":[{"href":"https:\/\/www.autonvaraosahaku.fi\/index.php?rest_route=\/wp\/v2\/types\/product"}],"wp:attachment":[{"href":"https:\/\/www.autonvaraosahaku.fi\/index.php?rest_route=%2Fwp%2Fv2%2Fmedia&parent=16370"}],"wp:term":[{"taxonomy":"pwb-brand","embeddable":true,"href":"https:\/\/www.autonvaraosahaku.fi\/index.php?rest_route=%2Fwp%2Fv2%2Fpwb-brand&post=16370"},{"taxonomy":"product_cat","embeddable":true,"href":"https:\/\/www.autonvaraosahaku.fi\/index.php?rest_route=%2Fwp%2Fv2%2Fproduct_cat&post=16370"},{"taxonomy":"product_tag","embeddable":true,"href":"https:\/\/www.autonvaraosahaku.fi\/index.php?rest_route=%2Fwp%2Fv2%2Fproduct_tag&post=16370"}],"curies":[{"name":"wp","href":"https:\/\/api.w.org\/{rel}","templated":true}]}}