{"id":16377,"date":"2021-02-21T14:27:05","date_gmt":"2021-02-21T14:27:05","guid":{"rendered":"https:\/\/www.autonvaraosahaku.fi\/?product=alanko-10900036-turboahdin"},"modified":"2021-02-21T14:27:07","modified_gmt":"2021-02-21T14:27:07","slug":"alanko-10900036-turboahdin","status":"publish","type":"product","link":"https:\/\/www.autonvaraosahaku.fi\/?product=alanko-10900036-turboahdin","title":{"rendered":"ALANKO 10900036 Turboahdin"},"content":{"rendered":"<p>Ahtotapa: Pakokaasuahdin; Huomioi tekniset tiedot: ; Lis\u00e4tarvike\/lis\u00e4tieto: sis. tiivistesarjan; M\u00e4\u00e4r\u00e4yksikk\u00f6: Kappale; Uusi osa: ; MAZDA: 3 BK,3 Stufenheck BK; VOLVO: V50 MW,V70 III BW,C30,S40 II MS,S80 II AS; MINI: MINI R56,MINI CLUBMAN R55; FORD: FIESTA V JH_, JD_,FOCUS II Kombi DA_,FIESTA VI,FOCUS II DA_,FOCUS C-MAX,FUSION JU_,C-MAX DM2,FOCUS II Stufenheck DA_; FIAT: SCUDO 270_,SCUDO Kasten 270_,ELBA 146_; CITRO\u00cbN: BERLINGO MF,XSARA PICASSO N68,C2 JM_,C3 I FC_,BERLINGO B9,C5 III Break TD_,C4 Picasso I UD_,C4 Grand Picasso I UA_,C4 I LC_,BERLINGO Kasten M_,C5 II Break RE_,C3 Picasso,C5 III RD_,C3 II,C4 Coupe LA_,C5 II RC_,JUMPY,BERLINGO Kasten B9,JUMPY Kasten,C4 Stufenheck L; PEUGEOT: 206 Schr\u00e4gheck 2A\/C,206 CC 2D,207 WA_, WC_,307 SW 3H,207 CC WD_,407 SW 6E_,307 3A\/C,207 SW WK_,308 SW,206 SW 2E\/K,308 4A_, 4C_,5008,307 Break 3E,407 6D_,3008,PARTNER Tepee,308 CC,1007 KM_,PARTNER Combispace 5F,PARTNER Kasten 5,EXPERT Tepee VF3V_,EXPERT Kasten VF3A_, VF3U_, VF3X_,PARTNER Kasten,EXPERT Pritsche\/Fahrgestell; 11657804903, 7804903, 0375J3, 0375J6, 0375J8, 0375N1, 0375N9, 36002480, 9650764480, 9651839880, 9654128780, 9656125880, 9657248680, 9657571880, 9660641380, 9663199280, 1231096, 1254337, 1319614, 1340133, 1355027, 1373584, 1441253, 1465162, 1479055, 1479840, 3M5Q6K682AA, 3M5Q6K682AB, 3M5Q6K682AC, 3M5Q6K682AE, 3M5Q6K682AF, 3M5Q6K682AG, 3M5Q6K682AH, 3M5Q6K682AJ, 3M5Q6K682AK, Y60113700G, Y60113700, Y60113700A, Y60113700B, Y60113700C, Y60113700D, Y60113700E, Y60113700F, Y60113700G, 11657804903, 11657804906, 7804903, 0375J3, 0375J6, 0375J8, 0375N1, 0375N9, 037969, 9650764480, 9651839880, 9654128780, 9656125880, 9657248680, 9657571880, 9660641380, 9663199280, 31259242<\/p>\n","protected":false},"excerpt":{"rendered":"<p>ALANKO Turboahdin 10900036  MAZDA,VOLVO,MINI,3 BK,3 Stufenheck BK,V50 MW,V70 III BW,C30,S40 II MS,S80 II AS,MINI R56,MINI CLUBMAN R55<\/p>\n","protected":false},"featured_media":0,"template":"","meta":{"site-sidebar-layout":"default","site-content-layout":"default","ast-global-header-display":"","ast-main-header-display":"","ast-hfb-above-header-display":"","ast-hfb-below-header-display":"","ast-hfb-mobile-header-display":"","site-post-title":"","ast-breadcrumbs-content":"","ast-featured-img":"","footer-sml-layout":"","theme-transparent-header-meta":"","adv-header-id-meta":"","stick-header-meta":"","header-above-stick-meta":"","header-main-stick-meta":"","header-below-stick-meta":""},"pwb-brand":[324],"product_cat":[250],"product_tag":[],"class_list":{"0":"post-16377","1":"product","2":"type-product","3":"status-publish","5":"pwb-brand-alanko","6":"product_cat-turboahdin","7":"desktop-align-left","8":"tablet-align-left","9":"mobile-align-left","11":"first","12":"instock","13":"product-type-external"},"brands":[{"id":324,"name":"ALANKO","slug":"alanko"}],"_links":{"self":[{"href":"https:\/\/www.autonvaraosahaku.fi\/index.php?rest_route=\/wp\/v2\/product\/16377","targetHints":{"allow":["GET"]}}],"collection":[{"href":"https:\/\/www.autonvaraosahaku.fi\/index.php?rest_route=\/wp\/v2\/product"}],"about":[{"href":"https:\/\/www.autonvaraosahaku.fi\/index.php?rest_route=\/wp\/v2\/types\/product"}],"wp:attachment":[{"href":"https:\/\/www.autonvaraosahaku.fi\/index.php?rest_route=%2Fwp%2Fv2%2Fmedia&parent=16377"}],"wp:term":[{"taxonomy":"pwb-brand","embeddable":true,"href":"https:\/\/www.autonvaraosahaku.fi\/index.php?rest_route=%2Fwp%2Fv2%2Fpwb-brand&post=16377"},{"taxonomy":"product_cat","embeddable":true,"href":"https:\/\/www.autonvaraosahaku.fi\/index.php?rest_route=%2Fwp%2Fv2%2Fproduct_cat&post=16377"},{"taxonomy":"product_tag","embeddable":true,"href":"https:\/\/www.autonvaraosahaku.fi\/index.php?rest_route=%2Fwp%2Fv2%2Fproduct_tag&post=16377"}],"curies":[{"name":"wp","href":"https:\/\/api.w.org\/{rel}","templated":true}]}}