{"id":16387,"date":"2021-02-21T14:27:08","date_gmt":"2021-02-21T14:27:08","guid":{"rendered":"https:\/\/www.autonvaraosahaku.fi\/?product=maxgear-28-0369-paisuntasailion-korkki"},"modified":"2021-02-21T14:27:09","modified_gmt":"2021-02-21T14:27:09","slug":"maxgear-28-0369-paisuntasailion-korkki","status":"publish","type":"product","link":"https:\/\/www.autonvaraosahaku.fi\/?product=maxgear-28-0369-paisuntasailion-korkki","title":{"rendered":"MAXGEAR 28-0369 Paisuntas\u00e4ili\u00f6n korkki"},"content":{"rendered":"<p>Avauspaine (bar): 0,9; Tarvittava kappalem\u00e4\u00e4r\u00e4: 1; Paino [kg]: 0,050; Moottorinumero: 4D56; VW: TARO; MAZDA: MX-5 I NA,323 P V BA,MX-3 EC,323 C IV BG,FAMILIA IV BF,FAMILIA V BA,FAMILIA V BG8,323 III Hatchback BF,MX-6 GE,626 III GD,FAMILIA IV BG,626 III Hatchback GD,626 III Coupe GD,E-SERIE Kasten SR2,626 III Station Wagon GV,626 II GC,626 II Hatchback GC,B-SERIE UF,323 III BF,323 III Station Wagon BW,121 I DA,929 II HB,626 II Coupe GC,B-SERIE Pritsche\/Fahrgestell UF,929 II Kombi HV; NISSAN: MICRA III K12,X-TRAIL T30,MICRA II K11,NOTE E11,ALMERA TINO V10,ALMERA II Hatchback N16,JUKE F15,X-TRAIL T31,PRIMERA P11,MICRA IV K13,PRIMERA Kombi WP12,PRIMERA P12,NV200 EVALIA,TERRANO II R20,PRIMERA Traveller WP11,350 Z Z33,PRIMERA Hatchback P11,MICRA C+C K12,MURANO Z50,PRIMERA Hatchback P12,PATROL GR II Wagon Y61,TIIDA Schr\u00e4gheck,NV200 Kasten,ALMERA I Hatchback N15,PICK UP D22,ALMERA Mk II N16,200 SX S13,370 Z Z34,ALMERA I N15,PICK UP D21,100 NX B13,SERENA C23M,200 SX S14,PATROL GR I Y60, GR,PRIMERA P10,350 Z Roadster Z33,MAXIMA QX A33,CUBE Z12,PATROL Station Wagon W260,TIIDA Stufenheck SC11X,SUNNY II Coupe B12,SKYLINE Coupe R33,370 Z Roadster Z34,SKYLINE Coupe R34,SUNNY III N14,PULSAR V Schr\u00e4gheck N14,SUNNY III Liftback N14,PRIMERA Hatchback P10,PRIMERA Traveller W10,SUNNY II Hatchback N13,SILVIA S12,BLUEBIRD T72 , T12,LAUREL JC32,SUNNY III Traveller Y10,SKYLINE Coupe R32,BLUEBIRD Hatchback T72, T12,MAXIMA II J30,SUNNY II N13,BLUEBIRD Station Wag; KIA: PICANTO BA,CARENS II FJ,RIO II JB,CARNIVAL II GQ,RIO Kombi DC,CERATO LD,SPORTAGE K00,CERATO Stufenheck LD,RIO II Stufenheck JB,RIO Stufenheck DC_,CARENS I FC,PRIDE DA,CLARUS K9A,CARNIVAL I UP,CLARUS Kombi GC,SEPHIA Stufenheck FA,PREGIO Kasten TB,SEPHIA FA,PRIDE Kombi,PREGIO Bus,K2500 SD,PRIDE Van DA; LEXUS: LS UCF20,LS UCF10; HONDA: CRX III EH, EG,CRX II ED, EE,CIVIC IV Hatchback EC, ED, EE,CONCERTO HW,CIVIC IV Stufenheck ED,CIVIC III Hatchback AL, AJ, AG, AH,CONCERTO Stufenheck HWW,CIVIC II Shuttle EE; HYUNDAI: GETZ TB,MATRIX FC,TERRACAN HP,H-1 Travel TQ,ATOS MX,GALLOPER II JK-01,ACCENT II LC,COUPE RD,H-1 Kasten,H-1 Cargo TQ,ACCENT III MC,H-1 \/ STAREX,ACCENT III Stufenheck MC,ACCENT I X-3,ACCENT II Stufenheck LC,LANTRA II Wagon J-2,LANTRA II J-2,SANTAMO,ACCENT Stufenheck X-3,SONATA III Y-3,PONY X-2,LANTRA I J-1,S COUPE SLC,H100 Bus P,H100 Kasten,PONY \/ EXCEL Stufenheck X-2,SONATA II Y-2,H100 Pick-up,H100 Pritsche\/Fahrgestell; DAIHATSU: FEROZA Soft Top F300,SPORTRAK F300,FOURTRAK F7, F8,CHARADE III G100, G101, G102,CUORE II L80, L81,CHARADE II G11, G30,CUORE I L55, L60,ROCKY Soft Top F7, F8,CHARADE I G10,HIJET Pick-up _U20,HIJET Kasten,CHARADE III Stufenheck G102; INFINITI: FX,EX; ROVER: CABRIOLET XW,200 Hatchback XW,200 Coupe XW,400 XW; 3EB0421130, 45113GA021, AY300S0900, PW820414, 1640187710, MB222066, 19045P36004, 19045PM3004, 19111KE1003, 2533002000, 2533017000, 253301G000, 2533033001, 2533033101, 2533036000, 8971465160, 0K20215205, 0K20215205A, 0K2C615205, 0K2C615205A, 0K2FA15205, 0K30A15205, 1640150070, 1640150071, D31615205, K81715205, N32115205, MB222066, MB222336, MB356417, MB605277, MB660701, MB660735, MB845036, MB890520, MB957124, MD605277, ME201828, ME293966, ME401395, ME418239, MR258647, MR431454, MR481217, MR481218, MR481252, 2143001F01, 2143001F02, 2143050A00, 2143050A01, 2143050A02, 2143079901, 2143095F0C, PW510892, 45113GA022, 00000A00013, 1792060B20, 1792060B21, 1792082020, 1792083101, 1792085C00, 164002300071, 1640154750, 1640163010, 1640164500, 1640164501, 1640171010, 1640176020, 1640176021, 1640178100; Korkki, Paisuntas\u00e4ili\u00f6<\/p>\n","protected":false},"excerpt":{"rendered":"<p>MAXGEAR Paisuntas\u00e4ili\u00f6n Korkki 28-0369 Korkki, Paisuntas\u00e4ili\u00f6 VW,MAZDA,NISSAN,TARO,MX-5 I NA,323 P V BA,MX-3 EC,323 C IV BG,FAMILIA IV BF,FAMILIA V BA<\/p>\n","protected":false},"featured_media":0,"template":"","meta":{"site-sidebar-layout":"default","site-content-layout":"default","ast-global-header-display":"","ast-main-header-display":"","ast-hfb-above-header-display":"","ast-hfb-below-header-display":"","ast-hfb-mobile-header-display":"","site-post-title":"","ast-breadcrumbs-content":"","ast-featured-img":"","footer-sml-layout":"","theme-transparent-header-meta":"","adv-header-id-meta":"","stick-header-meta":"","header-above-stick-meta":"","header-main-stick-meta":"","header-below-stick-meta":""},"pwb-brand":[48],"product_cat":[99],"product_tag":[],"class_list":{"0":"post-16387","1":"product","2":"type-product","3":"status-publish","5":"pwb-brand-maxgear","6":"product_cat-paisuntasailion-korkki","7":"desktop-align-left","8":"tablet-align-left","9":"mobile-align-left","11":"first","12":"instock","13":"product-type-external"},"brands":[{"id":48,"name":"MAXGEAR","slug":"maxgear"}],"_links":{"self":[{"href":"https:\/\/www.autonvaraosahaku.fi\/index.php?rest_route=\/wp\/v2\/product\/16387","targetHints":{"allow":["GET"]}}],"collection":[{"href":"https:\/\/www.autonvaraosahaku.fi\/index.php?rest_route=\/wp\/v2\/product"}],"about":[{"href":"https:\/\/www.autonvaraosahaku.fi\/index.php?rest_route=\/wp\/v2\/types\/product"}],"wp:attachment":[{"href":"https:\/\/www.autonvaraosahaku.fi\/index.php?rest_route=%2Fwp%2Fv2%2Fmedia&parent=16387"}],"wp:term":[{"taxonomy":"pwb-brand","embeddable":true,"href":"https:\/\/www.autonvaraosahaku.fi\/index.php?rest_route=%2Fwp%2Fv2%2Fpwb-brand&post=16387"},{"taxonomy":"product_cat","embeddable":true,"href":"https:\/\/www.autonvaraosahaku.fi\/index.php?rest_route=%2Fwp%2Fv2%2Fproduct_cat&post=16387"},{"taxonomy":"product_tag","embeddable":true,"href":"https:\/\/www.autonvaraosahaku.fi\/index.php?rest_route=%2Fwp%2Fv2%2Fproduct_tag&post=16387"}],"curies":[{"name":"wp","href":"https:\/\/api.w.org\/{rel}","templated":true}]}}