{"id":16388,"date":"2021-02-21T14:27:08","date_gmt":"2021-02-21T14:27:08","guid":{"rendered":"https:\/\/www.autonvaraosahaku.fi\/?product=maxgear-27-0520-jarrusatula-korjaussarja"},"modified":"2021-02-21T14:27:09","modified_gmt":"2021-02-21T14:27:09","slug":"maxgear-27-0520-jarrusatula-korjaussarja","status":"publish","type":"product","link":"https:\/\/www.autonvaraosahaku.fi\/?product=maxgear-27-0520-jarrusatula-korjaussarja","title":{"rendered":"MAXGEAR 27-0520 Jarrusatula korjaussarja"},"content":{"rendered":"<p>Asennuspuoli: Etuakseli; L\u00e4pimitta [mm]: 60; T\u00e4yssarja: ; Jarruj\u00e4rjestelm\u00e4: ATE; Jarrulevyl\u00e4pimitalle [mm]: 326; AUDI: A6 Avant 4F5, C6,A4 Avant 8ED, B7,A4 Avant 8E5, B6,A6 Avant 4B5, C5,A4 8E2, B6,A6 4F2, C6,A6 4B2, C5,A4 Cabriolet 8H7, B6, 8HE, B7,A4 8EC, B7,A8 4E_,A6 Allroad 4FH, C6,ALLROAD 4BH, C5; BMW: 5 E39,5 E60,5 Touring E61,5 Touring E39,5 Touring F11,5 F10, F18,X5 E70,7 F01, F02, F03, F04,5 Gran Turismo F07,X6 E71, E72,X5 F15, F85,6 Gran Coupe F06,6 Coupe F13,6 Cabriolet F12,X6 F16, F86; SEAT: EXEO ST 3R5,EXEO 3R2; LAND ROVER: FREELANDER 2 FA_,RANGE ROVER EVOQUE LV; VOLVO: V70 II SW,V70 I LV,S60 I,V70 III BW,S80 I TS, XY,V60,XC70 CROSS COUNTRY,XC70 II,S80 II AS,S60 II,S70 LS; SAAB: 9-3 YS3F,9-3 Kombi YS3F,9-3 Cabriolet YS3F; OPEL: VECTRA C Caravan,SIGNUM,VECTRA C,VECTRA C GTS,REKORD E 17_-19_, 11_, 14_, 16_; JAGUAR: XF _J05_, CC9,XJ X350, X358,XF SPORTBRAKE CC9,XK Coupe QQ6_, _J43_,XK Cabriolet _J43_; FORD: MONDEO IV Turnier BA7,S-MAX WA6,GALAXY WA6,MONDEO IV BA7,MONDEO IV Stufenheck BA7,MONDEO V Turnier,S-MAX,MONDEO V Stufenheck,GALAXY,MONDEO V Schr\u00e4gheck; CITRO\u00cbN: BERLINGO B9,C5 III Break TD_,C4 Picasso I UD_,C4 Grand Picasso I UA_,C5 III RD_,C4 II B7,BERLINGO Kasten B9,DS4,DS5,BERLINGO Pritsche\/Fahrgestell B9; Korjaussarja, Jarrusatula<\/p>\n","protected":false},"excerpt":{"rendered":"<p>MAXGEAR Jarrusatula Korjaussarja 27-0520 Korjaussarja, Jarrusatula AUDI,BMW,SEAT,A6 Avant 4F5, C6,A4 Avant 8ED, B7,A4 Avant 8E5, B6,A6 Avant 4B5, C5<\/p>\n","protected":false},"featured_media":0,"template":"","meta":{"site-sidebar-layout":"default","site-content-layout":"default","ast-global-header-display":"","ast-main-header-display":"","ast-hfb-above-header-display":"","ast-hfb-below-header-display":"","ast-hfb-mobile-header-display":"","site-post-title":"","ast-breadcrumbs-content":"","ast-featured-img":"","footer-sml-layout":"","theme-transparent-header-meta":"","adv-header-id-meta":"","stick-header-meta":"","header-above-stick-meta":"","header-main-stick-meta":"","header-below-stick-meta":""},"pwb-brand":[48],"product_cat":[57],"product_tag":[],"class_list":{"0":"post-16388","1":"product","2":"type-product","3":"status-publish","5":"pwb-brand-maxgear","6":"product_cat-jarrusatula-korjaussarja","7":"desktop-align-left","8":"tablet-align-left","9":"mobile-align-left","11":"first","12":"instock","13":"product-type-external"},"brands":[{"id":48,"name":"MAXGEAR","slug":"maxgear"}],"_links":{"self":[{"href":"https:\/\/www.autonvaraosahaku.fi\/index.php?rest_route=\/wp\/v2\/product\/16388","targetHints":{"allow":["GET"]}}],"collection":[{"href":"https:\/\/www.autonvaraosahaku.fi\/index.php?rest_route=\/wp\/v2\/product"}],"about":[{"href":"https:\/\/www.autonvaraosahaku.fi\/index.php?rest_route=\/wp\/v2\/types\/product"}],"wp:attachment":[{"href":"https:\/\/www.autonvaraosahaku.fi\/index.php?rest_route=%2Fwp%2Fv2%2Fmedia&parent=16388"}],"wp:term":[{"taxonomy":"pwb-brand","embeddable":true,"href":"https:\/\/www.autonvaraosahaku.fi\/index.php?rest_route=%2Fwp%2Fv2%2Fpwb-brand&post=16388"},{"taxonomy":"product_cat","embeddable":true,"href":"https:\/\/www.autonvaraosahaku.fi\/index.php?rest_route=%2Fwp%2Fv2%2Fproduct_cat&post=16388"},{"taxonomy":"product_tag","embeddable":true,"href":"https:\/\/www.autonvaraosahaku.fi\/index.php?rest_route=%2Fwp%2Fv2%2Fproduct_tag&post=16388"}],"curies":[{"name":"wp","href":"https:\/\/api.w.org\/{rel}","templated":true}]}}